{"id":41677,"date":"2025-10-15T12:14:44","date_gmt":"2025-10-15T10:14:44","guid":{"rendered":"https:\/\/zooprekes24.lt\/?post_type=product&#038;p=41677"},"modified":"2025-10-21T15:38:54","modified_gmt":"2025-10-21T13:38:54","slug":"real-dog-skanestai-sunims-odos-ritinys-su-vistiena-500g","status":"publish","type":"product","link":"https:\/\/zooprekes24.lt\/et\/produktas\/real-dog-skanestai-sunims-odos-ritinys-su-vistiena-500g\/","title":{"rendered":"Real Dog skan\u0117stai \u0161unims, odos ritinys su vi\u0161tiena, 500 g"},"content":{"rendered":"","protected":false},"excerpt":{"rendered":"","protected":false},"featured_media":41678,"comment_status":"closed","ping_status":"closed","template":"","meta":{"_acf_changed":false,"slim_seo":{"title":"Real Dog skan\u0117stai \u0161unims, odos ritinys su vi\u0161tiena, 500 g - Zooprekes24","description":""},"iawp_total_views":4},"product_brand":[],"product_cat":[9010,8999,30],"product_tag":[],"class_list":{"0":"post-41677","1":"product","2":"type-product","3":"status-publish","4":"has-post-thumbnail","6":"product_cat-naturalus-skanestai","7":"product_cat-sunims","8":"product_cat-sunu-skanestai","9":"pa_pasaro-sudetis-vistiena","10":"pa_prekiu-zenklai-real-dog","11":"pa_suns-amzius-jauniems","12":"pa_suns-amzius-senjorams","13":"pa_suns-amzius-suaugusiems","14":"pa_suns-amzius-visiems-amziams","15":"pa_veisles-dydis-didelems-veislems","16":"pa_veisles-dydis-mazoms-veislems","17":"pa_veisles-dydis-vidutinems-veislems","18":"pa_veisles-dydis-visu-dydziu-veislems","20":"first","21":"instock","22":"featured","23":"taxable","24":"shipping-taxable","25":"purchasable","26":"product-type-simple"},"acf":[],"_links":{"self":[{"href":"https:\/\/zooprekes24.lt\/et\/wp-json\/wp\/v2\/product\/41677","targetHints":{"allow":["GET"]}}],"collection":[{"href":"https:\/\/zooprekes24.lt\/et\/wp-json\/wp\/v2\/product"}],"about":[{"href":"https:\/\/zooprekes24.lt\/et\/wp-json\/wp\/v2\/types\/product"}],"replies":[{"embeddable":true,"href":"https:\/\/zooprekes24.lt\/et\/wp-json\/wp\/v2\/comments?post=41677"}],"wp:featuredmedia":[{"embeddable":true,"href":"https:\/\/zooprekes24.lt\/et\/wp-json\/wp\/v2\/media\/41678"}],"wp:attachment":[{"href":"https:\/\/zooprekes24.lt\/et\/wp-json\/wp\/v2\/media?parent=41677"}],"wp:term":[{"taxonomy":"product_brand","embeddable":true,"href":"https:\/\/zooprekes24.lt\/et\/wp-json\/wp\/v2\/product_brand?post=41677"},{"taxonomy":"product_cat","embeddable":true,"href":"https:\/\/zooprekes24.lt\/et\/wp-json\/wp\/v2\/product_cat?post=41677"},{"taxonomy":"product_tag","embeddable":true,"href":"https:\/\/zooprekes24.lt\/et\/wp-json\/wp\/v2\/product_tag?post=41677"}],"curies":[{"name":"wp","href":"https:\/\/api.w.org\/{rel}","templated":true}]}}