{"id":41656,"date":"2025-10-15T11:22:22","date_gmt":"2025-10-15T09:22:22","guid":{"rendered":"https:\/\/zooprekes24.lt\/?post_type=product&#038;p=41656"},"modified":"2025-10-21T15:29:13","modified_gmt":"2025-10-21T13:29:13","slug":"real-dog-skanestai-sunims-triusio-ausys-su-minksta-eriena-500g","status":"publish","type":"product","link":"https:\/\/zooprekes24.lt\/et\/produktas\/real-dog-skanestai-sunims-triusio-ausys-su-minksta-eriena-500g\/","title":{"rendered":"Real Dog koerte maiuspalad, k\u00fc\u00fclikuk\u00f5rvad pehme lambalihaga, 500 g"},"content":{"rendered":"","protected":false},"excerpt":{"rendered":"","protected":false},"featured_media":41657,"comment_status":"closed","ping_status":"closed","template":"","meta":{"_acf_changed":false,"slim_seo":{"title":"Real Dog skan\u0117stai \u0161unims, triu\u0161io ausys su mink\u0161ta \u0117riena, 500 g - Zooprekes24","description":""},"iawp_total_views":11},"product_brand":[],"product_cat":[9010,8999,30],"product_tag":[],"class_list":{"0":"post-41656","1":"product","2":"type-product","3":"status-publish","4":"has-post-thumbnail","6":"product_cat-naturalus-skanestai","7":"product_cat-sunims","8":"product_cat-sunu-skanestai","9":"pa_pasaro-sudetis-eriena","10":"pa_pasaro-sudetis-triusiena","11":"pa_prekiu-zenklai-real-dog","12":"pa_suns-amzius-jauniems","13":"pa_suns-amzius-senjorams","14":"pa_suns-amzius-suaugusiems","15":"pa_suns-amzius-visiems-amziams","16":"pa_veisles-dydis-didelems-veislems","17":"pa_veisles-dydis-mazoms-veislems","18":"pa_veisles-dydis-vidutinems-veislems","19":"pa_veisles-dydis-visu-dydziu-veislems","21":"first","22":"instock","23":"featured","24":"taxable","25":"shipping-taxable","26":"purchasable","27":"product-type-simple"},"acf":[],"_links":{"self":[{"href":"https:\/\/zooprekes24.lt\/et\/wp-json\/wp\/v2\/product\/41656","targetHints":{"allow":["GET"]}}],"collection":[{"href":"https:\/\/zooprekes24.lt\/et\/wp-json\/wp\/v2\/product"}],"about":[{"href":"https:\/\/zooprekes24.lt\/et\/wp-json\/wp\/v2\/types\/product"}],"replies":[{"embeddable":true,"href":"https:\/\/zooprekes24.lt\/et\/wp-json\/wp\/v2\/comments?post=41656"}],"wp:featuredmedia":[{"embeddable":true,"href":"https:\/\/zooprekes24.lt\/et\/wp-json\/wp\/v2\/media\/41657"}],"wp:attachment":[{"href":"https:\/\/zooprekes24.lt\/et\/wp-json\/wp\/v2\/media?parent=41656"}],"wp:term":[{"taxonomy":"product_brand","embeddable":true,"href":"https:\/\/zooprekes24.lt\/et\/wp-json\/wp\/v2\/product_brand?post=41656"},{"taxonomy":"product_cat","embeddable":true,"href":"https:\/\/zooprekes24.lt\/et\/wp-json\/wp\/v2\/product_cat?post=41656"},{"taxonomy":"product_tag","embeddable":true,"href":"https:\/\/zooprekes24.lt\/et\/wp-json\/wp\/v2\/product_tag?post=41656"}],"curies":[{"name":"wp","href":"https:\/\/api.w.org\/{rel}","templated":true}]}}