{"id":41648,"date":"2025-10-15T11:10:29","date_gmt":"2025-10-15T09:10:29","guid":{"rendered":"https:\/\/zooprekes24.lt\/?post_type=product&#038;p=41648"},"modified":"2025-10-21T15:13:18","modified_gmt":"2025-10-21T13:13:18","slug":"real-dog-skanestai-sunims-minkstos-antienos-juosteles-500g","status":"publish","type":"product","link":"https:\/\/zooprekes24.lt\/et\/produktas\/real-dog-skanestai-sunims-minkstos-antienos-juosteles-500g\/","title":{"rendered":"Real Dog skan\u0117stai \u0161unims, mink\u0161tos antienos juostel\u0117s, 500 g"},"content":{"rendered":"","protected":false},"excerpt":{"rendered":"","protected":false},"featured_media":41649,"comment_status":"closed","ping_status":"closed","template":"","meta":{"_acf_changed":false,"slim_seo":{"title":"Real Dog skan\u0117stai \u0161unims, mink\u0161tos antienos juostel\u0117s, 500 g - Zooprekes24","description":""},"iawp_total_views":5},"product_brand":[],"product_cat":[9010,8999,30],"product_tag":[],"class_list":{"0":"post-41648","1":"product","2":"type-product","3":"status-publish","4":"has-post-thumbnail","6":"product_cat-naturalus-skanestai","7":"product_cat-sunims","8":"product_cat-sunu-skanestai","9":"pa_pasaro-sudetis-antiena","10":"pa_prekiu-zenklai-real-dog","11":"pa_suns-amzius-jauniems","12":"pa_suns-amzius-senjorams","13":"pa_suns-amzius-suaugusiems","14":"pa_suns-amzius-visiems-amziams","15":"pa_veisles-dydis-didelems-veislems","16":"pa_veisles-dydis-mazoms-veislems","17":"pa_veisles-dydis-vidutinems-veislems","18":"pa_veisles-dydis-visu-dydziu-veislems","20":"first","21":"instock","22":"featured","23":"taxable","24":"shipping-taxable","25":"purchasable","26":"product-type-simple"},"acf":[],"_links":{"self":[{"href":"https:\/\/zooprekes24.lt\/et\/wp-json\/wp\/v2\/product\/41648","targetHints":{"allow":["GET"]}}],"collection":[{"href":"https:\/\/zooprekes24.lt\/et\/wp-json\/wp\/v2\/product"}],"about":[{"href":"https:\/\/zooprekes24.lt\/et\/wp-json\/wp\/v2\/types\/product"}],"replies":[{"embeddable":true,"href":"https:\/\/zooprekes24.lt\/et\/wp-json\/wp\/v2\/comments?post=41648"}],"wp:featuredmedia":[{"embeddable":true,"href":"https:\/\/zooprekes24.lt\/et\/wp-json\/wp\/v2\/media\/41649"}],"wp:attachment":[{"href":"https:\/\/zooprekes24.lt\/et\/wp-json\/wp\/v2\/media?parent=41648"}],"wp:term":[{"taxonomy":"product_brand","embeddable":true,"href":"https:\/\/zooprekes24.lt\/et\/wp-json\/wp\/v2\/product_brand?post=41648"},{"taxonomy":"product_cat","embeddable":true,"href":"https:\/\/zooprekes24.lt\/et\/wp-json\/wp\/v2\/product_cat?post=41648"},{"taxonomy":"product_tag","embeddable":true,"href":"https:\/\/zooprekes24.lt\/et\/wp-json\/wp\/v2\/product_tag?post=41648"}],"curies":[{"name":"wp","href":"https:\/\/api.w.org\/{rel}","templated":true}]}}