{"id":41634,"date":"2025-10-15T10:40:45","date_gmt":"2025-10-15T08:40:45","guid":{"rendered":"https:\/\/zooprekes24.lt\/?post_type=product&#038;p=41634"},"modified":"2025-10-21T14:18:20","modified_gmt":"2025-10-21T12:18:20","slug":"real-dog-skanestai-sunims-menkes-juosteles-apsuktos-antiena-500g","status":"publish","type":"product","link":"https:\/\/zooprekes24.lt\/et\/produktas\/real-dog-skanestai-sunims-menkes-juosteles-apsuktos-antiena-500g\/","title":{"rendered":"Real Dog skan\u0117stai \u0161unims, menk\u0117s juostel\u0117s apsuktos antiena, 500 g"},"content":{"rendered":"","protected":false},"excerpt":{"rendered":"","protected":false},"featured_media":41635,"comment_status":"closed","ping_status":"closed","template":"","meta":{"_acf_changed":false,"slim_seo":{"title":"Real Dog skan\u0117stai \u0161unims, menk\u0117s juostel\u0117s apsuktos antiena, 500 g - Zooprekes24","description":""},"iawp_total_views":14},"product_brand":[],"product_cat":[9010,8999,30],"product_tag":[],"class_list":{"0":"post-41634","1":"product","2":"type-product","3":"status-publish","4":"has-post-thumbnail","6":"product_cat-naturalus-skanestai","7":"product_cat-sunims","8":"product_cat-sunu-skanestai","9":"pa_pasaro-sudetis-antiena","10":"pa_pasaro-sudetis-zuvis","11":"pa_prekiu-zenklai-real-dog","12":"pa_suns-amzius-jauniems","13":"pa_suns-amzius-senjorams","14":"pa_suns-amzius-suaugusiems","15":"pa_suns-amzius-visiems-amziams","16":"pa_veisles-dydis-didelems-veislems","17":"pa_veisles-dydis-mazoms-veislems","18":"pa_veisles-dydis-vidutinems-veislems","19":"pa_veisles-dydis-visu-dydziu-veislems","21":"first","22":"instock","23":"featured","24":"taxable","25":"shipping-taxable","26":"purchasable","27":"product-type-simple"},"acf":[],"_links":{"self":[{"href":"https:\/\/zooprekes24.lt\/et\/wp-json\/wp\/v2\/product\/41634","targetHints":{"allow":["GET"]}}],"collection":[{"href":"https:\/\/zooprekes24.lt\/et\/wp-json\/wp\/v2\/product"}],"about":[{"href":"https:\/\/zooprekes24.lt\/et\/wp-json\/wp\/v2\/types\/product"}],"replies":[{"embeddable":true,"href":"https:\/\/zooprekes24.lt\/et\/wp-json\/wp\/v2\/comments?post=41634"}],"wp:featuredmedia":[{"embeddable":true,"href":"https:\/\/zooprekes24.lt\/et\/wp-json\/wp\/v2\/media\/41635"}],"wp:attachment":[{"href":"https:\/\/zooprekes24.lt\/et\/wp-json\/wp\/v2\/media?parent=41634"}],"wp:term":[{"taxonomy":"product_brand","embeddable":true,"href":"https:\/\/zooprekes24.lt\/et\/wp-json\/wp\/v2\/product_brand?post=41634"},{"taxonomy":"product_cat","embeddable":true,"href":"https:\/\/zooprekes24.lt\/et\/wp-json\/wp\/v2\/product_cat?post=41634"},{"taxonomy":"product_tag","embeddable":true,"href":"https:\/\/zooprekes24.lt\/et\/wp-json\/wp\/v2\/product_tag?post=41634"}],"curies":[{"name":"wp","href":"https:\/\/api.w.org\/{rel}","templated":true}]}}