{"id":41532,"date":"2025-10-13T11:55:18","date_gmt":"2025-10-13T09:55:18","guid":{"rendered":"https:\/\/zooprekes24.lt\/?post_type=product&#038;p=41532"},"modified":"2026-01-14T13:18:12","modified_gmt":"2026-01-14T11:18:12","slug":"trixie-daugkartinio-naudojimo-apsaugines-kelnaites-kalems-juodos-iv-dydziu","status":"publish","type":"product","link":"https:\/\/zooprekes24.lt\/et\/produktas\/trixie-daugkartinio-naudojimo-apsaugines-kelnaites-kalems-juodos-iv-dydziu\/","title":{"rendered":"Trixie daugkartinio naudojimo apsaugin\u0117s kelnait\u0117s kal\u0117ms, juodos, \u012fv. dyd\u017ei\u0173"},"content":{"rendered":"<p>Kelnai\u010di\u0173 i\u0161matavimai (aplink juosmen\u012f, ties galin\u0117mis kojomis):<\/p>\n<ul>\n<li>XS &#8211; 20-25 cm,<\/li>\n<li>S &#8211; 24-31 cm,<\/li>\n<li>S-M &#8211; 32-39 cm,<\/li>\n<li>M &#8211; 40-49 cm,<\/li>\n<li>L &#8211; 50-59 cm.<\/li>\n<\/ul>","protected":false},"excerpt":{"rendered":"<p>Kelnai\u010di\u0173 i\u0161matavimai (aplink juosmen\u012f, ties galin\u0117mis kojomis): XS &#8211; 20-25 cm, S &#8211; 24-31 cm, S-M &#8211; 32-39 cm, M &#8211; 40-49 cm, L &#8211; 50-59 cm.<\/p>","protected":false},"featured_media":41538,"comment_status":"closed","ping_status":"closed","template":"","meta":{"_acf_changed":false,"slim_seo":{"title":"Trixie daugkartinio naudojimo apsaugin\u0117s kelnait\u0117s kal\u0117ms, juodos, \u012fv. dyd\u017ei\u0173 - Zooprekes24","description":"Kelnai\u010di\u0173 i\u0161matavimai (aplink juosmen\u012f, ties galin\u0117mis kojomis): XS - 20-25 cm, S - 24-31 cm, S-M - 32-39 cm, M - 40-49 cm, L - 50-59 cm."},"iawp_total_views":8},"product_brand":[],"product_cat":[9005,32,8999,31,9219],"product_tag":[],"class_list":{"0":"post-41532","1":"product","2":"type-product","3":"status-publish","4":"has-post-thumbnail","6":"product_cat-higienos-ir-valymo-priemones","7":"product_cat-kitos-sunu-prekes","8":"product_cat-sunims","9":"product_cat-sunu-prekiu-gamintojai","10":"product_cat-trixie-sunims","11":"pa_prekiu-zenklai-trixie","13":"first","14":"instock","15":"featured","16":"taxable","17":"shipping-taxable","18":"purchasable","19":"product-type-variable"},"acf":[],"_links":{"self":[{"href":"https:\/\/zooprekes24.lt\/et\/wp-json\/wp\/v2\/product\/41532","targetHints":{"allow":["GET"]}}],"collection":[{"href":"https:\/\/zooprekes24.lt\/et\/wp-json\/wp\/v2\/product"}],"about":[{"href":"https:\/\/zooprekes24.lt\/et\/wp-json\/wp\/v2\/types\/product"}],"replies":[{"embeddable":true,"href":"https:\/\/zooprekes24.lt\/et\/wp-json\/wp\/v2\/comments?post=41532"}],"wp:featuredmedia":[{"embeddable":true,"href":"https:\/\/zooprekes24.lt\/et\/wp-json\/wp\/v2\/media\/41538"}],"wp:attachment":[{"href":"https:\/\/zooprekes24.lt\/et\/wp-json\/wp\/v2\/media?parent=41532"}],"wp:term":[{"taxonomy":"product_brand","embeddable":true,"href":"https:\/\/zooprekes24.lt\/et\/wp-json\/wp\/v2\/product_brand?post=41532"},{"taxonomy":"product_cat","embeddable":true,"href":"https:\/\/zooprekes24.lt\/et\/wp-json\/wp\/v2\/product_cat?post=41532"},{"taxonomy":"product_tag","embeddable":true,"href":"https:\/\/zooprekes24.lt\/et\/wp-json\/wp\/v2\/product_tag?post=41532"}],"curies":[{"name":"wp","href":"https:\/\/api.w.org\/{rel}","templated":true}]}}