{"id":41438,"date":"2025-10-10T13:56:09","date_gmt":"2025-10-10T11:56:09","guid":{"rendered":"https:\/\/zooprekes24.lt\/?post_type=product&#038;p=41438"},"modified":"2025-10-14T11:48:01","modified_gmt":"2025-10-14T09:48:01","slug":"trixie-padeklas-remelis-sunu-vienkartinems-paloms-iv-dydziu-baltas-su-rudu","status":"publish","type":"product","link":"https:\/\/zooprekes24.lt\/et\/produktas\/trixie-padeklas-remelis-sunu-vienkartinems-paloms-iv-dydziu-baltas-su-rudu\/","title":{"rendered":"Trixie pad\u0117klas-r\u0117melis \u0161un\u0173 vienkartin\u0117ms paloms, \u012fv. dyd\u017ei\u0173, baltas su rudu"},"content":{"rendered":"","protected":false},"excerpt":{"rendered":"","protected":false},"featured_media":41441,"comment_status":"closed","ping_status":"closed","template":"","meta":{"_acf_changed":false,"slim_seo":{"title":"Trixie pad\u0117klas-r\u0117melis \u0161un\u0173 vienkartin\u0117ms paloms, \u012fv. dyd\u017ei\u0173, baltas su rudu - Zooprekes24","description":""},"iawp_total_views":30},"product_brand":[],"product_cat":[9005,32,8999,31,9219],"product_tag":[],"class_list":{"0":"post-41438","1":"product","2":"type-product","3":"status-publish","4":"has-post-thumbnail","6":"product_cat-higienos-ir-valymo-priemones","7":"product_cat-kitos-sunu-prekes","8":"product_cat-sunims","9":"product_cat-sunu-prekiu-gamintojai","10":"product_cat-trixie-sunims","11":"pa_prekiu-zenklai-trixie","13":"first","14":"instock","15":"featured","16":"taxable","17":"shipping-taxable","18":"purchasable","19":"product-type-variable"},"acf":[],"_links":{"self":[{"href":"https:\/\/zooprekes24.lt\/et\/wp-json\/wp\/v2\/product\/41438","targetHints":{"allow":["GET"]}}],"collection":[{"href":"https:\/\/zooprekes24.lt\/et\/wp-json\/wp\/v2\/product"}],"about":[{"href":"https:\/\/zooprekes24.lt\/et\/wp-json\/wp\/v2\/types\/product"}],"replies":[{"embeddable":true,"href":"https:\/\/zooprekes24.lt\/et\/wp-json\/wp\/v2\/comments?post=41438"}],"wp:featuredmedia":[{"embeddable":true,"href":"https:\/\/zooprekes24.lt\/et\/wp-json\/wp\/v2\/media\/41441"}],"wp:attachment":[{"href":"https:\/\/zooprekes24.lt\/et\/wp-json\/wp\/v2\/media?parent=41438"}],"wp:term":[{"taxonomy":"product_brand","embeddable":true,"href":"https:\/\/zooprekes24.lt\/et\/wp-json\/wp\/v2\/product_brand?post=41438"},{"taxonomy":"product_cat","embeddable":true,"href":"https:\/\/zooprekes24.lt\/et\/wp-json\/wp\/v2\/product_cat?post=41438"},{"taxonomy":"product_tag","embeddable":true,"href":"https:\/\/zooprekes24.lt\/et\/wp-json\/wp\/v2\/product_tag?post=41438"}],"curies":[{"name":"wp","href":"https:\/\/api.w.org\/{rel}","templated":true}]}}