{"id":41390,"date":"2025-10-10T12:26:17","date_gmt":"2025-10-10T10:26:17","guid":{"rendered":"https:\/\/zooprekes24.lt\/?post_type=product&#038;p=41390"},"modified":"2025-10-14T11:39:13","modified_gmt":"2025-10-14T09:39:13","slug":"trixie-walker-active-apsauginiai-batukai-sunims-iv-dydziu-juodi-2vnt","status":"publish","type":"product","link":"https:\/\/zooprekes24.lt\/et\/produktas\/trixie-walker-active-apsauginiai-batukai-sunims-iv-dydziu-juodi-2vnt\/","title":{"rendered":"Trixie Walker Active apsauginiai batukai \u0161unims, \u012fv. dyd\u017ei\u0173, juodi, 2 vnt"},"content":{"rendered":"<p>Batuk\u0173 dyd\u017eiai:<\/p>\n<p><img loading=\"lazy\" decoding=\"async\" class=\"alignnone wp-image-41399\" src=\"https:\/\/zooprekes24.lt\/wp-content\/uploads\/Screenshot-2025-10-10-at-13.36.39.jpg\" alt=\"Trixie Walker Active apsauginiai batukai \u0161unims, \u012fv. dyd\u017ei\u0173, juodi, 2 vnt\" width=\"391\" height=\"539\" srcset=\"https:\/\/zooprekes24.lt\/wp-content\/uploads\/Screenshot-2025-10-10-at-13.36.39.jpg 1006w, https:\/\/zooprekes24.lt\/wp-content\/uploads\/Screenshot-2025-10-10-at-13.36.39-435x600.jpg 435w, https:\/\/zooprekes24.lt\/wp-content\/uploads\/Screenshot-2025-10-10-at-13.36.39-9x12.jpg 9w, https:\/\/zooprekes24.lt\/wp-content\/uploads\/Screenshot-2025-10-10-at-13.36.39-600x827.jpg 600w, https:\/\/zooprekes24.lt\/wp-content\/uploads\/Screenshot-2025-10-10-at-13.36.39-64x88.jpg 64w\" sizes=\"auto, (max-width: 391px) 100vw, 391px\" \/><\/p>","protected":false},"excerpt":{"rendered":"<p>Batuk\u0173 dyd\u017eiai:<\/p>","protected":false},"featured_media":41400,"comment_status":"closed","ping_status":"closed","template":"","meta":{"_acf_changed":false,"slim_seo":{"title":"Trixie Walker Active apsauginiai batukai \u0161unims, \u012fv. dyd\u017ei\u0173, juodi, 2 vnt - Zooprekes24","description":"Batuk\u0173 dyd\u017eiai:"},"iawp_total_views":50},"product_brand":[],"product_cat":[9079,32,8999,31,9219],"product_tag":[],"class_list":{"0":"post-41390","1":"product","2":"type-product","3":"status-publish","4":"has-post-thumbnail","6":"product_cat-drabuziai-ir-aksesuarai","7":"product_cat-kitos-sunu-prekes","8":"product_cat-sunims","9":"product_cat-sunu-prekiu-gamintojai","10":"product_cat-trixie-sunims","11":"pa_prekiu-zenklai-trixie","12":"pa_veisles-dydis-didelems-veislems","13":"pa_veisles-dydis-mazoms-veislems","14":"pa_veisles-dydis-vidutinems-veislems","15":"pa_veisles-dydis-visu-dydziu-veislems","17":"first","18":"instock","19":"featured","20":"taxable","21":"shipping-taxable","22":"purchasable","23":"product-type-variable"},"acf":[],"_links":{"self":[{"href":"https:\/\/zooprekes24.lt\/et\/wp-json\/wp\/v2\/product\/41390","targetHints":{"allow":["GET"]}}],"collection":[{"href":"https:\/\/zooprekes24.lt\/et\/wp-json\/wp\/v2\/product"}],"about":[{"href":"https:\/\/zooprekes24.lt\/et\/wp-json\/wp\/v2\/types\/product"}],"replies":[{"embeddable":true,"href":"https:\/\/zooprekes24.lt\/et\/wp-json\/wp\/v2\/comments?post=41390"}],"wp:featuredmedia":[{"embeddable":true,"href":"https:\/\/zooprekes24.lt\/et\/wp-json\/wp\/v2\/media\/41400"}],"wp:attachment":[{"href":"https:\/\/zooprekes24.lt\/et\/wp-json\/wp\/v2\/media?parent=41390"}],"wp:term":[{"taxonomy":"product_brand","embeddable":true,"href":"https:\/\/zooprekes24.lt\/et\/wp-json\/wp\/v2\/product_brand?post=41390"},{"taxonomy":"product_cat","embeddable":true,"href":"https:\/\/zooprekes24.lt\/et\/wp-json\/wp\/v2\/product_cat?post=41390"},{"taxonomy":"product_tag","embeddable":true,"href":"https:\/\/zooprekes24.lt\/et\/wp-json\/wp\/v2\/product_tag?post=41390"}],"curies":[{"name":"wp","href":"https:\/\/api.w.org\/{rel}","templated":true}]}}