{"id":41354,"date":"2025-10-09T13:23:40","date_gmt":"2025-10-09T11:23:40","guid":{"rendered":"https:\/\/zooprekes24.lt\/?post_type=product&#038;p=41354"},"modified":"2025-10-14T11:30:23","modified_gmt":"2025-10-14T09:30:23","slug":"trixie-dvipusis-medinis-sepetys-sunims-su-metaliniais-dantukais-ir-nailoniniais-sereliais","status":"publish","type":"product","link":"https:\/\/zooprekes24.lt\/et\/produktas\/trixie-dvipusis-medinis-sepetys-sunims-su-metaliniais-dantukais-ir-nailoniniais-sereliais\/","title":{"rendered":"Trixie dvipusis medinis \u0161epetys \u0161unims, su metaliniais dantukais ir nailoniniais \u0161ereliais"},"content":{"rendered":"","protected":false},"excerpt":{"rendered":"","protected":false},"featured_media":41355,"comment_status":"closed","ping_status":"closed","template":"","meta":{"_acf_changed":false,"slim_seo":{"title":"Trixie dvipusis medinis \u0161epetys \u0161unims, su metaliniais dantukais ir nailoniniais \u0161ereliais - Zooprekes24","description":""},"iawp_total_views":1},"product_brand":[],"product_cat":[32,9026,8999,31,9219],"product_tag":[],"class_list":{"0":"post-41354","1":"product","2":"type-product","3":"status-publish","4":"has-post-thumbnail","6":"product_cat-kitos-sunu-prekes","7":"product_cat-prieziuros-priemones-sunims","8":"product_cat-sunims","9":"product_cat-sunu-prekiu-gamintojai","10":"product_cat-trixie-sunims","11":"pa_prekiu-zenklai-trixie","13":"first","14":"instock","15":"featured","16":"taxable","17":"shipping-taxable","18":"purchasable","19":"product-type-simple"},"acf":[],"_links":{"self":[{"href":"https:\/\/zooprekes24.lt\/et\/wp-json\/wp\/v2\/product\/41354","targetHints":{"allow":["GET"]}}],"collection":[{"href":"https:\/\/zooprekes24.lt\/et\/wp-json\/wp\/v2\/product"}],"about":[{"href":"https:\/\/zooprekes24.lt\/et\/wp-json\/wp\/v2\/types\/product"}],"replies":[{"embeddable":true,"href":"https:\/\/zooprekes24.lt\/et\/wp-json\/wp\/v2\/comments?post=41354"}],"wp:featuredmedia":[{"embeddable":true,"href":"https:\/\/zooprekes24.lt\/et\/wp-json\/wp\/v2\/media\/41355"}],"wp:attachment":[{"href":"https:\/\/zooprekes24.lt\/et\/wp-json\/wp\/v2\/media?parent=41354"}],"wp:term":[{"taxonomy":"product_brand","embeddable":true,"href":"https:\/\/zooprekes24.lt\/et\/wp-json\/wp\/v2\/product_brand?post=41354"},{"taxonomy":"product_cat","embeddable":true,"href":"https:\/\/zooprekes24.lt\/et\/wp-json\/wp\/v2\/product_cat?post=41354"},{"taxonomy":"product_tag","embeddable":true,"href":"https:\/\/zooprekes24.lt\/et\/wp-json\/wp\/v2\/product_tag?post=41354"}],"curies":[{"name":"wp","href":"https:\/\/api.w.org\/{rel}","templated":true}]}}