{"id":41348,"date":"2025-10-09T11:53:59","date_gmt":"2025-10-09T09:53:59","guid":{"rendered":"https:\/\/zooprekes24.lt\/?post_type=product&#038;p=41348"},"modified":"2025-10-14T11:27:20","modified_gmt":"2025-10-14T09:27:20","slug":"trixie-atbaidantis-purskalas-sunims-stabdo-grauzima-ir-kramtyma-175ml","status":"publish","type":"product","link":"https:\/\/zooprekes24.lt\/et\/produktas\/trixie-atbaidantis-purskalas-sunims-stabdo-grauzima-ir-kramtyma-175ml\/","title":{"rendered":"Trixie atbaidantis pur\u0161kalas \u0161unims, stabdo grau\u017eim\u0105 ir kramtym\u0105, 175 ml"},"content":{"rendered":"","protected":false},"excerpt":{"rendered":"","protected":false},"featured_media":41349,"comment_status":"closed","ping_status":"closed","template":"","meta":{"_acf_changed":false,"slim_seo":{"title":"Trixie atbaidantis pur\u0161kalas \u0161unims, stabdo grau\u017eim\u0105 ir kramtym\u0105, 175 ml - Zooprekes24","description":""},"iawp_total_views":25},"product_brand":[],"product_cat":[9005,32,8999,31,9219],"product_tag":[],"class_list":{"0":"post-41348","1":"product","2":"type-product","3":"status-publish","4":"has-post-thumbnail","6":"product_cat-higienos-ir-valymo-priemones","7":"product_cat-kitos-sunu-prekes","8":"product_cat-sunims","9":"product_cat-sunu-prekiu-gamintojai","10":"product_cat-trixie-sunims","11":"pa_prekiu-zenklai-trixie","13":"first","14":"instock","15":"featured","16":"taxable","17":"shipping-taxable","18":"purchasable","19":"product-type-simple"},"acf":[],"_links":{"self":[{"href":"https:\/\/zooprekes24.lt\/et\/wp-json\/wp\/v2\/product\/41348","targetHints":{"allow":["GET"]}}],"collection":[{"href":"https:\/\/zooprekes24.lt\/et\/wp-json\/wp\/v2\/product"}],"about":[{"href":"https:\/\/zooprekes24.lt\/et\/wp-json\/wp\/v2\/types\/product"}],"replies":[{"embeddable":true,"href":"https:\/\/zooprekes24.lt\/et\/wp-json\/wp\/v2\/comments?post=41348"}],"wp:featuredmedia":[{"embeddable":true,"href":"https:\/\/zooprekes24.lt\/et\/wp-json\/wp\/v2\/media\/41349"}],"wp:attachment":[{"href":"https:\/\/zooprekes24.lt\/et\/wp-json\/wp\/v2\/media?parent=41348"}],"wp:term":[{"taxonomy":"product_brand","embeddable":true,"href":"https:\/\/zooprekes24.lt\/et\/wp-json\/wp\/v2\/product_brand?post=41348"},{"taxonomy":"product_cat","embeddable":true,"href":"https:\/\/zooprekes24.lt\/et\/wp-json\/wp\/v2\/product_cat?post=41348"},{"taxonomy":"product_tag","embeddable":true,"href":"https:\/\/zooprekes24.lt\/et\/wp-json\/wp\/v2\/product_tag?post=41348"}],"curies":[{"name":"wp","href":"https:\/\/api.w.org\/{rel}","templated":true}]}}