{"id":41344,"date":"2025-10-09T10:46:06","date_gmt":"2025-10-09T08:46:06","guid":{"rendered":"https:\/\/zooprekes24.lt\/?post_type=product&#038;p=41344"},"modified":"2026-03-14T21:03:40","modified_gmt":"2026-03-14T19:03:40","slug":"trixie-keep-off-atbaidantis-purskalas-sunims-ir-katems-stabdo-draskyma-kandziojima-ir-kitoki-nepageidaujama-elgesi-175ml","status":"publish","type":"product","link":"https:\/\/zooprekes24.lt\/et\/produktas\/trixie-keep-off-atbaidantis-purskalas-sunims-ir-katems-stabdo-draskyma-kandziojima-ir-kitoki-nepageidaujama-elgesi-175ml\/","title":{"rendered":"Trixie Keep Off atbaidantis pur\u0161kalas \u0161unims ir kat\u0117ms, stabdo draskym\u0105, kand\u017eiojim\u0105 ir kitok\u012f nepageidaujam\u0105 elges\u012f, 175 ml"},"content":{"rendered":"","protected":false},"excerpt":{"rendered":"","protected":false},"featured_media":41345,"comment_status":"closed","ping_status":"closed","template":"","meta":{"_acf_changed":false,"slim_seo":{"title":"Trixie Keep Off atbaidantis pur\u0161kalas \u0161unims ir kat\u0117ms, stabdo draskym\u0105, kand\u017eiojim\u0105 ir kitok\u012f nepageidaujam\u0105 elges\u012f, 175 ml - Zooprekes24","description":""},"iawp_total_views":163},"product_brand":[],"product_cat":[9235,78,9005,83,25,32,8999,31,9219,9222],"product_tag":[],"class_list":{"0":"post-41344","1":"product","2":"type-product","3":"status-publish","4":"has-post-thumbnail","6":"product_cat-demiu-ir-kvapu-salinimo-priemones","7":"product_cat-higiena-ir-prieziura-katems","8":"product_cat-higienos-ir-valymo-priemones","9":"product_cat-kaciu-prekiu-gamintojai","10":"product_cat-katems","11":"product_cat-kitos-sunu-prekes","12":"product_cat-sunims","13":"product_cat-sunu-prekiu-gamintojai","14":"product_cat-trixie-sunims","15":"product_cat-trixie-katems","16":"pa_prekiu-zenklai-trixie","18":"first","19":"instock","20":"featured","21":"taxable","22":"shipping-taxable","23":"purchasable","24":"product-type-simple"},"acf":[],"_links":{"self":[{"href":"https:\/\/zooprekes24.lt\/et\/wp-json\/wp\/v2\/product\/41344","targetHints":{"allow":["GET"]}}],"collection":[{"href":"https:\/\/zooprekes24.lt\/et\/wp-json\/wp\/v2\/product"}],"about":[{"href":"https:\/\/zooprekes24.lt\/et\/wp-json\/wp\/v2\/types\/product"}],"replies":[{"embeddable":true,"href":"https:\/\/zooprekes24.lt\/et\/wp-json\/wp\/v2\/comments?post=41344"}],"wp:featuredmedia":[{"embeddable":true,"href":"https:\/\/zooprekes24.lt\/et\/wp-json\/wp\/v2\/media\/41345"}],"wp:attachment":[{"href":"https:\/\/zooprekes24.lt\/et\/wp-json\/wp\/v2\/media?parent=41344"}],"wp:term":[{"taxonomy":"product_brand","embeddable":true,"href":"https:\/\/zooprekes24.lt\/et\/wp-json\/wp\/v2\/product_brand?post=41344"},{"taxonomy":"product_cat","embeddable":true,"href":"https:\/\/zooprekes24.lt\/et\/wp-json\/wp\/v2\/product_cat?post=41344"},{"taxonomy":"product_tag","embeddable":true,"href":"https:\/\/zooprekes24.lt\/et\/wp-json\/wp\/v2\/product_tag?post=41344"}],"curies":[{"name":"wp","href":"https:\/\/api.w.org\/{rel}","templated":true}]}}