{"id":41293,"date":"2025-10-08T11:39:19","date_gmt":"2025-10-08T09:39:19","guid":{"rendered":"https:\/\/zooprekes24.lt\/?post_type=product&#038;p=41293"},"modified":"2025-10-10T15:07:51","modified_gmt":"2025-10-10T13:07:51","slug":"trixie-nando-gultas-sunims-sviesiai-pilkas-su-peduciu-dizainu","status":"publish","type":"product","link":"https:\/\/zooprekes24.lt\/et\/produktas\/trixie-nando-gultas-sunims-sviesiai-pilkas-su-peduciu-dizainu\/","title":{"rendered":"Trixie Nando gultas \u0161unims, \u0161viesiai pilkas su p\u0117du\u010di\u0173 dizainu"},"content":{"rendered":"","protected":false},"excerpt":{"rendered":"","protected":false},"featured_media":41294,"comment_status":"closed","ping_status":"closed","template":"","meta":{"_acf_changed":false,"slim_seo":{"title":"Trixie Nando gultas \u0161unims, \u0161viesiai pilkas su p\u0117du\u010di\u0173 dizainu - Zooprekes24","description":""},"iawp_total_views":10},"product_brand":[],"product_cat":[9078,32,8999,31,9219],"product_tag":[],"class_list":{"0":"post-41293","1":"product","2":"type-product","3":"status-publish","4":"has-post-thumbnail","6":"product_cat-guoliai-patiesimai-transportavimo-priemones-sunims","7":"product_cat-kitos-sunu-prekes","8":"product_cat-sunims","9":"product_cat-sunu-prekiu-gamintojai","10":"product_cat-trixie-sunims","11":"pa_prekiu-zenklai-trixie","13":"first","14":"instock","15":"featured","16":"taxable","17":"shipping-taxable","18":"purchasable","19":"product-type-simple"},"acf":[],"_links":{"self":[{"href":"https:\/\/zooprekes24.lt\/et\/wp-json\/wp\/v2\/product\/41293","targetHints":{"allow":["GET"]}}],"collection":[{"href":"https:\/\/zooprekes24.lt\/et\/wp-json\/wp\/v2\/product"}],"about":[{"href":"https:\/\/zooprekes24.lt\/et\/wp-json\/wp\/v2\/types\/product"}],"replies":[{"embeddable":true,"href":"https:\/\/zooprekes24.lt\/et\/wp-json\/wp\/v2\/comments?post=41293"}],"wp:featuredmedia":[{"embeddable":true,"href":"https:\/\/zooprekes24.lt\/et\/wp-json\/wp\/v2\/media\/41294"}],"wp:attachment":[{"href":"https:\/\/zooprekes24.lt\/et\/wp-json\/wp\/v2\/media?parent=41293"}],"wp:term":[{"taxonomy":"product_brand","embeddable":true,"href":"https:\/\/zooprekes24.lt\/et\/wp-json\/wp\/v2\/product_brand?post=41293"},{"taxonomy":"product_cat","embeddable":true,"href":"https:\/\/zooprekes24.lt\/et\/wp-json\/wp\/v2\/product_cat?post=41293"},{"taxonomy":"product_tag","embeddable":true,"href":"https:\/\/zooprekes24.lt\/et\/wp-json\/wp\/v2\/product_tag?post=41293"}],"curies":[{"name":"wp","href":"https:\/\/api.w.org\/{rel}","templated":true}]}}