{"id":41193,"date":"2025-10-03T11:38:43","date_gmt":"2025-10-03T09:38:43","guid":{"rendered":"https:\/\/zooprekes24.lt\/?post_type=product&#038;p=41193"},"modified":"2025-10-03T19:11:28","modified_gmt":"2025-10-03T17:11:28","slug":"trixie-jimmy-guolis-urvas-augintiniams-tamsiai-rudas-su-peduciu-dizainu","status":"publish","type":"product","link":"https:\/\/zooprekes24.lt\/et\/produktas\/trixie-jimmy-guolis-urvas-augintiniams-tamsiai-rudas-su-peduciu-dizainu\/","title":{"rendered":"Trixie Jimmy guolis urvas augintiniams, tamsiai rudas su p\u0117du\u010di\u0173 dizainu"},"content":{"rendered":"","protected":false},"excerpt":{"rendered":"","protected":false},"featured_media":41194,"comment_status":"closed","ping_status":"closed","template":"","meta":{"_acf_changed":false,"slim_seo":{"title":"Trixie Jimmy guolis urvas augintiniams, tamsiai rudas su p\u0117du\u010di\u0173 dizainu - Zooprekes24","description":""},"iawp_total_views":2},"product_brand":[],"product_cat":[9078,9223,83,25,104,32,8999,31,9219,9222],"product_tag":[],"class_list":{"0":"post-41193","1":"product","2":"type-product","3":"status-publish","4":"has-post-thumbnail","6":"product_cat-guoliai-patiesimai-transportavimo-priemones-sunims","7":"product_cat-guoliai-patiesimai-transportavimo-priemones-katems","8":"product_cat-kaciu-prekiu-gamintojai","9":"product_cat-katems","10":"product_cat-kitos-kaciu-prekes","11":"product_cat-kitos-sunu-prekes","12":"product_cat-sunims","13":"product_cat-sunu-prekiu-gamintojai","14":"product_cat-trixie-sunims","15":"product_cat-trixie-katems","16":"pa_prekiu-zenklai-trixie","18":"first","19":"instock","20":"featured","21":"taxable","22":"shipping-taxable","23":"purchasable","24":"product-type-simple"},"acf":[],"_links":{"self":[{"href":"https:\/\/zooprekes24.lt\/et\/wp-json\/wp\/v2\/product\/41193","targetHints":{"allow":["GET"]}}],"collection":[{"href":"https:\/\/zooprekes24.lt\/et\/wp-json\/wp\/v2\/product"}],"about":[{"href":"https:\/\/zooprekes24.lt\/et\/wp-json\/wp\/v2\/types\/product"}],"replies":[{"embeddable":true,"href":"https:\/\/zooprekes24.lt\/et\/wp-json\/wp\/v2\/comments?post=41193"}],"wp:featuredmedia":[{"embeddable":true,"href":"https:\/\/zooprekes24.lt\/et\/wp-json\/wp\/v2\/media\/41194"}],"wp:attachment":[{"href":"https:\/\/zooprekes24.lt\/et\/wp-json\/wp\/v2\/media?parent=41193"}],"wp:term":[{"taxonomy":"product_brand","embeddable":true,"href":"https:\/\/zooprekes24.lt\/et\/wp-json\/wp\/v2\/product_brand?post=41193"},{"taxonomy":"product_cat","embeddable":true,"href":"https:\/\/zooprekes24.lt\/et\/wp-json\/wp\/v2\/product_cat?post=41193"},{"taxonomy":"product_tag","embeddable":true,"href":"https:\/\/zooprekes24.lt\/et\/wp-json\/wp\/v2\/product_tag?post=41193"}],"curies":[{"name":"wp","href":"https:\/\/api.w.org\/{rel}","templated":true}]}}