{"id":41127,"date":"2025-10-02T11:22:31","date_gmt":"2025-10-02T09:22:31","guid":{"rendered":"https:\/\/zooprekes24.lt\/?post_type=product&#038;p=41127"},"modified":"2025-10-03T18:40:21","modified_gmt":"2025-10-03T16:40:21","slug":"trixie-eco-lopetele-kaciu-kraikui-l-dydis-iv-spalvu","status":"publish","type":"product","link":"https:\/\/zooprekes24.lt\/et\/produktas\/trixie-eco-lopetele-kaciu-kraikui-l-dydis-iv-spalvu\/","title":{"rendered":"Trixie Eco lopet\u0117l\u0117 ka\u010di\u0173 kraikui, L dydis, \u012fv. spalv\u0173"},"content":{"rendered":"","protected":false},"excerpt":{"rendered":"","protected":false},"featured_media":41130,"comment_status":"closed","ping_status":"closed","template":"","meta":{"_acf_changed":false,"slim_seo":{"title":"Trixie Eco lopet\u0117l\u0117 ka\u010di\u0173 kraikui, L dydis, \u012fv. spalv\u0173 - Zooprekes24","description":""},"iawp_total_views":5},"product_brand":[],"product_cat":[78,83,25,9222,9034],"product_tag":[],"class_list":{"0":"post-41127","1":"product","2":"type-product","3":"status-publish","4":"has-post-thumbnail","6":"product_cat-higiena-ir-prieziura-katems","7":"product_cat-kaciu-prekiu-gamintojai","8":"product_cat-katems","9":"product_cat-trixie-katems","10":"product_cat-tualetu-priedai","11":"pa_prekiu-zenklai-trixie","13":"first","14":"instock","15":"featured","16":"taxable","17":"shipping-taxable","18":"purchasable","19":"product-type-simple"},"acf":[],"_links":{"self":[{"href":"https:\/\/zooprekes24.lt\/et\/wp-json\/wp\/v2\/product\/41127","targetHints":{"allow":["GET"]}}],"collection":[{"href":"https:\/\/zooprekes24.lt\/et\/wp-json\/wp\/v2\/product"}],"about":[{"href":"https:\/\/zooprekes24.lt\/et\/wp-json\/wp\/v2\/types\/product"}],"replies":[{"embeddable":true,"href":"https:\/\/zooprekes24.lt\/et\/wp-json\/wp\/v2\/comments?post=41127"}],"wp:featuredmedia":[{"embeddable":true,"href":"https:\/\/zooprekes24.lt\/et\/wp-json\/wp\/v2\/media\/41130"}],"wp:attachment":[{"href":"https:\/\/zooprekes24.lt\/et\/wp-json\/wp\/v2\/media?parent=41127"}],"wp:term":[{"taxonomy":"product_brand","embeddable":true,"href":"https:\/\/zooprekes24.lt\/et\/wp-json\/wp\/v2\/product_brand?post=41127"},{"taxonomy":"product_cat","embeddable":true,"href":"https:\/\/zooprekes24.lt\/et\/wp-json\/wp\/v2\/product_cat?post=41127"},{"taxonomy":"product_tag","embeddable":true,"href":"https:\/\/zooprekes24.lt\/et\/wp-json\/wp\/v2\/product_tag?post=41127"}],"curies":[{"name":"wp","href":"https:\/\/api.w.org\/{rel}","templated":true}]}}