{"id":41110,"date":"2025-10-02T10:58:44","date_gmt":"2025-10-02T08:58:44","guid":{"rendered":"https:\/\/zooprekes24.lt\/?post_type=product&#038;p=41110"},"modified":"2025-10-03T18:35:55","modified_gmt":"2025-10-03T16:35:55","slug":"trixie-ovalus-kilimelis-katems-prie-tualeto-neslystantis-tamsiai-pilkas-iv-dydziu","status":"publish","type":"product","link":"https:\/\/zooprekes24.lt\/et\/produktas\/trixie-ovalus-kilimelis-katems-prie-tualeto-neslystantis-tamsiai-pilkas-iv-dydziu\/","title":{"rendered":"Trixie ovalus kilim\u0117lis kat\u0117ms prie tualeto, neslystantis, tamsiai pilkas, \u012fv. dyd\u017ei\u0173"},"content":{"rendered":"<p>Kilim\u0117li\u0173 i\u0161matavimai:<\/p>\n<p>Ma\u017eesnis &#8211; 41 x 25 cm,<\/p>\n<p>Didesnis &#8211; 59 x 35 cm.<\/p>","protected":false},"excerpt":{"rendered":"<p>Kilim\u0117li\u0173 i\u0161matavimai: Ma\u017eesnis &#8211; 41 x 25 cm, Didesnis &#8211; 59 x 35 cm.<\/p>","protected":false},"featured_media":41113,"comment_status":"closed","ping_status":"closed","template":"","meta":{"_acf_changed":false,"slim_seo":{"title":"Trixie ovalus kilim\u0117lis kat\u0117ms prie tualeto, neslystantis, tamsiai pilkas, \u012fv. dyd\u017ei\u0173 - Zooprekes24","description":"Kilim\u0117li\u0173 i\u0161matavimai: Ma\u017eesnis - 41 x 25 cm, Didesnis - 59 x 35 cm."},"iawp_total_views":5},"product_brand":[],"product_cat":[78,83,25,9222,9034],"product_tag":[],"class_list":{"0":"post-41110","1":"product","2":"type-product","3":"status-publish","4":"has-post-thumbnail","6":"product_cat-higiena-ir-prieziura-katems","7":"product_cat-kaciu-prekiu-gamintojai","8":"product_cat-katems","9":"product_cat-trixie-katems","10":"product_cat-tualetu-priedai","11":"pa_prekiu-zenklai-trixie","13":"first","14":"instock","15":"featured","16":"taxable","17":"shipping-taxable","18":"purchasable","19":"product-type-variable"},"acf":[],"_links":{"self":[{"href":"https:\/\/zooprekes24.lt\/et\/wp-json\/wp\/v2\/product\/41110","targetHints":{"allow":["GET"]}}],"collection":[{"href":"https:\/\/zooprekes24.lt\/et\/wp-json\/wp\/v2\/product"}],"about":[{"href":"https:\/\/zooprekes24.lt\/et\/wp-json\/wp\/v2\/types\/product"}],"replies":[{"embeddable":true,"href":"https:\/\/zooprekes24.lt\/et\/wp-json\/wp\/v2\/comments?post=41110"}],"wp:featuredmedia":[{"embeddable":true,"href":"https:\/\/zooprekes24.lt\/et\/wp-json\/wp\/v2\/media\/41113"}],"wp:attachment":[{"href":"https:\/\/zooprekes24.lt\/et\/wp-json\/wp\/v2\/media?parent=41110"}],"wp:term":[{"taxonomy":"product_brand","embeddable":true,"href":"https:\/\/zooprekes24.lt\/et\/wp-json\/wp\/v2\/product_brand?post=41110"},{"taxonomy":"product_cat","embeddable":true,"href":"https:\/\/zooprekes24.lt\/et\/wp-json\/wp\/v2\/product_cat?post=41110"},{"taxonomy":"product_tag","embeddable":true,"href":"https:\/\/zooprekes24.lt\/et\/wp-json\/wp\/v2\/product_tag?post=41110"}],"curies":[{"name":"wp","href":"https:\/\/api.w.org\/{rel}","templated":true}]}}