{"id":41017,"date":"2025-10-01T10:47:06","date_gmt":"2025-10-01T08:47:06","guid":{"rendered":"https:\/\/zooprekes24.lt\/?post_type=product&#038;p=41017"},"modified":"2025-10-01T13:18:33","modified_gmt":"2025-10-01T11:18:33","slug":"trixie-berto-top-uzdaras-kaciu-tualetas-su-filtru-ir-atskyrimo-sistema","status":"publish","type":"product","link":"https:\/\/zooprekes24.lt\/et\/produktas\/trixie-berto-top-uzdaras-kaciu-tualetas-su-filtru-ir-atskyrimo-sistema\/","title":{"rendered":"Trixie Berto Top u\u017edaras ka\u010di\u0173 tualetas, su filtru ir atskyrimo sistema"},"content":{"rendered":"","protected":false},"excerpt":{"rendered":"","protected":false},"featured_media":41019,"comment_status":"closed","ping_status":"closed","template":"","meta":{"_acf_changed":false,"slim_seo":{"title":"Trixie Berto Top u\u017edaras ka\u010di\u0173 tualetas, su filtru ir atskyrimo sistema - Zooprekes24","description":""},"iawp_total_views":24},"product_brand":[],"product_cat":[78,83,25,9222,9077],"product_tag":[],"class_list":{"0":"post-41017","1":"product","2":"type-product","3":"status-publish","4":"has-post-thumbnail","6":"product_cat-higiena-ir-prieziura-katems","7":"product_cat-kaciu-prekiu-gamintojai","8":"product_cat-katems","9":"product_cat-trixie-katems","10":"product_cat-tualetai","11":"pa_prekiu-zenklai-trixie","13":"first","14":"instock","15":"featured","16":"taxable","17":"shipping-taxable","18":"purchasable","19":"product-type-simple"},"acf":[],"_links":{"self":[{"href":"https:\/\/zooprekes24.lt\/et\/wp-json\/wp\/v2\/product\/41017","targetHints":{"allow":["GET"]}}],"collection":[{"href":"https:\/\/zooprekes24.lt\/et\/wp-json\/wp\/v2\/product"}],"about":[{"href":"https:\/\/zooprekes24.lt\/et\/wp-json\/wp\/v2\/types\/product"}],"replies":[{"embeddable":true,"href":"https:\/\/zooprekes24.lt\/et\/wp-json\/wp\/v2\/comments?post=41017"}],"wp:featuredmedia":[{"embeddable":true,"href":"https:\/\/zooprekes24.lt\/et\/wp-json\/wp\/v2\/media\/41019"}],"wp:attachment":[{"href":"https:\/\/zooprekes24.lt\/et\/wp-json\/wp\/v2\/media?parent=41017"}],"wp:term":[{"taxonomy":"product_brand","embeddable":true,"href":"https:\/\/zooprekes24.lt\/et\/wp-json\/wp\/v2\/product_brand?post=41017"},{"taxonomy":"product_cat","embeddable":true,"href":"https:\/\/zooprekes24.lt\/et\/wp-json\/wp\/v2\/product_cat?post=41017"},{"taxonomy":"product_tag","embeddable":true,"href":"https:\/\/zooprekes24.lt\/et\/wp-json\/wp\/v2\/product_tag?post=41017"}],"curies":[{"name":"wp","href":"https:\/\/api.w.org\/{rel}","templated":true}]}}