{"id":40995,"date":"2025-09-30T12:37:07","date_gmt":"2025-09-30T10:37:07","guid":{"rendered":"https:\/\/zooprekes24.lt\/?post_type=product&#038;p=40995"},"modified":"2025-09-30T16:07:23","modified_gmt":"2025-09-30T14:07:23","slug":"trixie-keramikinis-dubenelis-katems-baltas-su-iv-dizainais","status":"publish","type":"product","link":"https:\/\/zooprekes24.lt\/et\/produktas\/trixie-keramikinis-dubenelis-katems-baltas-su-iv-dizainais\/","title":{"rendered":"Trixie keramikinis duben\u0117lis kat\u0117ms, baltas su \u012fv. dizainais"},"content":{"rendered":"","protected":false},"excerpt":{"rendered":"","protected":false},"featured_media":40996,"comment_status":"closed","ping_status":"closed","template":"","meta":{"_acf_changed":false,"slim_seo":{"title":"Trixie keramikinis duben\u0117lis kat\u0117ms, baltas su \u012fv. dizainais - Zooprekes24","description":""},"iawp_total_views":6},"product_brand":[],"product_cat":[9140,83,25,104,9222],"product_tag":[],"class_list":{"0":"post-40995","1":"product","2":"type-product","3":"status-publish","4":"has-post-thumbnail","6":"product_cat-dubeneliai-ir-girdyklos-kitos-kaciu-prekes","7":"product_cat-kaciu-prekiu-gamintojai","8":"product_cat-katems","9":"product_cat-kitos-kaciu-prekes","10":"product_cat-trixie-katems","11":"pa_prekiu-zenklai-trixie","13":"first","14":"instock","15":"featured","16":"taxable","17":"shipping-taxable","18":"purchasable","19":"product-type-simple"},"acf":[],"_links":{"self":[{"href":"https:\/\/zooprekes24.lt\/et\/wp-json\/wp\/v2\/product\/40995","targetHints":{"allow":["GET"]}}],"collection":[{"href":"https:\/\/zooprekes24.lt\/et\/wp-json\/wp\/v2\/product"}],"about":[{"href":"https:\/\/zooprekes24.lt\/et\/wp-json\/wp\/v2\/types\/product"}],"replies":[{"embeddable":true,"href":"https:\/\/zooprekes24.lt\/et\/wp-json\/wp\/v2\/comments?post=40995"}],"wp:featuredmedia":[{"embeddable":true,"href":"https:\/\/zooprekes24.lt\/et\/wp-json\/wp\/v2\/media\/40996"}],"wp:attachment":[{"href":"https:\/\/zooprekes24.lt\/et\/wp-json\/wp\/v2\/media?parent=40995"}],"wp:term":[{"taxonomy":"product_brand","embeddable":true,"href":"https:\/\/zooprekes24.lt\/et\/wp-json\/wp\/v2\/product_brand?post=40995"},{"taxonomy":"product_cat","embeddable":true,"href":"https:\/\/zooprekes24.lt\/et\/wp-json\/wp\/v2\/product_cat?post=40995"},{"taxonomy":"product_tag","embeddable":true,"href":"https:\/\/zooprekes24.lt\/et\/wp-json\/wp\/v2\/product_tag?post=40995"}],"curies":[{"name":"wp","href":"https:\/\/api.w.org\/{rel}","templated":true}]}}