{"id":40902,"date":"2025-09-29T13:20:16","date_gmt":"2025-09-29T11:20:16","guid":{"rendered":"https:\/\/zooprekes24.lt\/?post_type=product&#038;p=40902"},"modified":"2025-09-30T11:45:17","modified_gmt":"2025-09-30T09:45:17","slug":"trixie-plastikinis-dubeneliu-komplektas-su-padeklu-augintiniams-neslystantis-iv-spalvu","status":"publish","type":"product","link":"https:\/\/zooprekes24.lt\/et\/produktas\/trixie-plastikinis-dubeneliu-komplektas-su-padeklu-augintiniams-neslystantis-iv-spalvu\/","title":{"rendered":"Trixie plastikinis duben\u0117li\u0173 komplektas su pad\u0117klu augintiniams, neslystantis, \u012fv. spalv\u0173"},"content":{"rendered":"","protected":false},"excerpt":{"rendered":"","protected":false},"featured_media":40904,"comment_status":"closed","ping_status":"closed","template":"","meta":{"_acf_changed":false,"slim_seo":{"title":"Trixie plastikinis duben\u0117li\u0173 komplektas su pad\u0117klu augintiniams, neslystantis, \u012fv. spalv\u0173 - Zooprekes24","description":""},"iawp_total_views":7},"product_brand":[],"product_cat":[9057,9140,83,25,104,32,8999,31,9222,9219],"product_tag":[],"class_list":{"0":"post-40902","1":"product","2":"type-product","3":"status-publish","4":"has-post-thumbnail","6":"product_cat-dubeneliai-ir-girdyklos","7":"product_cat-dubeneliai-ir-girdyklos-kitos-kaciu-prekes","8":"product_cat-kaciu-prekiu-gamintojai","9":"product_cat-katems","10":"product_cat-kitos-kaciu-prekes","11":"product_cat-kitos-sunu-prekes","12":"product_cat-sunims","13":"product_cat-sunu-prekiu-gamintojai","14":"product_cat-trixie-katems","15":"product_cat-trixie-sunims","16":"pa_prekiu-zenklai-trixie","18":"first","19":"instock","20":"featured","21":"taxable","22":"shipping-taxable","23":"purchasable","24":"product-type-simple"},"acf":[],"_links":{"self":[{"href":"https:\/\/zooprekes24.lt\/et\/wp-json\/wp\/v2\/product\/40902","targetHints":{"allow":["GET"]}}],"collection":[{"href":"https:\/\/zooprekes24.lt\/et\/wp-json\/wp\/v2\/product"}],"about":[{"href":"https:\/\/zooprekes24.lt\/et\/wp-json\/wp\/v2\/types\/product"}],"replies":[{"embeddable":true,"href":"https:\/\/zooprekes24.lt\/et\/wp-json\/wp\/v2\/comments?post=40902"}],"wp:featuredmedia":[{"embeddable":true,"href":"https:\/\/zooprekes24.lt\/et\/wp-json\/wp\/v2\/media\/40904"}],"wp:attachment":[{"href":"https:\/\/zooprekes24.lt\/et\/wp-json\/wp\/v2\/media?parent=40902"}],"wp:term":[{"taxonomy":"product_brand","embeddable":true,"href":"https:\/\/zooprekes24.lt\/et\/wp-json\/wp\/v2\/product_brand?post=40902"},{"taxonomy":"product_cat","embeddable":true,"href":"https:\/\/zooprekes24.lt\/et\/wp-json\/wp\/v2\/product_cat?post=40902"},{"taxonomy":"product_tag","embeddable":true,"href":"https:\/\/zooprekes24.lt\/et\/wp-json\/wp\/v2\/product_tag?post=40902"}],"curies":[{"name":"wp","href":"https:\/\/api.w.org\/{rel}","templated":true}]}}