{"id":40850,"date":"2025-09-27T13:06:43","date_gmt":"2025-09-27T11:06:43","guid":{"rendered":"https:\/\/zooprekes24.lt\/?post_type=product&#038;p=40850"},"modified":"2025-11-13T13:54:23","modified_gmt":"2025-11-13T11:54:23","slug":"trixie-xmas-wave-kartonine-draskykle-katems-su-katzole-baltos-spalvos","status":"publish","type":"product","link":"https:\/\/zooprekes24.lt\/et\/produktas\/trixie-xmas-wave-kartonine-draskykle-katems-su-katzole-baltos-spalvos\/","title":{"rendered":"Trixie Xmas Wave kartonin\u0117 draskykl\u0117 kat\u0117ms, su kat\u017eole, baltos spalvos"},"content":{"rendered":"","protected":false},"excerpt":{"rendered":"","protected":false},"featured_media":40851,"comment_status":"closed","ping_status":"closed","template":"","meta":{"_acf_changed":false,"slim_seo":{"title":"Trixie Xmas Wave kartonin\u0117 draskykl\u0117 kat\u0117ms, su kat\u017eole, baltos spalvos - Zooprekes24","description":""},"iawp_total_views":9},"product_brand":[],"product_cat":[9237,83,9268,25,104,9222],"product_tag":[],"class_list":{"0":"post-40850","1":"product","2":"type-product","3":"status-publish","4":"has-post-thumbnail","6":"product_cat-draskykles-ir-stovai","7":"product_cat-kaciu-prekiu-gamintojai","8":"product_cat-kaledos","9":"product_cat-katems","10":"product_cat-kitos-kaciu-prekes","11":"product_cat-trixie-katems","12":"pa_prekiu-zenklai-trixie","14":"first","15":"instock","16":"featured","17":"taxable","18":"shipping-taxable","19":"purchasable","20":"product-type-simple"},"acf":[],"_links":{"self":[{"href":"https:\/\/zooprekes24.lt\/et\/wp-json\/wp\/v2\/product\/40850","targetHints":{"allow":["GET"]}}],"collection":[{"href":"https:\/\/zooprekes24.lt\/et\/wp-json\/wp\/v2\/product"}],"about":[{"href":"https:\/\/zooprekes24.lt\/et\/wp-json\/wp\/v2\/types\/product"}],"replies":[{"embeddable":true,"href":"https:\/\/zooprekes24.lt\/et\/wp-json\/wp\/v2\/comments?post=40850"}],"wp:featuredmedia":[{"embeddable":true,"href":"https:\/\/zooprekes24.lt\/et\/wp-json\/wp\/v2\/media\/40851"}],"wp:attachment":[{"href":"https:\/\/zooprekes24.lt\/et\/wp-json\/wp\/v2\/media?parent=40850"}],"wp:term":[{"taxonomy":"product_brand","embeddable":true,"href":"https:\/\/zooprekes24.lt\/et\/wp-json\/wp\/v2\/product_brand?post=40850"},{"taxonomy":"product_cat","embeddable":true,"href":"https:\/\/zooprekes24.lt\/et\/wp-json\/wp\/v2\/product_cat?post=40850"},{"taxonomy":"product_tag","embeddable":true,"href":"https:\/\/zooprekes24.lt\/et\/wp-json\/wp\/v2\/product_tag?post=40850"}],"curies":[{"name":"wp","href":"https:\/\/api.w.org\/{rel}","templated":true}]}}