{"id":40714,"date":"2025-09-23T11:34:05","date_gmt":"2025-09-23T09:34:05","guid":{"rendered":"https:\/\/zooprekes24.lt\/?post_type=product&#038;p=40714"},"modified":"2025-09-27T11:55:51","modified_gmt":"2025-09-27T09:55:51","slug":"trixie-pakabinama-draskykle-katems-gali-buti-naudojama-kaip-kilimelis-draskymui-su-kamuoliuku-kremines-spalvos","status":"publish","type":"product","link":"https:\/\/zooprekes24.lt\/et\/produktas\/trixie-pakabinama-draskykle-katems-gali-buti-naudojama-kaip-kilimelis-draskymui-su-kamuoliuku-kremines-spalvos\/","title":{"rendered":"Trixie pakabinama draskykl\u0117 kat\u0117ms, gali b\u016bti naudojama kaip kilim\u0117lis draskymui, su kamuoliuku, kremin\u0117s spalvos"},"content":{"rendered":"","protected":false},"excerpt":{"rendered":"","protected":false},"featured_media":40715,"comment_status":"closed","ping_status":"closed","template":"","meta":{"_acf_changed":false,"slim_seo":{"title":"Trixie pakabinama draskykl\u0117 kat\u0117ms, gali b\u016bti naudojama kaip kilim\u0117lis draskymui, su kamuoliuku, kremin\u0117s spalvos - Zooprekes24","description":""},"iawp_total_views":6},"product_brand":[],"product_cat":[9237,83,25,104,9222],"product_tag":[],"class_list":{"0":"post-40714","1":"product","2":"type-product","3":"status-publish","4":"has-post-thumbnail","6":"product_cat-draskykles-ir-stovai","7":"product_cat-kaciu-prekiu-gamintojai","8":"product_cat-katems","9":"product_cat-kitos-kaciu-prekes","10":"product_cat-trixie-katems","11":"pa_prekiu-zenklai-trixie","13":"first","14":"instock","15":"featured","16":"taxable","17":"shipping-taxable","18":"purchasable","19":"product-type-simple"},"acf":[],"_links":{"self":[{"href":"https:\/\/zooprekes24.lt\/et\/wp-json\/wp\/v2\/product\/40714","targetHints":{"allow":["GET"]}}],"collection":[{"href":"https:\/\/zooprekes24.lt\/et\/wp-json\/wp\/v2\/product"}],"about":[{"href":"https:\/\/zooprekes24.lt\/et\/wp-json\/wp\/v2\/types\/product"}],"replies":[{"embeddable":true,"href":"https:\/\/zooprekes24.lt\/et\/wp-json\/wp\/v2\/comments?post=40714"}],"wp:featuredmedia":[{"embeddable":true,"href":"https:\/\/zooprekes24.lt\/et\/wp-json\/wp\/v2\/media\/40715"}],"wp:attachment":[{"href":"https:\/\/zooprekes24.lt\/et\/wp-json\/wp\/v2\/media?parent=40714"}],"wp:term":[{"taxonomy":"product_brand","embeddable":true,"href":"https:\/\/zooprekes24.lt\/et\/wp-json\/wp\/v2\/product_brand?post=40714"},{"taxonomy":"product_cat","embeddable":true,"href":"https:\/\/zooprekes24.lt\/et\/wp-json\/wp\/v2\/product_cat?post=40714"},{"taxonomy":"product_tag","embeddable":true,"href":"https:\/\/zooprekes24.lt\/et\/wp-json\/wp\/v2\/product_tag?post=40714"}],"curies":[{"name":"wp","href":"https:\/\/api.w.org\/{rel}","templated":true}]}}