{"id":40684,"date":"2025-09-23T10:21:07","date_gmt":"2025-09-23T08:21:07","guid":{"rendered":"https:\/\/zooprekes24.lt\/?post_type=product&#038;p=40684"},"modified":"2025-09-25T15:22:43","modified_gmt":"2025-09-25T13:22:43","slug":"trixie-draskykle-stulpas-katems-iv-spalvu-50cm","status":"publish","type":"product","link":"https:\/\/zooprekes24.lt\/et\/produktas\/trixie-draskykle-stulpas-katems-iv-spalvu-50cm\/","title":{"rendered":"Trixie draskykl\u0117 stulpas kat\u0117ms, \u012fv. spalv\u0173, 50 cm"},"content":{"rendered":"","protected":false},"excerpt":{"rendered":"","protected":false},"featured_media":40685,"comment_status":"closed","ping_status":"closed","template":"","meta":{"_acf_changed":false,"slim_seo":{"title":"Trixie draskykl\u0117 stulpas kat\u0117ms, \u012fv. spalv\u0173, 50 cm - Zooprekes24","description":""},"iawp_total_views":4},"product_brand":[],"product_cat":[9237,83,25,104,9222],"product_tag":[],"class_list":{"0":"post-40684","1":"product","2":"type-product","3":"status-publish","4":"has-post-thumbnail","6":"product_cat-draskykles-ir-stovai","7":"product_cat-kaciu-prekiu-gamintojai","8":"product_cat-katems","9":"product_cat-kitos-kaciu-prekes","10":"product_cat-trixie-katems","11":"pa_prekiu-zenklai-trixie","13":"first","14":"instock","15":"featured","16":"taxable","17":"shipping-taxable","18":"purchasable","19":"product-type-simple"},"acf":[],"_links":{"self":[{"href":"https:\/\/zooprekes24.lt\/et\/wp-json\/wp\/v2\/product\/40684","targetHints":{"allow":["GET"]}}],"collection":[{"href":"https:\/\/zooprekes24.lt\/et\/wp-json\/wp\/v2\/product"}],"about":[{"href":"https:\/\/zooprekes24.lt\/et\/wp-json\/wp\/v2\/types\/product"}],"replies":[{"embeddable":true,"href":"https:\/\/zooprekes24.lt\/et\/wp-json\/wp\/v2\/comments?post=40684"}],"wp:featuredmedia":[{"embeddable":true,"href":"https:\/\/zooprekes24.lt\/et\/wp-json\/wp\/v2\/media\/40685"}],"wp:attachment":[{"href":"https:\/\/zooprekes24.lt\/et\/wp-json\/wp\/v2\/media?parent=40684"}],"wp:term":[{"taxonomy":"product_brand","embeddable":true,"href":"https:\/\/zooprekes24.lt\/et\/wp-json\/wp\/v2\/product_brand?post=40684"},{"taxonomy":"product_cat","embeddable":true,"href":"https:\/\/zooprekes24.lt\/et\/wp-json\/wp\/v2\/product_cat?post=40684"},{"taxonomy":"product_tag","embeddable":true,"href":"https:\/\/zooprekes24.lt\/et\/wp-json\/wp\/v2\/product_tag?post=40684"}],"curies":[{"name":"wp","href":"https:\/\/api.w.org\/{rel}","templated":true}]}}