{"id":40600,"date":"2025-09-19T13:30:17","date_gmt":"2025-09-19T11:30:17","guid":{"rendered":"https:\/\/zooprekes24.lt\/?post_type=product&#038;p=40600"},"modified":"2025-09-25T13:34:56","modified_gmt":"2025-09-25T11:34:56","slug":"churu-chicken-pumpkin-meal-topper-skanestai-sunims-56g","status":"publish","type":"product","link":"https:\/\/zooprekes24.lt\/et\/produktas\/churu-chicken-pumpkin-meal-topper-skanestai-sunims-56g\/","title":{"rendered":"Churu Chicken Pumpkin Meal Topper skan\u0117stai \u0161unims 56 g"},"content":{"rendered":"<h3>Churu Chicken Pumpkin Meal Topper tyrel\u0117se yra daug dr\u0117gm\u0117s, kuri yra b\u016btina gerai \u0161un\u0173 sveikatai. Taip pat \u0161i\u0173 tyreli\u0173 sud\u0117tyje n\u0117ra gr\u016bd\u0173, konservant\u0173 ir dirbtini\u0173 da\u017eikli\u0173. Juos galite naudoti keliais b\u016bdais: duoti lai\u017eyti i\u0161spaudus i\u0161 t\u016bbel\u0117s arba naudoti kaip sauso maisto papild\u0105.<\/h3>\n<ul>\n<li>Sud\u0117tyje gausu dr\u0117gm\u0117s ir ma\u017eai riebal\u0173.<\/li>\n<li>Pagaminta i\u0161 nat\u016bralios, fermoje u\u017eaugintos m\u0117sos.<\/li>\n<li>Sud\u0117tyje n\u0117ra gr\u016bd\u0173, prid\u0117tini\u0173 da\u017eikli\u0173 ar konservant\u0173.<\/li>\n<li>Tinka vartoti kasdien: kaip skan\u0117stas arba kaip visavertis \u0161un\u0173 maistas.<\/li>\n<li>Kreminis skan\u0117stas \u0161un\u0173 maistui gardinti, paver\u010diantis \u012fprast\u0105 pa\u0161ar\u0105 daug gardesniu ir gausesniu dr\u0117gm\u0117s.<\/li>\n<li>Padeda sumink\u0161tinti saus\u0105 pa\u0161ar\u0105, tod\u0117l idealiai tinka \u0161unims, turintiems jautrius dantis ar jautri\u0105 vir\u0161kinimo sistem\u0105.<\/li>\n<\/ul>","protected":false},"excerpt":{"rendered":"<p>Churu Chicken Pumpkin Meal Topper tyrel\u0117se yra daug dr\u0117gm\u0117s, kuri yra b\u016btina gerai \u0161un\u0173 sveikatai. Taip pat \u0161i\u0173 tyreli\u0173 sud\u0117tyje n\u0117ra gr\u016bd\u0173, konservant\u0173 ir dirbtini\u0173 da\u017eikli\u0173. Juos galite naudoti keliais b\u016bdais: duoti lai\u017eyti i\u0161spaudus i\u0161 t\u016bbel\u0117s arba naudoti kaip sauso maisto papild\u0105. Sud\u0117tyje gausu dr\u0117gm\u0117s ir ma\u017eai riebal\u0173. Pagaminta i\u0161 nat\u016bralios, fermoje u\u017eaugintos m\u0117sos. Sud\u0117tyje&#8230;<\/p>","protected":false},"featured_media":40601,"comment_status":"closed","ping_status":"closed","template":"","meta":{"_acf_changed":false,"slim_seo":{"title":"Churu Chicken Pumpkin Meal Topper skan\u0117stai \u0161unims 56 g - Zooprekes24","description":"Churu Chicken Pumpkin Meal Topper tyrel\u0117se yra daug dr\u0117gm\u0117s, kuri yra b\u016btina gerai \u0161un\u0173 sveikatai. Taip pat \u0161i\u0173 tyreli\u0173 sud\u0117tyje n\u0117ra gr\u016bd\u0173, konservant\u0173 ir dirb"},"iawp_total_views":5},"product_brand":[],"product_cat":[9240,9010,8999,31,30],"product_tag":[],"class_list":{"0":"post-40600","1":"product","2":"type-product","3":"status-publish","4":"has-post-thumbnail","6":"product_cat-churu-sunims","7":"product_cat-naturalus-skanestai","8":"product_cat-sunims","9":"product_cat-sunu-prekiu-gamintojai","10":"product_cat-sunu-skanestai","11":"pa_pasaro-sudetis-darzoves","12":"pa_pasaro-sudetis-vistiena","13":"pa_prekiu-zenklai-churu","14":"pa_suns-amzius-jauniems","15":"pa_suns-amzius-senjorams","16":"pa_suns-amzius-suaugusiems","17":"pa_suns-amzius-visiems-amziams","18":"pa_veisles-dydis-didelems-veislems","19":"pa_veisles-dydis-mazoms-veislems","20":"pa_veisles-dydis-vidutinems-veislems","21":"pa_veisles-dydis-visu-dydziu-veislems","23":"first","24":"instock","25":"taxable","26":"shipping-taxable","27":"purchasable","28":"product-type-simple"},"acf":[],"_links":{"self":[{"href":"https:\/\/zooprekes24.lt\/et\/wp-json\/wp\/v2\/product\/40600","targetHints":{"allow":["GET"]}}],"collection":[{"href":"https:\/\/zooprekes24.lt\/et\/wp-json\/wp\/v2\/product"}],"about":[{"href":"https:\/\/zooprekes24.lt\/et\/wp-json\/wp\/v2\/types\/product"}],"replies":[{"embeddable":true,"href":"https:\/\/zooprekes24.lt\/et\/wp-json\/wp\/v2\/comments?post=40600"}],"wp:featuredmedia":[{"embeddable":true,"href":"https:\/\/zooprekes24.lt\/et\/wp-json\/wp\/v2\/media\/40601"}],"wp:attachment":[{"href":"https:\/\/zooprekes24.lt\/et\/wp-json\/wp\/v2\/media?parent=40600"}],"wp:term":[{"taxonomy":"product_brand","embeddable":true,"href":"https:\/\/zooprekes24.lt\/et\/wp-json\/wp\/v2\/product_brand?post=40600"},{"taxonomy":"product_cat","embeddable":true,"href":"https:\/\/zooprekes24.lt\/et\/wp-json\/wp\/v2\/product_cat?post=40600"},{"taxonomy":"product_tag","embeddable":true,"href":"https:\/\/zooprekes24.lt\/et\/wp-json\/wp\/v2\/product_tag?post=40600"}],"curies":[{"name":"wp","href":"https:\/\/api.w.org\/{rel}","templated":true}]}}