{"id":40598,"date":"2025-09-19T13:24:56","date_gmt":"2025-09-19T11:24:56","guid":{"rendered":"https:\/\/zooprekes24.lt\/?post_type=product&#038;p=40598"},"modified":"2026-02-03T09:15:42","modified_gmt":"2026-02-03T07:15:42","slug":"churu-chicken-cheese-skanestai-sunims-160g","status":"publish","type":"product","link":"https:\/\/zooprekes24.lt\/et\/produktas\/churu-chicken-cheese-skanestai-sunims-160g\/","title":{"rendered":"Churu Chicken Cheese maiuspala koertele 160 g"},"content":{"rendered":"<h3>Churu Chicken Cheese - p\u00fcreed on k\u00f5rge niiskusesisaldusega, mis on koera hea tervise jaoks h\u00e4davajalik. Need p\u00fcreed ei sisalda teravilja, s\u00e4ilitusaineid ega kunstlikke v\u00e4rvaineid. Neid saab kasutada mitmel viisil: p\u00e4rast tuubist v\u00e4lja pigistamist lakukeseks v\u00f5i kuivtoidulisandina.<\/h3>\n<ul>\n<li>V\u00e4hese kalorsusega.<\/li>\n<li>Kreemjas tekstuur ja soolane maitse.<\/li>\n<li>Be gr\u016bd\u0173, konservant\u0173 ir dirbtini\u0173 da\u017eikli\u0173.<\/li>\n<li>Valmistatud 100% farmi kanadest.<\/li>\n<li>P\u00fcree sisaldab rohkelt niiskust, mis on koerte hea tervise jaoks h\u00e4davajalik.<\/li>\n<li>Churu maiuspalad on uuenduslik, interaktiivne viis oma lemmikloomaga aega veeta.<\/li>\n<\/ul>","protected":false},"excerpt":{"rendered":"<p>Churu Chicken Cheese &#8211; tyrel\u0117se yra daug dr\u0117gm\u0117s, kuri yra b\u016btina gerai \u0161un\u0173 sveikatai. Taip pat \u0161i\u0173 tyreli\u0173 sud\u0117tyje n\u0117ra gr\u016bd\u0173, konservant\u0173 ir dirbtini\u0173 da\u017eikli\u0173. Juos galite naudoti keliais b\u016bdais: duoti lai\u017eyti i\u0161spaudus i\u0161 t\u016bbel\u0117s arba naudoti kaip sauso maisto papild\u0105. Ma\u017eai kalorij\u0173. Kremin\u0117 tekst\u016bra ir pikanti\u0161kas skonis. Be gr\u016bd\u0173, konservant\u0173 ir dirbtini\u0173 da\u017eikli\u0173. Pagaminta&#8230;<\/p>","protected":false},"featured_media":40599,"comment_status":"closed","ping_status":"closed","template":"","meta":{"_acf_changed":false,"slim_seo":{"title":"Churu Chicken Cheese skan\u0117stai \u0161unims 160 g - Zooprekes24","description":"Churu Chicken Cheese - p\u00fcreed on k\u00f5rge niiskusesisaldusega, mis on koera hea tervise jaoks h\u00e4davajalik. Need p\u00fcreed ei sisalda teravilja, s\u00e4ilitusaineid ega kunstlikke v\u00e4rvaineid."},"iawp_total_views":9},"product_brand":[],"product_cat":[9240,9010,8999,31,30],"product_tag":[],"class_list":{"0":"post-40598","1":"product","2":"type-product","3":"status-publish","4":"has-post-thumbnail","6":"product_cat-churu-sunims","7":"product_cat-naturalus-skanestai","8":"product_cat-sunims","9":"product_cat-sunu-prekiu-gamintojai","10":"product_cat-sunu-skanestai","11":"pa_pasaro-sudetis-suris","12":"pa_pasaro-sudetis-vistiena","13":"pa_prekiu-zenklai-churu","14":"pa_suns-amzius-jauniems","15":"pa_suns-amzius-senjorams","16":"pa_suns-amzius-suaugusiems","17":"pa_suns-amzius-visiems-amziams","18":"pa_veisles-dydis-didelems-veislems","19":"pa_veisles-dydis-mazoms-veislems","20":"pa_veisles-dydis-vidutinems-veislems","21":"pa_veisles-dydis-visu-dydziu-veislems","23":"first","24":"instock","25":"taxable","26":"shipping-taxable","27":"purchasable","28":"product-type-simple"},"acf":[],"_links":{"self":[{"href":"https:\/\/zooprekes24.lt\/et\/wp-json\/wp\/v2\/product\/40598","targetHints":{"allow":["GET"]}}],"collection":[{"href":"https:\/\/zooprekes24.lt\/et\/wp-json\/wp\/v2\/product"}],"about":[{"href":"https:\/\/zooprekes24.lt\/et\/wp-json\/wp\/v2\/types\/product"}],"replies":[{"embeddable":true,"href":"https:\/\/zooprekes24.lt\/et\/wp-json\/wp\/v2\/comments?post=40598"}],"wp:featuredmedia":[{"embeddable":true,"href":"https:\/\/zooprekes24.lt\/et\/wp-json\/wp\/v2\/media\/40599"}],"wp:attachment":[{"href":"https:\/\/zooprekes24.lt\/et\/wp-json\/wp\/v2\/media?parent=40598"}],"wp:term":[{"taxonomy":"product_brand","embeddable":true,"href":"https:\/\/zooprekes24.lt\/et\/wp-json\/wp\/v2\/product_brand?post=40598"},{"taxonomy":"product_cat","embeddable":true,"href":"https:\/\/zooprekes24.lt\/et\/wp-json\/wp\/v2\/product_cat?post=40598"},{"taxonomy":"product_tag","embeddable":true,"href":"https:\/\/zooprekes24.lt\/et\/wp-json\/wp\/v2\/product_tag?post=40598"}],"curies":[{"name":"wp","href":"https:\/\/api.w.org\/{rel}","templated":true}]}}