{"id":40594,"date":"2025-09-19T13:10:59","date_gmt":"2025-09-19T11:10:59","guid":{"rendered":"https:\/\/zooprekes24.lt\/?post_type=product&#038;p=40594"},"modified":"2026-03-02T14:35:02","modified_gmt":"2026-03-02T12:35:02","slug":"churu-bites-chicken-salmon-skanestai-sunims-96g","status":"publish","type":"product","link":"https:\/\/zooprekes24.lt\/et\/produktas\/churu-bites-chicken-salmon-skanestai-sunims-96g\/","title":{"rendered":"Churu Bites Chicken Salmon skan\u0117stai \u0161unims 96 g"},"content":{"rendered":"<h3>Churu Bites Chicken Salmon &#8211; mink\u0161ti pagalv\u0117s formos nat\u016bral\u016bs vi\u0161tienos ir la\u0161i\u0161os skan\u0117stai su \u017ealiosios arbatos ekstraktu ir vitaminu E. Be gr\u016bd\u0173, konservant\u0173 ir dirbtini\u0173 da\u017eikli\u0173. Kiekvienoje pakuot\u0117je yra a\u0161tuonios atskiros pakuot\u0117s, kad b\u016bt\u0173 i\u0161laikytas maksimalus \u0161vie\u017eumas.<\/h3>\n<ul>\n<li>2 erinevat tekstuuri \u00fches suut\u00e4iega.<\/li>\n<li>Be gr\u016bd\u0173, konservant\u0173 ir dirbtini\u0173 da\u017eikli\u0173.<\/li>\n<li>Pagaminta i\u0161 100% \u016bkyje u\u017eaugintos vi\u0161tienos ir laukin\u0117s la\u0161i\u0161os.<\/li>\n<li>Maitsev kreemjas t\u00e4idis maiustuste sees ja praetud kanapasta v\u00e4ljastpoolt.<\/li>\n<li>Maitsmekott sisaldab 8 \u00fcksikut pakendit, et s\u00e4ilitada maksimaalne v\u00e4rskus.<\/li>\n<\/ul>","protected":false},"excerpt":{"rendered":"<p>Churu Bites Chicken Salmon &#8211; mink\u0161ti pagalv\u0117s formos nat\u016bral\u016bs vi\u0161tienos ir la\u0161i\u0161os skan\u0117stai su \u017ealiosios arbatos ekstraktu ir vitaminu E. Be gr\u016bd\u0173, konservant\u0173 ir dirbtini\u0173 da\u017eikli\u0173. Kiekvienoje pakuot\u0117je yra a\u0161tuonios atskiros pakuot\u0117s, kad b\u016bt\u0173 i\u0161laikytas maksimalus \u0161vie\u017eumas. 2 skirtingos tekst\u016bros viename k\u0105snyje. Be gr\u016bd\u0173, konservant\u0173 ir dirbtini\u0173 da\u017eikli\u0173. Pagaminta i\u0161 100% \u016bkyje u\u017eaugintos vi\u0161tienos ir&#8230;<\/p>","protected":false},"featured_media":40595,"comment_status":"closed","ping_status":"closed","template":"","meta":{"_acf_changed":false,"slim_seo":{"title":"Churu Bites Chicken Salmon skan\u0117stai \u0161unims 96 g - Zooprekes24","description":"Churu Bites Chicken Salmon - mink\u0161ti pagalv\u0117s formos nat\u016bral\u016bs vi\u0161tienos ir la\u0161i\u0161os skan\u0117stai su \u017ealiosios arbatos ekstraktu ir vitaminu E. Be gr\u016bd\u0173, konservant"},"iawp_total_views":6},"product_brand":[],"product_cat":[9240,9010,8999,31,30],"product_tag":[],"class_list":{"0":"post-40594","1":"product","2":"type-product","3":"status-publish","4":"has-post-thumbnail","6":"product_cat-churu-sunims","7":"product_cat-naturalus-skanestai","8":"product_cat-sunims","9":"product_cat-sunu-prekiu-gamintojai","10":"product_cat-sunu-skanestai","11":"pa_pasaro-sudetis-lasisa","12":"pa_pasaro-sudetis-tunas","13":"pa_pasaro-sudetis-vistiena","14":"pa_pasaro-sudetis-zuvis","15":"pa_prekiu-zenklai-churu","16":"pa_suns-amzius-jauniems","17":"pa_suns-amzius-senjorams","18":"pa_suns-amzius-suaugusiems","19":"pa_suns-amzius-visiems-amziams","20":"pa_veisles-dydis-didelems-veislems","21":"pa_veisles-dydis-mazoms-veislems","22":"pa_veisles-dydis-vidutinems-veislems","23":"pa_veisles-dydis-visu-dydziu-veislems","25":"first","26":"instock","27":"taxable","28":"shipping-taxable","29":"purchasable","30":"product-type-simple"},"acf":[],"_links":{"self":[{"href":"https:\/\/zooprekes24.lt\/et\/wp-json\/wp\/v2\/product\/40594","targetHints":{"allow":["GET"]}}],"collection":[{"href":"https:\/\/zooprekes24.lt\/et\/wp-json\/wp\/v2\/product"}],"about":[{"href":"https:\/\/zooprekes24.lt\/et\/wp-json\/wp\/v2\/types\/product"}],"replies":[{"embeddable":true,"href":"https:\/\/zooprekes24.lt\/et\/wp-json\/wp\/v2\/comments?post=40594"}],"wp:featuredmedia":[{"embeddable":true,"href":"https:\/\/zooprekes24.lt\/et\/wp-json\/wp\/v2\/media\/40595"}],"wp:attachment":[{"href":"https:\/\/zooprekes24.lt\/et\/wp-json\/wp\/v2\/media?parent=40594"}],"wp:term":[{"taxonomy":"product_brand","embeddable":true,"href":"https:\/\/zooprekes24.lt\/et\/wp-json\/wp\/v2\/product_brand?post=40594"},{"taxonomy":"product_cat","embeddable":true,"href":"https:\/\/zooprekes24.lt\/et\/wp-json\/wp\/v2\/product_cat?post=40594"},{"taxonomy":"product_tag","embeddable":true,"href":"https:\/\/zooprekes24.lt\/et\/wp-json\/wp\/v2\/product_tag?post=40594"}],"curies":[{"name":"wp","href":"https:\/\/api.w.org\/{rel}","templated":true}]}}