{"id":40591,"date":"2025-09-19T13:00:32","date_gmt":"2025-09-19T11:00:32","guid":{"rendered":"https:\/\/zooprekes24.lt\/?post_type=product&#038;p=40591"},"modified":"2026-03-02T14:37:49","modified_gmt":"2026-03-02T12:37:49","slug":"churu-fun-bites-chicken-sweet-potato-skanestai-sunims-96g","status":"publish","type":"product","link":"https:\/\/zooprekes24.lt\/et\/produktas\/churu-fun-bites-chicken-sweet-potato-skanestai-sunims-96g\/","title":{"rendered":"Churu Fun Bites Chicken Sweet Potato skan\u0117stai \u0161unims 96 g"},"content":{"rendered":"<h3>Churu Fun Bites Chicken Sweet Potato yra mink\u0161ti pagalv\u0117s formos nat\u016bral\u016bs skan\u0117stai su vi\u0161tiena ir sald\u017eia bulve. Be gr\u016bd\u0173, konservant\u0173 ir dirbtini\u0173 da\u017eikli\u0173. <span>Supakuoti atskiruose, ma\u017euose pakeli<\/span>uose, tod\u0117l i\u0161lieka \u0161vie\u017e\u016bs ir gali b\u016bti patogiai tiekiami \u0161unims.<\/h3>\n<ul>\n<li>Pagaminta i\u0161 nat\u016bralios, fermoje u\u017eaugintos m\u0117sos.<\/li>\n<li>Sud\u0117tyje n\u0117ra gr\u016bd\u0173, konservant\u0173 ir dirbtini\u0173 da\u017eikli\u0173.<\/li>\n<li>Supakuota ma\u017euose pakeliuose, kuriuos patogu patiekti vienam ar daugiau keturkoj\u0173.<\/li>\n<li>Lengvai kramtomi, dvigubos tekst\u016bros skan\u0117stai \u0161unims: su kreminiu vi\u0161tienos ir sald\u017ei\u0173 bulvi\u0173 \u012fdaru mink\u0161tame vi\u0161tienos apvalkale.<\/li>\n<\/ul>","protected":false},"excerpt":{"rendered":"<p>Churu Fun Bites Chicken Sweet Potato yra mink\u0161ti pagalv\u0117s formos nat\u016bral\u016bs skan\u0117stai su vi\u0161tiena ir sald\u017eia bulve. Be gr\u016bd\u0173, konservant\u0173 ir dirbtini\u0173 da\u017eikli\u0173. Supakuoti atskiruose, ma\u017euose pakeliuose, tod\u0117l i\u0161lieka \u0161vie\u017e\u016bs ir gali b\u016bti patogiai tiekiami \u0161unims. Pagaminta i\u0161 nat\u016bralios, fermoje u\u017eaugintos m\u0117sos. Sud\u0117tyje n\u0117ra gr\u016bd\u0173, konservant\u0173 ir dirbtini\u0173 da\u017eikli\u0173. Supakuota ma\u017euose pakeliuose, kuriuos patogu patiekti&#8230;<\/p>","protected":false},"featured_media":40592,"comment_status":"closed","ping_status":"closed","template":"","meta":{"_acf_changed":false,"slim_seo":{"title":"Churu Fun Bites Chicken Sweet Potato skan\u0117stai \u0161unims 96 g - Zooprekes24","description":"Churu Fun Bites Chicken Sweet Potato yra mink\u0161ti pagalv\u0117s formos nat\u016bral\u016bs skan\u0117stai su vi\u0161tiena ir sald\u017eia bulve. Be gr\u016bd\u0173, konservant\u0173 ir dirbtini\u0173 da\u017eikli\u0173."},"iawp_total_views":7},"product_brand":[],"product_cat":[9240,9010,8999,31,30],"product_tag":[],"class_list":{"0":"post-40591","1":"product","2":"type-product","3":"status-publish","4":"has-post-thumbnail","6":"product_cat-churu-sunims","7":"product_cat-naturalus-skanestai","8":"product_cat-sunims","9":"product_cat-sunu-prekiu-gamintojai","10":"product_cat-sunu-skanestai","11":"pa_pasaro-sudetis-darzoves","12":"pa_pasaro-sudetis-tunas","13":"pa_pasaro-sudetis-vistiena","14":"pa_prekiu-zenklai-churu","15":"pa_suns-amzius-jauniems","16":"pa_suns-amzius-senjorams","17":"pa_suns-amzius-suaugusiems","18":"pa_suns-amzius-visiems-amziams","20":"first","21":"instock","22":"taxable","23":"shipping-taxable","24":"purchasable","25":"product-type-simple"},"acf":[],"_links":{"self":[{"href":"https:\/\/zooprekes24.lt\/et\/wp-json\/wp\/v2\/product\/40591","targetHints":{"allow":["GET"]}}],"collection":[{"href":"https:\/\/zooprekes24.lt\/et\/wp-json\/wp\/v2\/product"}],"about":[{"href":"https:\/\/zooprekes24.lt\/et\/wp-json\/wp\/v2\/types\/product"}],"replies":[{"embeddable":true,"href":"https:\/\/zooprekes24.lt\/et\/wp-json\/wp\/v2\/comments?post=40591"}],"wp:featuredmedia":[{"embeddable":true,"href":"https:\/\/zooprekes24.lt\/et\/wp-json\/wp\/v2\/media\/40592"}],"wp:attachment":[{"href":"https:\/\/zooprekes24.lt\/et\/wp-json\/wp\/v2\/media?parent=40591"}],"wp:term":[{"taxonomy":"product_brand","embeddable":true,"href":"https:\/\/zooprekes24.lt\/et\/wp-json\/wp\/v2\/product_brand?post=40591"},{"taxonomy":"product_cat","embeddable":true,"href":"https:\/\/zooprekes24.lt\/et\/wp-json\/wp\/v2\/product_cat?post=40591"},{"taxonomy":"product_tag","embeddable":true,"href":"https:\/\/zooprekes24.lt\/et\/wp-json\/wp\/v2\/product_tag?post=40591"}],"curies":[{"name":"wp","href":"https:\/\/api.w.org\/{rel}","templated":true}]}}