{"id":40506,"date":"2025-09-18T13:39:44","date_gmt":"2025-09-18T11:39:44","guid":{"rendered":"https:\/\/zooprekes24.lt\/?post_type=product&#038;p=40506"},"modified":"2026-03-02T14:30:33","modified_gmt":"2026-03-02T12:30:33","slug":"ciao-vistienos-ir-tuno-sultinys-katems","status":"publish","type":"product","link":"https:\/\/zooprekes24.lt\/et\/produktas\/ciao-vistienos-ir-tuno-sultinys-katems\/","title":{"rendered":"Ciao vi\u0161tienos ir tuno sultinys kat\u0117ms"},"content":{"rendered":"<h3><span>Vi\u0161tienos ir tuno sultinys kat\u0117ms.<\/span><\/h3>\n<ul>\n<li>Pikanti\u0161kas, sveikas ir nekaloringas u\u017ekandis kat\u0117ms.<\/li>\n<li>Sud\u0117tyje n\u0117ra gr\u016bd\u0173, prid\u0117tini\u0173 da\u017eikli\u0173 ar konservant\u0173.<\/li>\n<li>Mink\u0161tos vi\u0161tienos ir tuno m\u0117sos juostel\u0117s gard\u017eiame sultinyje.<\/li>\n<li>Papildyta vitaminu E, padedan\u010diu palaikyti sveik\u0105 kat\u0117s imunin\u0119 sistem\u0105.<\/li>\n<\/ul>","protected":false},"excerpt":{"rendered":"<p>Vi\u0161tienos ir tuno sultinys kat\u0117ms. Pikanti\u0161kas, sveikas ir nekaloringas u\u017ekandis kat\u0117ms. Sud\u0117tyje n\u0117ra gr\u016bd\u0173, prid\u0117tini\u0173 da\u017eikli\u0173 ar konservant\u0173. Mink\u0161tos vi\u0161tienos ir tuno m\u0117sos juostel\u0117s gard\u017eiame sultinyje. Papildyta vitaminu E, padedan\u010diu palaikyti sveik\u0105 kat\u0117s imunin\u0119 sistem\u0105.<\/p>","protected":false},"featured_media":40509,"comment_status":"closed","ping_status":"closed","template":"","meta":{"_acf_changed":false,"slim_seo":{"title":"Ciao vi\u0161tienos ir tuno sultinys kat\u0117ms - Zooprekes24","description":"Vi\u0161tienos ir tuno sultinys kat\u0117ms. Pikanti\u0161kas, sveikas ir nekaloringas u\u017ekandis kat\u0117ms. Sud\u0117tyje n\u0117ra gr\u016bd\u0173, prid\u0117tini\u0173 da\u017eikli\u0173 ar konservant\u0173. Mink\u0161tos vi\u0161ti"},"iawp_total_views":6},"product_brand":[],"product_cat":[9027,72,25,9020],"product_tag":[2008],"class_list":{"0":"post-40506","1":"product","2":"type-product","3":"status-publish","4":"has-post-thumbnail","6":"product_cat-begrudis-maistas-kaciu-maistas","7":"product_cat-kaciu-maistas","8":"product_cat-katems","9":"product_cat-slapias-maistas-kaciu-maistas","10":"product_tag-kaciu-skanestai","11":"pa_pasaro-sudetis-tunas","12":"pa_pasaro-sudetis-vistiena","13":"pa_pasaro-sudetis-zuvis","14":"pa_prekiu-zenklai-ciao","16":"first","17":"instock","18":"taxable","19":"shipping-taxable","20":"purchasable","21":"product-type-variable"},"acf":[],"_links":{"self":[{"href":"https:\/\/zooprekes24.lt\/et\/wp-json\/wp\/v2\/product\/40506","targetHints":{"allow":["GET"]}}],"collection":[{"href":"https:\/\/zooprekes24.lt\/et\/wp-json\/wp\/v2\/product"}],"about":[{"href":"https:\/\/zooprekes24.lt\/et\/wp-json\/wp\/v2\/types\/product"}],"replies":[{"embeddable":true,"href":"https:\/\/zooprekes24.lt\/et\/wp-json\/wp\/v2\/comments?post=40506"}],"wp:featuredmedia":[{"embeddable":true,"href":"https:\/\/zooprekes24.lt\/et\/wp-json\/wp\/v2\/media\/40509"}],"wp:attachment":[{"href":"https:\/\/zooprekes24.lt\/et\/wp-json\/wp\/v2\/media?parent=40506"}],"wp:term":[{"taxonomy":"product_brand","embeddable":true,"href":"https:\/\/zooprekes24.lt\/et\/wp-json\/wp\/v2\/product_brand?post=40506"},{"taxonomy":"product_cat","embeddable":true,"href":"https:\/\/zooprekes24.lt\/et\/wp-json\/wp\/v2\/product_cat?post=40506"},{"taxonomy":"product_tag","embeddable":true,"href":"https:\/\/zooprekes24.lt\/et\/wp-json\/wp\/v2\/product_tag?post=40506"}],"curies":[{"name":"wp","href":"https:\/\/api.w.org\/{rel}","templated":true}]}}