{"id":40464,"date":"2025-09-16T13:18:48","date_gmt":"2025-09-16T11:18:48","guid":{"rendered":"https:\/\/zooprekes24.lt\/?post_type=product&#038;p=40464"},"modified":"2025-09-16T14:28:27","modified_gmt":"2025-09-16T12:28:27","slug":"ciao-skanestas-katems-keptas-vistienos-krutineles-file-gabaliukas-vistienos-sultinyje-25g","status":"publish","type":"product","link":"https:\/\/zooprekes24.lt\/et\/produktas\/ciao-skanestas-katems-keptas-vistienos-krutineles-file-gabaliukas-vistienos-sultinyje-25g\/","title":{"rendered":"Ciao skan\u0117stas kat\u0117ms, keptas vi\u0161tienos kr\u016btin\u0117l\u0117s fil\u0117 gabaliukas vi\u0161tienos sultinyje, 25 g"},"content":{"rendered":"<h3>Nat\u016bralus vi\u0161tienos kr\u016btin\u0117l\u0117s fil\u0117 gabaliukas vi\u0161tienos sultinyje.<\/h3>\n<ul>\n<li>Pikanti\u0161kas, sveikas ir nekaloringas u\u017ekandis kat\u0117ms.<\/li>\n<li>Sud\u0117tyje n\u0117ra gr\u016bd\u0173, prid\u0117tini\u0173 da\u017eikli\u0173 ar konservant\u0173.<\/li>\n<li>Ant groteli\u0173 kepta, mink\u0161ta fil\u0117 m\u0117sa gard\u017eiame sultinyje.<\/li>\n<li>Pagaminta i\u0161 nat\u016bralios vandenyno \u017euvies ir fermoje u\u017eaugintos m\u0117sos.<\/li>\n<\/ul>","protected":false},"excerpt":{"rendered":"<p>Nat\u016bralus vi\u0161tienos kr\u016btin\u0117l\u0117s fil\u0117 gabaliukas vi\u0161tienos sultinyje. Pikanti\u0161kas, sveikas ir nekaloringas u\u017ekandis kat\u0117ms. Sud\u0117tyje n\u0117ra gr\u016bd\u0173, prid\u0117tini\u0173 da\u017eikli\u0173 ar konservant\u0173. Ant groteli\u0173 kepta, mink\u0161ta fil\u0117 m\u0117sa gard\u017eiame sultinyje. Pagaminta i\u0161 nat\u016bralios vandenyno \u017euvies ir fermoje u\u017eaugintos m\u0117sos.<\/p>","protected":false},"featured_media":40465,"comment_status":"closed","ping_status":"closed","template":"","meta":{"_acf_changed":false,"slim_seo":{"title":"Ciao skan\u0117stas kat\u0117ms, keptas vi\u0161tienos kr\u016btin\u0117l\u0117s fil\u0117 gabaliukas vi\u0161tienos sultinyje, 25 g - Zooprekes24","description":"Nat\u016bralus vi\u0161tienos kr\u016btin\u0117l\u0117s fil\u0117 gabaliukas vi\u0161tienos sultinyje. Pikanti\u0161kas, sveikas ir nekaloringas u\u017ekandis kat\u0117ms. Sud\u0117tyje n\u0117ra gr\u016bd\u0173, prid\u0117tini\u0173 da\u017eikl"},"iawp_total_views":25},"product_brand":[],"product_cat":[9027,72,25,9018],"product_tag":[2008],"class_list":{"0":"post-40464","1":"product","2":"type-product","3":"status-publish","4":"has-post-thumbnail","6":"product_cat-begrudis-maistas-kaciu-maistas","7":"product_cat-kaciu-maistas","8":"product_cat-katems","9":"product_cat-skanestai","10":"product_tag-kaciu-skanestai","11":"pa_pasaro-sudetis-vistiena","12":"pa_prekiu-zenklai-ciao","14":"first","15":"instock","16":"taxable","17":"shipping-taxable","18":"purchasable","19":"product-type-simple"},"acf":[],"_links":{"self":[{"href":"https:\/\/zooprekes24.lt\/et\/wp-json\/wp\/v2\/product\/40464","targetHints":{"allow":["GET"]}}],"collection":[{"href":"https:\/\/zooprekes24.lt\/et\/wp-json\/wp\/v2\/product"}],"about":[{"href":"https:\/\/zooprekes24.lt\/et\/wp-json\/wp\/v2\/types\/product"}],"replies":[{"embeddable":true,"href":"https:\/\/zooprekes24.lt\/et\/wp-json\/wp\/v2\/comments?post=40464"}],"wp:featuredmedia":[{"embeddable":true,"href":"https:\/\/zooprekes24.lt\/et\/wp-json\/wp\/v2\/media\/40465"}],"wp:attachment":[{"href":"https:\/\/zooprekes24.lt\/et\/wp-json\/wp\/v2\/media?parent=40464"}],"wp:term":[{"taxonomy":"product_brand","embeddable":true,"href":"https:\/\/zooprekes24.lt\/et\/wp-json\/wp\/v2\/product_brand?post=40464"},{"taxonomy":"product_cat","embeddable":true,"href":"https:\/\/zooprekes24.lt\/et\/wp-json\/wp\/v2\/product_cat?post=40464"},{"taxonomy":"product_tag","embeddable":true,"href":"https:\/\/zooprekes24.lt\/et\/wp-json\/wp\/v2\/product_tag?post=40464"}],"curies":[{"name":"wp","href":"https:\/\/api.w.org\/{rel}","templated":true}]}}