{"id":40448,"date":"2025-09-16T11:23:16","date_gmt":"2025-09-16T09:23:16","guid":{"rendered":"https:\/\/zooprekes24.lt\/?post_type=product&#038;p=40448"},"modified":"2026-03-02T14:02:40","modified_gmt":"2026-03-02T12:02:40","slug":"churu-tuna-scallop-meal-topper-skanestai-katems-56g","status":"publish","type":"product","link":"https:\/\/zooprekes24.lt\/et\/produktas\/churu-tuna-scallop-meal-topper-skanestai-katems-56g\/","title":{"rendered":"Churu Tuna Scallop Meal Topper skan\u0117stai kat\u0117ms 56 g"},"content":{"rendered":"<h3>Churu Tuna Scallop Meal Topper skan\u0117stuose yra daug dr\u0117gm\u0117s, kuri yra b\u016btina gerai ka\u010di\u0173 sveikatai. Taip pat \u0161i\u0173 tyreli\u0173 sud\u0117tyje n\u0117ra gr\u016bd\u0173, konservant\u0173 ir dirbtini\u0173 da\u017eikli\u0173.<\/h3>\n<ul>\n<li>Sud\u0117tyje gausu dr\u0117gm\u0117s ir ma\u017eai riebal\u0173.<\/li>\n<li>Pagaminta i\u0161 nat\u016bralios, vandenyno \u017euvies.<\/li>\n<li>Sud\u0117tyje n\u0117ra gr\u016bd\u0173, prid\u0117tini\u0173 da\u017eikli\u0173 ar konservant\u0173.<\/li>\n<li>Tinka vartoti kasdien: kaip skan\u0117stas arba kaip visavertis ka\u010di\u0173 maistas.<\/li>\n<li>Padeda sumink\u0161tinti saus\u0105 pa\u0161ar\u0105, tod\u0117l tinka kat\u0117ms, turin\u010dioms jautrius dantis ar jautri\u0105 vir\u0161kinimo sistem\u0105.<\/li>\n<li>Kreminis skan\u0117stas ka\u010di\u0173 maistui gardinti, paver\u010diantis \u012fprast\u0105 kat\u0117s maist\u0105 daug gardesniu ir gausesniu dr\u0117gm\u0117s.<\/li>\n<\/ul>","protected":false},"excerpt":{"rendered":"<p>Churu Tuna Scallop Meal Topper skan\u0117stuose yra daug dr\u0117gm\u0117s, kuri yra b\u016btina gerai ka\u010di\u0173 sveikatai. Taip pat \u0161i\u0173 tyreli\u0173 sud\u0117tyje n\u0117ra gr\u016bd\u0173, konservant\u0173 ir dirbtini\u0173 da\u017eikli\u0173. Sud\u0117tyje gausu dr\u0117gm\u0117s ir ma\u017eai riebal\u0173. Pagaminta i\u0161 nat\u016bralios, vandenyno \u017euvies. Sud\u0117tyje n\u0117ra gr\u016bd\u0173, prid\u0117tini\u0173 da\u017eikli\u0173 ar konservant\u0173. Tinka vartoti kasdien: kaip skan\u0117stas arba kaip visavertis ka\u010di\u0173 maistas. Padeda&#8230;<\/p>","protected":false},"featured_media":40450,"comment_status":"closed","ping_status":"closed","template":"","meta":{"_acf_changed":false,"slim_seo":{"title":"Churu Tuna Scallop Meal Topper skan\u0117stai kat\u0117ms 56 g - Zooprekes24","description":"Churu Tuna Scallop Meal Topper skan\u0117stuose yra daug dr\u0117gm\u0117s, kuri yra b\u016btina gerai ka\u010di\u0173 sveikatai. Taip pat \u0161i\u0173 tyreli\u0173 sud\u0117tyje n\u0117ra gr\u016bd\u0173, konservant\u0173 ir dir"},"iawp_total_views":8},"product_brand":[],"product_cat":[9027,9239,72,83,25,9018],"product_tag":[2008,2032],"class_list":{"0":"post-40448","1":"product","2":"type-product","3":"status-publish","4":"has-post-thumbnail","6":"product_cat-begrudis-maistas-kaciu-maistas","7":"product_cat-churu-katems","8":"product_cat-kaciu-maistas","9":"product_cat-kaciu-prekiu-gamintojai","10":"product_cat-katems","11":"product_cat-skanestai","12":"product_tag-kaciu-skanestai","13":"product_tag-skystas-kaciu-skanestas","14":"pa_pasaro-sudetis-juros-gerybes","15":"pa_pasaro-sudetis-tunas","16":"pa_pasaro-sudetis-zuvis","17":"pa_prekiu-zenklai-churu","19":"first","20":"instock","21":"taxable","22":"shipping-taxable","23":"purchasable","24":"product-type-simple"},"acf":[],"_links":{"self":[{"href":"https:\/\/zooprekes24.lt\/et\/wp-json\/wp\/v2\/product\/40448","targetHints":{"allow":["GET"]}}],"collection":[{"href":"https:\/\/zooprekes24.lt\/et\/wp-json\/wp\/v2\/product"}],"about":[{"href":"https:\/\/zooprekes24.lt\/et\/wp-json\/wp\/v2\/types\/product"}],"replies":[{"embeddable":true,"href":"https:\/\/zooprekes24.lt\/et\/wp-json\/wp\/v2\/comments?post=40448"}],"wp:featuredmedia":[{"embeddable":true,"href":"https:\/\/zooprekes24.lt\/et\/wp-json\/wp\/v2\/media\/40450"}],"wp:attachment":[{"href":"https:\/\/zooprekes24.lt\/et\/wp-json\/wp\/v2\/media?parent=40448"}],"wp:term":[{"taxonomy":"product_brand","embeddable":true,"href":"https:\/\/zooprekes24.lt\/et\/wp-json\/wp\/v2\/product_brand?post=40448"},{"taxonomy":"product_cat","embeddable":true,"href":"https:\/\/zooprekes24.lt\/et\/wp-json\/wp\/v2\/product_cat?post=40448"},{"taxonomy":"product_tag","embeddable":true,"href":"https:\/\/zooprekes24.lt\/et\/wp-json\/wp\/v2\/product_tag?post=40448"}],"curies":[{"name":"wp","href":"https:\/\/api.w.org\/{rel}","templated":true}]}}