{"id":40444,"date":"2025-09-16T11:11:10","date_gmt":"2025-09-16T09:11:10","guid":{"rendered":"https:\/\/zooprekes24.lt\/?post_type=product&#038;p=40444"},"modified":"2026-03-02T14:03:15","modified_gmt":"2026-03-02T12:03:15","slug":"churu-tuna-salmon-senior-skanestai-katems-56g","status":"publish","type":"product","link":"https:\/\/zooprekes24.lt\/et\/produktas\/churu-tuna-salmon-senior-skanestai-katems-56g\/","title":{"rendered":"Churu Tuna Salmon Senior skan\u0117stai kat\u0117ms 56 g"},"content":{"rendered":"<h3>Churu Tuna Salmon Senior skan\u0117stuose yra daug dr\u0117gm\u0117s, kuri yra b\u016btina gerai ka\u010di\u0173 sveikatai. Taip pat \u0161i\u0173 tyreli\u0173 sud\u0117tyje n\u0117ra gr\u016bd\u0173, konservant\u0173 ir dirbtini\u0173 da\u017eikli\u0173.<\/h3>\n<ul>\n<li>V\u00e4hese kalorsusega.<\/li>\n<li>Kreemjas tekstuur ja soolane maitse.<\/li>\n<li>Be gr\u016bd\u0173, konservant\u0173 ir dirbtini\u0173 da\u017eikli\u0173.<\/li>\n<li>Tinka kat\u0117ms, kurioms daugiau nei 10 met\u0173.<\/li>\n<li>Interaktiivne viis oma lemmikloomaga aega veeta.<\/li>\n<li>Valmistatud 100% looduslikust looduslikust tuunikalast ja l\u00f5hest.<\/li>\n<li>Skan\u0117st\u0173 sud\u0117tyje daug dr\u0117gm\u0117s, kuri yra b\u016btina gerai ka\u010di\u0173 sveikatai ir puikiai savijautai.<\/li>\n<\/ul>","protected":false},"excerpt":{"rendered":"<p>Churu Tuna Salmon Senior skan\u0117stuose yra daug dr\u0117gm\u0117s, kuri yra b\u016btina gerai ka\u010di\u0173 sveikatai. Taip pat \u0161i\u0173 tyreli\u0173 sud\u0117tyje n\u0117ra gr\u016bd\u0173, konservant\u0173 ir dirbtini\u0173 da\u017eikli\u0173. Ma\u017eai kalorij\u0173. Kremin\u0117 tekst\u016bra ir pikanti\u0161kas skonis. Be gr\u016bd\u0173, konservant\u0173 ir dirbtini\u0173 da\u017eikli\u0173. Tinka kat\u0117ms, kurioms daugiau nei 10 met\u0173. Interaktyvus b\u016bdas praleisti laik\u0105 kartu su augintiniu. Pagaminta i\u0161 100%&#8230;<\/p>","protected":false},"featured_media":40445,"comment_status":"closed","ping_status":"closed","template":"","meta":{"_acf_changed":false,"slim_seo":{"title":"Churu Tuna Salmon Senior skan\u0117stai kat\u0117ms 56 g - Zooprekes24","description":"Churu Tuna Salmon Senior skan\u0117stuose yra daug dr\u0117gm\u0117s, kuri yra b\u016btina gerai ka\u010di\u0173 sveikatai. Taip pat \u0161i\u0173 tyreli\u0173 sud\u0117tyje n\u0117ra gr\u016bd\u0173, konservant\u0173 ir dirbtini\u0173"},"iawp_total_views":13},"product_brand":[],"product_cat":[9027,9239,72,83,25,9018],"product_tag":[2008,2032],"class_list":{"0":"post-40444","1":"product","2":"type-product","3":"status-publish","4":"has-post-thumbnail","6":"product_cat-begrudis-maistas-kaciu-maistas","7":"product_cat-churu-katems","8":"product_cat-kaciu-maistas","9":"product_cat-kaciu-prekiu-gamintojai","10":"product_cat-katems","11":"product_cat-skanestai","12":"product_tag-kaciu-skanestai","13":"product_tag-skystas-kaciu-skanestas","14":"pa_pasaro-sudetis-lasisa","15":"pa_pasaro-sudetis-tunas","16":"pa_pasaro-sudetis-zuvis","17":"pa_prekiu-zenklai-churu","19":"first","20":"instock","21":"taxable","22":"shipping-taxable","23":"purchasable","24":"product-type-simple"},"acf":[],"_links":{"self":[{"href":"https:\/\/zooprekes24.lt\/et\/wp-json\/wp\/v2\/product\/40444","targetHints":{"allow":["GET"]}}],"collection":[{"href":"https:\/\/zooprekes24.lt\/et\/wp-json\/wp\/v2\/product"}],"about":[{"href":"https:\/\/zooprekes24.lt\/et\/wp-json\/wp\/v2\/types\/product"}],"replies":[{"embeddable":true,"href":"https:\/\/zooprekes24.lt\/et\/wp-json\/wp\/v2\/comments?post=40444"}],"wp:featuredmedia":[{"embeddable":true,"href":"https:\/\/zooprekes24.lt\/et\/wp-json\/wp\/v2\/media\/40445"}],"wp:attachment":[{"href":"https:\/\/zooprekes24.lt\/et\/wp-json\/wp\/v2\/media?parent=40444"}],"wp:term":[{"taxonomy":"product_brand","embeddable":true,"href":"https:\/\/zooprekes24.lt\/et\/wp-json\/wp\/v2\/product_brand?post=40444"},{"taxonomy":"product_cat","embeddable":true,"href":"https:\/\/zooprekes24.lt\/et\/wp-json\/wp\/v2\/product_cat?post=40444"},{"taxonomy":"product_tag","embeddable":true,"href":"https:\/\/zooprekes24.lt\/et\/wp-json\/wp\/v2\/product_tag?post=40444"}],"curies":[{"name":"wp","href":"https:\/\/api.w.org\/{rel}","templated":true}]}}