{"id":40442,"date":"2025-09-16T11:03:11","date_gmt":"2025-09-16T09:03:11","guid":{"rendered":"https:\/\/zooprekes24.lt\/?post_type=product&#038;p=40442"},"modified":"2026-03-02T14:03:39","modified_gmt":"2026-03-02T12:03:39","slug":"churu-tuna-kitten-skanestai-kaciukams-56g","status":"publish","type":"product","link":"https:\/\/zooprekes24.lt\/et\/produktas\/churu-tuna-kitten-skanestai-kaciukams-56g\/","title":{"rendered":"Churu Tuna Kitten skan\u0117stai ka\u010diukams 56 g"},"content":{"rendered":"<h3>Churu Tuna Kitten skan\u0117stuose yra daug dr\u0117gm\u0117s, kuri yra b\u016btina gerai ka\u010diuk\u0173 sveikatai. Praturtinta Omega 3 ir 6 riebal\u0173 r\u016bg\u0161timis, kurios padeda palaikyti sveik\u0105 od\u0105 ir kail\u012f. Tyreli\u0173 sud\u0117tyje n\u0117ra gr\u016bd\u0173, konservant\u0173 ir dirbtini\u0173 da\u017eikli\u0173.<\/h3>\n<ul>\n<li>Kalorivaba.<\/li>\n<li>Kreemjas tekstuur ja soolane maitse.<\/li>\n<li>Valmistatud 100% talumajapidamises kasvatatud tuunikalast.<\/li>\n<li>Be gr\u016bd\u0173, konservant\u0173 ir dirbtini\u0173 da\u017eikli\u0173.<\/li>\n<li>Interaktiivne viis oma lemmikloomaga aega veeta.<\/li>\n<li>Toetab aju arengut: kala\u00f5lis sisalduv DHA toetab aju ja n\u00e4gemise arengut, samas kui EPA toetab tervislikku kasvu ja immuunsust.<\/li>\n<li>Tauriin ja E-vitamiin: Tauriin on oluline aminohape, mis aitab kassipoegadel s\u00e4ilitada normaalset n\u00e4gemist, s\u00fcdame- ja n\u00e4rvifunktsiooni. E-vitamiin toimib antioks\u00fcdandina.<\/li>\n<\/ul>","protected":false},"excerpt":{"rendered":"<p>Churu Tuna Kitten skan\u0117stuose yra daug dr\u0117gm\u0117s, kuri yra b\u016btina gerai ka\u010diuk\u0173 sveikatai. Praturtinta Omega 3 ir 6 riebal\u0173 r\u016bg\u0161timis, kurios padeda palaikyti sveik\u0105 od\u0105 ir kail\u012f. Tyreli\u0173 sud\u0117tyje n\u0117ra gr\u016bd\u0173, konservant\u0173 ir dirbtini\u0173 da\u017eikli\u0173. Nekaloringas. Kremin\u0117 tekst\u016bra ir pikanti\u0161kas skonis. Pagaminta i\u0161 100% \u016bkyje u\u017eauginto tuno. Be gr\u016bd\u0173, konservant\u0173 ir dirbtini\u0173 da\u017eikli\u0173. Interaktyvus b\u016bdas&#8230;<\/p>","protected":false},"featured_media":40443,"comment_status":"closed","ping_status":"closed","template":"","meta":{"_acf_changed":false,"slim_seo":{"title":"Churu Tuna Kitten skan\u0117stai ka\u010diukams 56 g - Zooprekes24","description":"Churu Tuna Kitten skan\u0117stuose yra daug dr\u0117gm\u0117s, kuri yra b\u016btina gerai ka\u010diuk\u0173 sveikatai. Praturtinta Omega 3 ir 6 riebal\u0173 r\u016bg\u0161timis, kurios padeda palaikyti sve"},"iawp_total_views":25},"product_brand":[],"product_cat":[9027,9239,72,83,25,9018],"product_tag":[2008,2032],"class_list":{"0":"post-40442","1":"product","2":"type-product","3":"status-publish","4":"has-post-thumbnail","6":"product_cat-begrudis-maistas-kaciu-maistas","7":"product_cat-churu-katems","8":"product_cat-kaciu-maistas","9":"product_cat-kaciu-prekiu-gamintojai","10":"product_cat-katems","11":"product_cat-skanestai","12":"product_tag-kaciu-skanestai","13":"product_tag-skystas-kaciu-skanestas","14":"pa_pasaro-sudetis-tunas","15":"pa_pasaro-sudetis-zuvis","16":"pa_prekiu-zenklai-churu","18":"first","19":"instock","20":"taxable","21":"shipping-taxable","22":"purchasable","23":"product-type-simple"},"acf":[],"_links":{"self":[{"href":"https:\/\/zooprekes24.lt\/et\/wp-json\/wp\/v2\/product\/40442","targetHints":{"allow":["GET"]}}],"collection":[{"href":"https:\/\/zooprekes24.lt\/et\/wp-json\/wp\/v2\/product"}],"about":[{"href":"https:\/\/zooprekes24.lt\/et\/wp-json\/wp\/v2\/types\/product"}],"replies":[{"embeddable":true,"href":"https:\/\/zooprekes24.lt\/et\/wp-json\/wp\/v2\/comments?post=40442"}],"wp:featuredmedia":[{"embeddable":true,"href":"https:\/\/zooprekes24.lt\/et\/wp-json\/wp\/v2\/media\/40443"}],"wp:attachment":[{"href":"https:\/\/zooprekes24.lt\/et\/wp-json\/wp\/v2\/media?parent=40442"}],"wp:term":[{"taxonomy":"product_brand","embeddable":true,"href":"https:\/\/zooprekes24.lt\/et\/wp-json\/wp\/v2\/product_brand?post=40442"},{"taxonomy":"product_cat","embeddable":true,"href":"https:\/\/zooprekes24.lt\/et\/wp-json\/wp\/v2\/product_cat?post=40442"},{"taxonomy":"product_tag","embeddable":true,"href":"https:\/\/zooprekes24.lt\/et\/wp-json\/wp\/v2\/product_tag?post=40442"}],"curies":[{"name":"wp","href":"https:\/\/api.w.org\/{rel}","templated":true}]}}