{"id":40409,"date":"2025-09-15T12:53:29","date_gmt":"2025-09-15T10:53:29","guid":{"rendered":"https:\/\/zooprekes24.lt\/?post_type=product&#038;p=40409"},"modified":"2025-09-16T14:03:40","modified_gmt":"2025-09-16T12:03:40","slug":"trixie-zaislas-katems-judantis-kamuoliukas-su-varikliuku-ir-pele-ant-elastines-juosteles","status":"publish","type":"product","link":"https:\/\/zooprekes24.lt\/et\/produktas\/trixie-zaislas-katems-judantis-kamuoliukas-su-varikliuku-ir-pele-ant-elastines-juosteles\/","title":{"rendered":"Trixie \u017eaislas kat\u0117ms judantis kamuoliukas su varikliuku ir pele ant elastin\u0117s juostel\u0117s"},"content":{"rendered":"","protected":false},"excerpt":{"rendered":"","protected":false},"featured_media":40411,"comment_status":"closed","ping_status":"closed","template":"","meta":{"_acf_changed":false,"slim_seo":{"title":"Trixie \u017eaislas kat\u0117ms judantis kamuoliukas su varikliuku ir pele ant elastin\u0117s juostel\u0117s - Zooprekes24","description":""},"iawp_total_views":7},"product_brand":[],"product_cat":[83,25,104,9222,9238],"product_tag":[],"class_list":{"0":"post-40409","1":"product","2":"type-product","3":"status-publish","4":"has-post-thumbnail","6":"product_cat-kaciu-prekiu-gamintojai","7":"product_cat-katems","8":"product_cat-kitos-kaciu-prekes","9":"product_cat-trixie-katems","10":"product_cat-zaislai-katems","11":"pa_prekiu-zenklai-trixie","12":"pa_zaislo-tipas-judantis","14":"first","15":"instock","16":"featured","17":"taxable","18":"shipping-taxable","19":"purchasable","20":"product-type-simple"},"acf":[],"_links":{"self":[{"href":"https:\/\/zooprekes24.lt\/et\/wp-json\/wp\/v2\/product\/40409","targetHints":{"allow":["GET"]}}],"collection":[{"href":"https:\/\/zooprekes24.lt\/et\/wp-json\/wp\/v2\/product"}],"about":[{"href":"https:\/\/zooprekes24.lt\/et\/wp-json\/wp\/v2\/types\/product"}],"replies":[{"embeddable":true,"href":"https:\/\/zooprekes24.lt\/et\/wp-json\/wp\/v2\/comments?post=40409"}],"wp:featuredmedia":[{"embeddable":true,"href":"https:\/\/zooprekes24.lt\/et\/wp-json\/wp\/v2\/media\/40411"}],"wp:attachment":[{"href":"https:\/\/zooprekes24.lt\/et\/wp-json\/wp\/v2\/media?parent=40409"}],"wp:term":[{"taxonomy":"product_brand","embeddable":true,"href":"https:\/\/zooprekes24.lt\/et\/wp-json\/wp\/v2\/product_brand?post=40409"},{"taxonomy":"product_cat","embeddable":true,"href":"https:\/\/zooprekes24.lt\/et\/wp-json\/wp\/v2\/product_cat?post=40409"},{"taxonomy":"product_tag","embeddable":true,"href":"https:\/\/zooprekes24.lt\/et\/wp-json\/wp\/v2\/product_tag?post=40409"}],"curies":[{"name":"wp","href":"https:\/\/api.w.org\/{rel}","templated":true}]}}