{"id":40395,"date":"2025-09-15T12:03:55","date_gmt":"2025-09-15T10:03:55","guid":{"rendered":"https:\/\/zooprekes24.lt\/?post_type=product&#038;p=40395"},"modified":"2025-09-16T13:55:34","modified_gmt":"2025-09-16T11:55:34","slug":"trixie-zaislas-katems-ant-pagaliuko-su-pauksteliu-ir-katzole-su-varpeliu-iv-spalvu","status":"publish","type":"product","link":"https:\/\/zooprekes24.lt\/et\/produktas\/trixie-zaislas-katems-ant-pagaliuko-su-pauksteliu-ir-katzole-su-varpeliu-iv-spalvu\/","title":{"rendered":"Trixie \u017eaislas kat\u0117ms ant pagaliuko su pauk\u0161teliu ir kat\u017eole, su varpeliu, \u012fv. spalv\u0173"},"content":{"rendered":"","protected":false},"excerpt":{"rendered":"","protected":false},"featured_media":40396,"comment_status":"closed","ping_status":"closed","template":"","meta":{"_acf_changed":false,"slim_seo":{"title":"Trixie \u017eaislas kat\u0117ms ant pagaliuko su pauk\u0161teliu ir kat\u017eole, su varpeliu, \u012fv. spalv\u0173 - Zooprekes24","description":""},"iawp_total_views":3},"product_brand":[],"product_cat":[83,25,104,9222,9238],"product_tag":[],"class_list":{"0":"post-40395","1":"product","2":"type-product","3":"status-publish","4":"has-post-thumbnail","6":"product_cat-kaciu-prekiu-gamintojai","7":"product_cat-katems","8":"product_cat-kitos-kaciu-prekes","9":"product_cat-trixie-katems","10":"product_cat-zaislai-katems","11":"pa_prekiu-zenklai-trixie","12":"pa_zaislo-tipas-ant-pagaliuko","13":"pa_zaislo-tipas-su-katzole","14":"pa_zaislo-tipas-su-varpeliu","16":"first","17":"instock","18":"featured","19":"taxable","20":"shipping-taxable","21":"purchasable","22":"product-type-simple"},"acf":[],"_links":{"self":[{"href":"https:\/\/zooprekes24.lt\/et\/wp-json\/wp\/v2\/product\/40395","targetHints":{"allow":["GET"]}}],"collection":[{"href":"https:\/\/zooprekes24.lt\/et\/wp-json\/wp\/v2\/product"}],"about":[{"href":"https:\/\/zooprekes24.lt\/et\/wp-json\/wp\/v2\/types\/product"}],"replies":[{"embeddable":true,"href":"https:\/\/zooprekes24.lt\/et\/wp-json\/wp\/v2\/comments?post=40395"}],"wp:featuredmedia":[{"embeddable":true,"href":"https:\/\/zooprekes24.lt\/et\/wp-json\/wp\/v2\/media\/40396"}],"wp:attachment":[{"href":"https:\/\/zooprekes24.lt\/et\/wp-json\/wp\/v2\/media?parent=40395"}],"wp:term":[{"taxonomy":"product_brand","embeddable":true,"href":"https:\/\/zooprekes24.lt\/et\/wp-json\/wp\/v2\/product_brand?post=40395"},{"taxonomy":"product_cat","embeddable":true,"href":"https:\/\/zooprekes24.lt\/et\/wp-json\/wp\/v2\/product_cat?post=40395"},{"taxonomy":"product_tag","embeddable":true,"href":"https:\/\/zooprekes24.lt\/et\/wp-json\/wp\/v2\/product_tag?post=40395"}],"curies":[{"name":"wp","href":"https:\/\/api.w.org\/{rel}","templated":true}]}}