{"id":40391,"date":"2025-09-15T12:00:15","date_gmt":"2025-09-15T10:00:15","guid":{"rendered":"https:\/\/zooprekes24.lt\/?post_type=product&#038;p=40391"},"modified":"2025-09-16T13:54:33","modified_gmt":"2025-09-16T11:54:33","slug":"trixie-zaislas-katems-ant-pagaliuko-pelyte-su-katzole-ir-plunksnomis","status":"publish","type":"product","link":"https:\/\/zooprekes24.lt\/et\/produktas\/trixie-zaislas-katems-ant-pagaliuko-pelyte-su-katzole-ir-plunksnomis\/","title":{"rendered":"Trixie \u017eaislas kat\u0117ms ant pagaliuko pelyt\u0117 su kat\u017eole ir plunksnomis"},"content":{"rendered":"","protected":false},"excerpt":{"rendered":"","protected":false},"featured_media":40393,"comment_status":"closed","ping_status":"closed","template":"","meta":{"_acf_changed":false,"slim_seo":{"title":"Trixie \u017eaislas kat\u0117ms ant pagaliuko pelyt\u0117 su kat\u017eole ir plunksnomis - Zooprekes24","description":""},"iawp_total_views":1},"product_brand":[],"product_cat":[83,25,104,9222,9238],"product_tag":[],"class_list":{"0":"post-40391","1":"product","2":"type-product","3":"status-publish","4":"has-post-thumbnail","6":"product_cat-kaciu-prekiu-gamintojai","7":"product_cat-katems","8":"product_cat-kitos-kaciu-prekes","9":"product_cat-trixie-katems","10":"product_cat-zaislai-katems","11":"pa_prekiu-zenklai-trixie","12":"pa_zaislo-tipas-ant-pagaliuko","13":"pa_zaislo-tipas-su-katzole","15":"first","16":"instock","17":"featured","18":"taxable","19":"shipping-taxable","20":"purchasable","21":"product-type-simple"},"acf":[],"_links":{"self":[{"href":"https:\/\/zooprekes24.lt\/et\/wp-json\/wp\/v2\/product\/40391","targetHints":{"allow":["GET"]}}],"collection":[{"href":"https:\/\/zooprekes24.lt\/et\/wp-json\/wp\/v2\/product"}],"about":[{"href":"https:\/\/zooprekes24.lt\/et\/wp-json\/wp\/v2\/types\/product"}],"replies":[{"embeddable":true,"href":"https:\/\/zooprekes24.lt\/et\/wp-json\/wp\/v2\/comments?post=40391"}],"wp:featuredmedia":[{"embeddable":true,"href":"https:\/\/zooprekes24.lt\/et\/wp-json\/wp\/v2\/media\/40393"}],"wp:attachment":[{"href":"https:\/\/zooprekes24.lt\/et\/wp-json\/wp\/v2\/media?parent=40391"}],"wp:term":[{"taxonomy":"product_brand","embeddable":true,"href":"https:\/\/zooprekes24.lt\/et\/wp-json\/wp\/v2\/product_brand?post=40391"},{"taxonomy":"product_cat","embeddable":true,"href":"https:\/\/zooprekes24.lt\/et\/wp-json\/wp\/v2\/product_cat?post=40391"},{"taxonomy":"product_tag","embeddable":true,"href":"https:\/\/zooprekes24.lt\/et\/wp-json\/wp\/v2\/product_tag?post=40391"}],"curies":[{"name":"wp","href":"https:\/\/api.w.org\/{rel}","templated":true}]}}