{"id":40387,"date":"2025-09-15T11:39:29","date_gmt":"2025-09-15T09:39:29","guid":{"rendered":"https:\/\/zooprekes24.lt\/?post_type=product&#038;p=40387"},"modified":"2025-09-16T13:48:40","modified_gmt":"2025-09-16T11:48:40","slug":"trixie-zaislas-katems-matatabi-kramtymo-lazdeliu-gabaliukai-su-katzoles-burbuliukais-ir-plunksnomis","status":"publish","type":"product","link":"https:\/\/zooprekes24.lt\/et\/produktas\/trixie-zaislas-katems-matatabi-kramtymo-lazdeliu-gabaliukai-su-katzoles-burbuliukais-ir-plunksnomis\/","title":{"rendered":"Trixie \u017eaislas kat\u0117ms Matatabi kramtymo lazdeli\u0173 gabaliukai su kat\u017eol\u0117s burbuliukais ir plunksnomis"},"content":{"rendered":"","protected":false},"excerpt":{"rendered":"","protected":false},"featured_media":40388,"comment_status":"closed","ping_status":"closed","template":"","meta":{"_acf_changed":false,"slim_seo":{"title":"Trixie \u017eaislas kat\u0117ms Matatabi kramtymo lazdeli\u0173 gabaliukai su kat\u017eol\u0117s burbuliukais ir plunksnomis - Zooprekes24","description":""},"iawp_total_views":11},"product_brand":[],"product_cat":[83,25,104,9222,9238],"product_tag":[],"class_list":{"0":"post-40387","1":"product","2":"type-product","3":"status-publish","4":"has-post-thumbnail","6":"product_cat-kaciu-prekiu-gamintojai","7":"product_cat-katems","8":"product_cat-kitos-kaciu-prekes","9":"product_cat-trixie-katems","10":"product_cat-zaislai-katems","11":"pa_prekiu-zenklai-trixie","12":"pa_zaislo-tipas-kramtymui","13":"pa_zaislo-tipas-su-katzole","15":"first","16":"instock","17":"featured","18":"taxable","19":"shipping-taxable","20":"purchasable","21":"product-type-simple"},"acf":[],"_links":{"self":[{"href":"https:\/\/zooprekes24.lt\/et\/wp-json\/wp\/v2\/product\/40387","targetHints":{"allow":["GET"]}}],"collection":[{"href":"https:\/\/zooprekes24.lt\/et\/wp-json\/wp\/v2\/product"}],"about":[{"href":"https:\/\/zooprekes24.lt\/et\/wp-json\/wp\/v2\/types\/product"}],"replies":[{"embeddable":true,"href":"https:\/\/zooprekes24.lt\/et\/wp-json\/wp\/v2\/comments?post=40387"}],"wp:featuredmedia":[{"embeddable":true,"href":"https:\/\/zooprekes24.lt\/et\/wp-json\/wp\/v2\/media\/40388"}],"wp:attachment":[{"href":"https:\/\/zooprekes24.lt\/et\/wp-json\/wp\/v2\/media?parent=40387"}],"wp:term":[{"taxonomy":"product_brand","embeddable":true,"href":"https:\/\/zooprekes24.lt\/et\/wp-json\/wp\/v2\/product_brand?post=40387"},{"taxonomy":"product_cat","embeddable":true,"href":"https:\/\/zooprekes24.lt\/et\/wp-json\/wp\/v2\/product_cat?post=40387"},{"taxonomy":"product_tag","embeddable":true,"href":"https:\/\/zooprekes24.lt\/et\/wp-json\/wp\/v2\/product_tag?post=40387"}],"curies":[{"name":"wp","href":"https:\/\/api.w.org\/{rel}","templated":true}]}}