{"id":40299,"date":"2025-09-11T14:53:45","date_gmt":"2025-09-11T12:53:45","guid":{"rendered":"https:\/\/zooprekes24.lt\/?post_type=product&#038;p=40299"},"modified":"2026-03-02T14:54:42","modified_gmt":"2026-03-02T12:54:42","slug":"brit-care-indoor-antistress-saltyje-isdziovinti-skanestai-katems-40g","status":"publish","type":"product","link":"https:\/\/zooprekes24.lt\/et\/produktas\/brit-care-indoor-antistress-saltyje-isdziovinti-skanestai-katems-40g\/","title":{"rendered":"Brit Care Indoor Antistress \u0161altyje i\u0161d\u017eiovinti skan\u0117stai kat\u0117ms 40 g"},"content":{"rendered":"<h3>Brit Care Indoor Antistress l<span>iofilizuotas skan\u0117stas ir pa\u0161aro papildas suaugusioms kat\u0117ms. Su vi\u0161tiena, probiotikais ir sukat\u017eole palaiko vir\u0161kinim\u0105, imunitet\u0105 ir ma\u017eina stres\u0105.<\/span><\/h3>\n<ul>\n<li>Looduslik.<\/li>\n<li>\u00dcks valk.<\/li>\n<li>Sukat\u017eol\u0117 &#8211; ma\u017eina stres\u0105 ir nerim\u0105.<\/li>\n<li>96% vi\u0161tienos &#8211; didelis baltym\u0173 kiekis.<\/li>\n<li>Probiotikai &#8211; palaiko \u017earnyno veikl\u0105 ir imunitet\u0105.<\/li>\n<li>Ei sisalda kunstlikke s\u00e4ilitusaineid, l\u00f5hna- ja maitseaineid, v\u00e4rvaineid ega lisatud soola.<\/li>\n<li>H\u00fcdrol\u00fc\u00fcsitud p\u00e4rm: annab olulisi toitaineid ja toetab head soolestiku tervist.<\/li>\n<\/ul>","protected":false},"excerpt":{"rendered":"<p>Brit Care Indoor Antistress liofilizuotas skan\u0117stas ir pa\u0161aro papildas suaugusioms kat\u0117ms. Su vi\u0161tiena, probiotikais ir sukat\u017eole palaiko vir\u0161kinim\u0105, imunitet\u0105 ir ma\u017eina stres\u0105. Nat\u016bral\u016bs. Vieno baltymo. Sukat\u017eol\u0117 &#8211; ma\u017eina stres\u0105 ir nerim\u0105. 96% vi\u0161tienos &#8211; didelis baltym\u0173 kiekis. Probiotikai &#8211; palaiko \u017earnyno veikl\u0105 ir imunitet\u0105. Be dirbtini\u0173 konservant\u0173, kvapi\u0173j\u0173 med\u017eiag\u0173, da\u017eikli\u0173, prid\u0117tin\u0117s druskos. Hidrolizuotos miel\u0117s: apr\u016bpina&#8230;<\/p>","protected":false},"featured_media":40301,"comment_status":"closed","ping_status":"closed","template":"","meta":{"_acf_changed":false,"slim_seo":{"title":"Brit Care Indoor Antistress \u0161altyje i\u0161d\u017eiovinti skan\u0117stai kat\u0117ms 40 g - Zooprekes24","description":"Brit Care Indoor Antistress l iofilizuotas skan\u0117stas ir pa\u0161aro papildas suaugusioms kat\u0117ms. Su vi\u0161tiena, probiotikais ir sukat\u017eole palaiko vir\u0161kinim\u0105, imunitet\u0105"},"iawp_total_views":26},"product_brand":[],"product_cat":[9047,72,83,25,9018],"product_tag":[871,6181,4591,385,386,391],"class_list":{"0":"post-40299","1":"product","2":"type-product","3":"status-publish","4":"has-post-thumbnail","6":"product_cat-brit-care-kaciu-prekiu-gamintojai","7":"product_cat-kaciu-maistas","8":"product_cat-kaciu-prekiu-gamintojai","9":"product_cat-katems","10":"product_cat-skanestai","11":"product_tag-brit-skanestai-suniui","12":"product_tag-freeze-dry-skanukai-sunims","13":"product_tag-funkciniai-skanestai-sunims","14":"product_tag-skanestas-suns-dresiravimui","15":"product_tag-skanukai-sunims","16":"product_tag-traskus-skanestai-sunims","17":"pa_pasaro-sudetis-katzole","18":"pa_pasaro-sudetis-vistiena","19":"pa_prekiu-zenklai-brit-care","21":"first","22":"instock","23":"featured","24":"taxable","25":"shipping-taxable","26":"purchasable","27":"product-type-simple"},"acf":[],"_links":{"self":[{"href":"https:\/\/zooprekes24.lt\/et\/wp-json\/wp\/v2\/product\/40299","targetHints":{"allow":["GET"]}}],"collection":[{"href":"https:\/\/zooprekes24.lt\/et\/wp-json\/wp\/v2\/product"}],"about":[{"href":"https:\/\/zooprekes24.lt\/et\/wp-json\/wp\/v2\/types\/product"}],"replies":[{"embeddable":true,"href":"https:\/\/zooprekes24.lt\/et\/wp-json\/wp\/v2\/comments?post=40299"}],"wp:featuredmedia":[{"embeddable":true,"href":"https:\/\/zooprekes24.lt\/et\/wp-json\/wp\/v2\/media\/40301"}],"wp:attachment":[{"href":"https:\/\/zooprekes24.lt\/et\/wp-json\/wp\/v2\/media?parent=40299"}],"wp:term":[{"taxonomy":"product_brand","embeddable":true,"href":"https:\/\/zooprekes24.lt\/et\/wp-json\/wp\/v2\/product_brand?post=40299"},{"taxonomy":"product_cat","embeddable":true,"href":"https:\/\/zooprekes24.lt\/et\/wp-json\/wp\/v2\/product_cat?post=40299"},{"taxonomy":"product_tag","embeddable":true,"href":"https:\/\/zooprekes24.lt\/et\/wp-json\/wp\/v2\/product_tag?post=40299"}],"curies":[{"name":"wp","href":"https:\/\/api.w.org\/{rel}","templated":true}]}}