{"id":40195,"date":"2025-09-09T10:32:27","date_gmt":"2025-09-09T08:32:27","guid":{"rendered":"https:\/\/zooprekes24.lt\/?post_type=product&#038;p=40195"},"modified":"2025-09-12T14:07:55","modified_gmt":"2025-09-12T12:07:55","slug":"trixie-be-nordic-minkstas-zaislas-sunims-juru-zvaigzde-begarse-ruda","status":"publish","type":"product","link":"https:\/\/zooprekes24.lt\/et\/produktas\/trixie-be-nordic-minkstas-zaislas-sunims-juru-zvaigzde-begarse-ruda\/","title":{"rendered":"Trixie Be Nordic mink\u0161tas \u017eaislas \u0161unims j\u016br\u0173 \u017evaig\u017ed\u0117, begars\u0117, ruda"},"content":{"rendered":"","protected":false},"excerpt":{"rendered":"","protected":false},"featured_media":40196,"comment_status":"closed","ping_status":"closed","template":"","meta":{"_acf_changed":false,"slim_seo":{"title":"Trixie Be Nordic mink\u0161tas \u017eaislas \u0161unims j\u016br\u0173 \u017evaig\u017ed\u0117, begars\u0117, ruda - Zooprekes24","description":""},"iawp_total_views":1},"product_brand":[],"product_cat":[32,8999,31,9219,9024],"product_tag":[],"class_list":{"0":"post-40195","1":"product","2":"type-product","3":"status-publish","4":"has-post-thumbnail","6":"product_cat-kitos-sunu-prekes","7":"product_cat-sunims","8":"product_cat-sunu-prekiu-gamintojai","9":"product_cat-trixie-sunims","10":"product_cat-zaislai-sunims","11":"pa_prekiu-zenklai-trixie","12":"pa_zaislo-tipas-pliusinis","14":"first","15":"instock","16":"featured","17":"taxable","18":"shipping-taxable","19":"purchasable","20":"product-type-simple"},"acf":[],"_links":{"self":[{"href":"https:\/\/zooprekes24.lt\/et\/wp-json\/wp\/v2\/product\/40195","targetHints":{"allow":["GET"]}}],"collection":[{"href":"https:\/\/zooprekes24.lt\/et\/wp-json\/wp\/v2\/product"}],"about":[{"href":"https:\/\/zooprekes24.lt\/et\/wp-json\/wp\/v2\/types\/product"}],"replies":[{"embeddable":true,"href":"https:\/\/zooprekes24.lt\/et\/wp-json\/wp\/v2\/comments?post=40195"}],"wp:featuredmedia":[{"embeddable":true,"href":"https:\/\/zooprekes24.lt\/et\/wp-json\/wp\/v2\/media\/40196"}],"wp:attachment":[{"href":"https:\/\/zooprekes24.lt\/et\/wp-json\/wp\/v2\/media?parent=40195"}],"wp:term":[{"taxonomy":"product_brand","embeddable":true,"href":"https:\/\/zooprekes24.lt\/et\/wp-json\/wp\/v2\/product_brand?post=40195"},{"taxonomy":"product_cat","embeddable":true,"href":"https:\/\/zooprekes24.lt\/et\/wp-json\/wp\/v2\/product_cat?post=40195"},{"taxonomy":"product_tag","embeddable":true,"href":"https:\/\/zooprekes24.lt\/et\/wp-json\/wp\/v2\/product_tag?post=40195"}],"curies":[{"name":"wp","href":"https:\/\/api.w.org\/{rel}","templated":true}]}}