{"id":40032,"date":"2025-09-02T21:24:53","date_gmt":"2025-09-02T19:24:53","guid":{"rendered":"https:\/\/zooprekes24.lt\/?post_type=product&#038;p=40032"},"modified":"2025-09-02T21:28:25","modified_gmt":"2025-09-02T19:28:25","slug":"ethical-zaislas-sunims-lape-cypsi-oranzine","status":"publish","type":"product","link":"https:\/\/zooprekes24.lt\/et\/produktas\/ethical-zaislas-sunims-lape-cypsi-oranzine\/","title":{"rendered":"Ethical \u017eaislas \u0161unims lap\u0117, cypsi, oran\u017ein\u0117"},"content":{"rendered":"<h3>M\u00e4ng on loomade elu suur osa. <a href=\"https:\/\/www.ethicalpet.com\/\" target=\"_blank\" rel=\"noopener noreferrer\">Eetiline<\/a> \u017eaislas \u0161unims lap\u0117 &#8211; puiki <a href=\"https:\/\/zooprekes24.lt\/et\/?s=dovana&amp;post_type=product&amp;product_cat=0\" target=\"_blank\" rel=\"noopener noreferrer\">Kingitus<\/a>teie armastatud neljajalgse s\u00f5bra r\u00f5\u00f5mustamiseks.<\/h3>\n<ul>\n<li>Ilma sisemise polstrita.<\/li>\n<li>See m\u00e4nguasi rahuldab koerte loomulikku jahiinstinkti.<\/li>\n<li>\u00c4rge laske oma lemmikloomal m\u00e4nguasjaga m\u00e4ngida, kui m\u00f5ni osa m\u00e4nguasjast on rebenenud v\u00f5i kulunud.<\/li>\n<li>M\u00e4nguasi on vastupidav, kuid teie lemmiklooma ohutuse tagamiseks j\u00e4lgige palun oma lemmiklooma kogu m\u00e4ngimise ajal.<\/li>\n<\/ul>","protected":false},"excerpt":{"rendered":"<p>Did\u017ei\u0105j\u0105 gyv\u016bn\u0173 gyvenimo dal\u012f sudaro \u017eaidimai. Ethical \u017eaislas \u0161unims lap\u0117 &#8211; puiki dovana, kuria galite prad\u017eiuginti savo mylim\u0105 keturkoj\u012f bi\u010diul\u012f. Be kam\u0161alo viduje. \u0160is \u017eaislas patenkina nat\u016bral\u0173 \u0161un\u0173 med\u017eiokl\u0117s instinkt\u0105. Neleiskite savo augintojui \u017eaisti su \u017eaislu, jei kuri nors \u017eaislo dalis yra \u012fply\u0161usi arba nusidev\u0117jusi. \u017daislas yra tvirtas, ta\u010diau norint u\u017etikrinti savo gyv\u016bno saugum\u0105, vis\u0105&#8230;<\/p>","protected":false},"featured_media":40033,"comment_status":"closed","ping_status":"closed","template":"","meta":{"_acf_changed":false,"slim_seo":{"title":"Ethical \u017eaislas \u0161unims lap\u0117, cypsi, oran\u017ein\u0117 - Zooprekes24","description":"Did\u017ei\u0105j\u0105 gyv\u016bn\u0173 gyvenimo dal\u012f sudaro \u017eaidimai. Ethical \u017eaislas \u0161unims lap\u0117 - puiki dovana , kuria galite prad\u017eiuginti savo mylim\u0105 keturkoj\u012f bi\u010diul\u012f. Be kam\u0161alo"},"iawp_total_views":10},"product_brand":[],"product_cat":[32,8999,9024],"product_tag":[3365,3375,3397],"class_list":{"0":"post-40032","1":"product","2":"type-product","3":"status-publish","4":"has-post-thumbnail","6":"product_cat-kitos-sunu-prekes","7":"product_cat-sunims","8":"product_cat-zaislai-sunims","9":"product_tag-cypiantis-zaislas-suniui","10":"product_tag-kamuoliukas-sunims","11":"product_tag-zaislas-suniui-cypiantis","12":"pa_prekiu-zenklai-ethical","13":"pa_zaislo-tipas-cypiantis","15":"first","16":"instock","17":"featured","18":"taxable","19":"shipping-taxable","20":"purchasable","21":"product-type-simple"},"acf":[],"_links":{"self":[{"href":"https:\/\/zooprekes24.lt\/et\/wp-json\/wp\/v2\/product\/40032","targetHints":{"allow":["GET"]}}],"collection":[{"href":"https:\/\/zooprekes24.lt\/et\/wp-json\/wp\/v2\/product"}],"about":[{"href":"https:\/\/zooprekes24.lt\/et\/wp-json\/wp\/v2\/types\/product"}],"replies":[{"embeddable":true,"href":"https:\/\/zooprekes24.lt\/et\/wp-json\/wp\/v2\/comments?post=40032"}],"wp:featuredmedia":[{"embeddable":true,"href":"https:\/\/zooprekes24.lt\/et\/wp-json\/wp\/v2\/media\/40033"}],"wp:attachment":[{"href":"https:\/\/zooprekes24.lt\/et\/wp-json\/wp\/v2\/media?parent=40032"}],"wp:term":[{"taxonomy":"product_brand","embeddable":true,"href":"https:\/\/zooprekes24.lt\/et\/wp-json\/wp\/v2\/product_brand?post=40032"},{"taxonomy":"product_cat","embeddable":true,"href":"https:\/\/zooprekes24.lt\/et\/wp-json\/wp\/v2\/product_cat?post=40032"},{"taxonomy":"product_tag","embeddable":true,"href":"https:\/\/zooprekes24.lt\/et\/wp-json\/wp\/v2\/product_tag?post=40032"}],"curies":[{"name":"wp","href":"https:\/\/api.w.org\/{rel}","templated":true}]}}