{"id":39437,"date":"2025-08-07T11:40:31","date_gmt":"2025-08-07T09:40:31","guid":{"rendered":"https:\/\/zooprekes24.lt\/?post_type=product&#038;p=39437"},"modified":"2025-08-08T15:00:33","modified_gmt":"2025-08-08T13:00:33","slug":"trixie-vandens-zaislas-sunims-antis-su-virve-pluduriuojantis-geltona-su-oranzine","status":"publish","type":"product","link":"https:\/\/zooprekes24.lt\/et\/produktas\/trixie-vandens-zaislas-sunims-antis-su-virve-pluduriuojantis-geltona-su-oranzine\/","title":{"rendered":"Trixie vandens \u017eaislas \u0161unims antis su virve, pl\u016bduriuojantis, geltona su oran\u017eine"},"content":{"rendered":"","protected":false},"excerpt":{"rendered":"","protected":false},"featured_media":39438,"comment_status":"closed","ping_status":"closed","template":"","meta":{"_acf_changed":false,"slim_seo":{"title":"Trixie vandens \u017eaislas \u0161unims antis su virve, pl\u016bduriuojantis, geltona su oran\u017eine - Zooprekes24","description":""},"iawp_total_views":2},"product_brand":[],"product_cat":[32,8999,31,9219,9024],"product_tag":[],"class_list":{"0":"post-39437","1":"product","2":"type-product","3":"status-publish","4":"has-post-thumbnail","6":"product_cat-kitos-sunu-prekes","7":"product_cat-sunims","8":"product_cat-sunu-prekiu-gamintojai","9":"product_cat-trixie-sunims","10":"product_cat-zaislai-sunims","11":"pa_prekiu-zenklai-trixie","12":"pa_zaislo-tipas-cypiantis","13":"pa_zaislo-tipas-pluduriuojantis","15":"first","16":"instock","17":"featured","18":"taxable","19":"shipping-taxable","20":"purchasable","21":"product-type-simple"},"acf":[],"_links":{"self":[{"href":"https:\/\/zooprekes24.lt\/et\/wp-json\/wp\/v2\/product\/39437","targetHints":{"allow":["GET"]}}],"collection":[{"href":"https:\/\/zooprekes24.lt\/et\/wp-json\/wp\/v2\/product"}],"about":[{"href":"https:\/\/zooprekes24.lt\/et\/wp-json\/wp\/v2\/types\/product"}],"replies":[{"embeddable":true,"href":"https:\/\/zooprekes24.lt\/et\/wp-json\/wp\/v2\/comments?post=39437"}],"wp:featuredmedia":[{"embeddable":true,"href":"https:\/\/zooprekes24.lt\/et\/wp-json\/wp\/v2\/media\/39438"}],"wp:attachment":[{"href":"https:\/\/zooprekes24.lt\/et\/wp-json\/wp\/v2\/media?parent=39437"}],"wp:term":[{"taxonomy":"product_brand","embeddable":true,"href":"https:\/\/zooprekes24.lt\/et\/wp-json\/wp\/v2\/product_brand?post=39437"},{"taxonomy":"product_cat","embeddable":true,"href":"https:\/\/zooprekes24.lt\/et\/wp-json\/wp\/v2\/product_cat?post=39437"},{"taxonomy":"product_tag","embeddable":true,"href":"https:\/\/zooprekes24.lt\/et\/wp-json\/wp\/v2\/product_tag?post=39437"}],"curies":[{"name":"wp","href":"https:\/\/api.w.org\/{rel}","templated":true}]}}