{"id":39399,"date":"2025-08-06T10:44:07","date_gmt":"2025-08-06T08:44:07","guid":{"rendered":"https:\/\/zooprekes24.lt\/?post_type=product&#038;p=39399"},"modified":"2025-08-07T11:16:28","modified_gmt":"2025-08-07T09:16:28","slug":"trixie-junior-zaislas-sunims-hantelis-masazuoja-dantenas-iv-spalvu","status":"publish","type":"product","link":"https:\/\/zooprekes24.lt\/et\/produktas\/trixie-junior-zaislas-sunims-hantelis-masazuoja-dantenas-iv-spalvu\/","title":{"rendered":"Trixie Junior \u017eaislas \u0161unims hantelis, masa\u017euoja dantenas, \u012fv. spalv\u0173"},"content":{"rendered":"","protected":false},"excerpt":{"rendered":"","protected":false},"featured_media":39400,"comment_status":"closed","ping_status":"closed","template":"","meta":{"_acf_changed":false,"slim_seo":{"title":"Trixie Junior \u017eaislas \u0161unims hantelis, masa\u017euoja dantenas, \u012fv. spalv\u0173 - Zooprekes24","description":""},"iawp_total_views":3},"product_brand":[],"product_cat":[32,8999,31,9219,9024],"product_tag":[],"class_list":{"0":"post-39399","1":"product","2":"type-product","3":"status-publish","4":"has-post-thumbnail","6":"product_cat-kitos-sunu-prekes","7":"product_cat-sunims","8":"product_cat-sunu-prekiu-gamintojai","9":"product_cat-trixie-sunims","10":"product_cat-zaislai-sunims","11":"pa_prekiu-zenklai-trixie","12":"pa_zaislo-tipas-kramtymui","14":"first","15":"instock","16":"featured","17":"taxable","18":"shipping-taxable","19":"purchasable","20":"product-type-simple"},"acf":[],"_links":{"self":[{"href":"https:\/\/zooprekes24.lt\/et\/wp-json\/wp\/v2\/product\/39399","targetHints":{"allow":["GET"]}}],"collection":[{"href":"https:\/\/zooprekes24.lt\/et\/wp-json\/wp\/v2\/product"}],"about":[{"href":"https:\/\/zooprekes24.lt\/et\/wp-json\/wp\/v2\/types\/product"}],"replies":[{"embeddable":true,"href":"https:\/\/zooprekes24.lt\/et\/wp-json\/wp\/v2\/comments?post=39399"}],"wp:featuredmedia":[{"embeddable":true,"href":"https:\/\/zooprekes24.lt\/et\/wp-json\/wp\/v2\/media\/39400"}],"wp:attachment":[{"href":"https:\/\/zooprekes24.lt\/et\/wp-json\/wp\/v2\/media?parent=39399"}],"wp:term":[{"taxonomy":"product_brand","embeddable":true,"href":"https:\/\/zooprekes24.lt\/et\/wp-json\/wp\/v2\/product_brand?post=39399"},{"taxonomy":"product_cat","embeddable":true,"href":"https:\/\/zooprekes24.lt\/et\/wp-json\/wp\/v2\/product_cat?post=39399"},{"taxonomy":"product_tag","embeddable":true,"href":"https:\/\/zooprekes24.lt\/et\/wp-json\/wp\/v2\/product_tag?post=39399"}],"curies":[{"name":"wp","href":"https:\/\/api.w.org\/{rel}","templated":true}]}}