{"id":39345,"date":"2025-08-05T15:49:11","date_gmt":"2025-08-05T13:49:11","guid":{"rendered":"https:\/\/zooprekes24.lt\/?post_type=product&#038;p=39345"},"modified":"2025-08-07T11:07:32","modified_gmt":"2025-08-07T09:07:32","slug":"trixie-denta-fun-zaislas-sunims-kamuolys-ant-virves-masazuoja-dantenas-metu-skonio","status":"publish","type":"product","link":"https:\/\/zooprekes24.lt\/et\/produktas\/trixie-denta-fun-zaislas-sunims-kamuolys-ant-virves-masazuoja-dantenas-metu-skonio\/","title":{"rendered":"Trixie Denta Fun \u017eaislas \u0161unims kamuolys ant virv\u0117s, masa\u017euoja dantenas, m\u0117t\u0173 skonio"},"content":{"rendered":"","protected":false},"excerpt":{"rendered":"","protected":false},"featured_media":39346,"comment_status":"closed","ping_status":"closed","template":"","meta":{"_acf_changed":false,"slim_seo":{"title":"Trixie Denta Fun \u017eaislas \u0161unims kamuolys ant virv\u0117s, masa\u017euoja dantenas, m\u0117t\u0173 skonio - Zooprekes24","description":""},"iawp_total_views":11},"product_brand":[],"product_cat":[32,8999,31,9219,9024],"product_tag":[],"class_list":{"0":"post-39345","1":"product","2":"type-product","3":"status-publish","4":"has-post-thumbnail","6":"product_cat-kitos-sunu-prekes","7":"product_cat-sunims","8":"product_cat-sunu-prekiu-gamintojai","9":"product_cat-trixie-sunims","10":"product_cat-zaislai-sunims","11":"pa_prekiu-zenklai-trixie","12":"pa_zaislo-tipas-kramtymui","13":"pa_zaislo-tipas-metymui","14":"pa_zaislo-tipas-tampymui","16":"first","17":"instock","18":"featured","19":"taxable","20":"shipping-taxable","21":"purchasable","22":"product-type-simple"},"acf":[],"_links":{"self":[{"href":"https:\/\/zooprekes24.lt\/et\/wp-json\/wp\/v2\/product\/39345","targetHints":{"allow":["GET"]}}],"collection":[{"href":"https:\/\/zooprekes24.lt\/et\/wp-json\/wp\/v2\/product"}],"about":[{"href":"https:\/\/zooprekes24.lt\/et\/wp-json\/wp\/v2\/types\/product"}],"replies":[{"embeddable":true,"href":"https:\/\/zooprekes24.lt\/et\/wp-json\/wp\/v2\/comments?post=39345"}],"wp:featuredmedia":[{"embeddable":true,"href":"https:\/\/zooprekes24.lt\/et\/wp-json\/wp\/v2\/media\/39346"}],"wp:attachment":[{"href":"https:\/\/zooprekes24.lt\/et\/wp-json\/wp\/v2\/media?parent=39345"}],"wp:term":[{"taxonomy":"product_brand","embeddable":true,"href":"https:\/\/zooprekes24.lt\/et\/wp-json\/wp\/v2\/product_brand?post=39345"},{"taxonomy":"product_cat","embeddable":true,"href":"https:\/\/zooprekes24.lt\/et\/wp-json\/wp\/v2\/product_cat?post=39345"},{"taxonomy":"product_tag","embeddable":true,"href":"https:\/\/zooprekes24.lt\/et\/wp-json\/wp\/v2\/product_tag?post=39345"}],"curies":[{"name":"wp","href":"https:\/\/api.w.org\/{rel}","templated":true}]}}