{"id":39327,"date":"2025-08-05T15:08:24","date_gmt":"2025-08-05T13:08:24","guid":{"rendered":"https:\/\/zooprekes24.lt\/?post_type=product&#038;p=39327"},"modified":"2025-08-07T11:00:57","modified_gmt":"2025-08-07T09:00:57","slug":"trixie-bungee-dresuros-pele-sunims-su-amortizatoriumi-sviesiai-melyna-su-geltona","status":"publish","type":"product","link":"https:\/\/zooprekes24.lt\/et\/produktas\/trixie-bungee-dresuros-pele-sunims-su-amortizatoriumi-sviesiai-melyna-su-geltona\/","title":{"rendered":"Trixie Bungee dres\u016bros pel\u0117 \u0161unims su amortizatoriumi, \u0161viesiai m\u0117lyna su geltona"},"content":{"rendered":"","protected":false},"excerpt":{"rendered":"","protected":false},"featured_media":39328,"comment_status":"closed","ping_status":"closed","template":"","meta":{"_acf_changed":false,"slim_seo":{"title":"Trixie Bungee dres\u016bros pel\u0117 \u0161unims su amortizatoriumi, \u0161viesiai m\u0117lyna su geltona - Zooprekes24","description":""},"iawp_total_views":14},"product_brand":[],"product_cat":[32,8999,31,9219,9024],"product_tag":[],"class_list":{"0":"post-39327","1":"product","2":"type-product","3":"status-publish","4":"has-post-thumbnail","6":"product_cat-kitos-sunu-prekes","7":"product_cat-sunims","8":"product_cat-sunu-prekiu-gamintojai","9":"product_cat-trixie-sunims","10":"product_cat-zaislai-sunims","11":"pa_prekiu-zenklai-trixie","12":"pa_zaislo-tipas-dresiravimui","13":"pa_zaislo-tipas-metymui","14":"pa_zaislo-tipas-tampymui","16":"first","17":"instock","18":"featured","19":"taxable","20":"shipping-taxable","21":"purchasable","22":"product-type-simple"},"acf":[],"_links":{"self":[{"href":"https:\/\/zooprekes24.lt\/et\/wp-json\/wp\/v2\/product\/39327","targetHints":{"allow":["GET"]}}],"collection":[{"href":"https:\/\/zooprekes24.lt\/et\/wp-json\/wp\/v2\/product"}],"about":[{"href":"https:\/\/zooprekes24.lt\/et\/wp-json\/wp\/v2\/types\/product"}],"replies":[{"embeddable":true,"href":"https:\/\/zooprekes24.lt\/et\/wp-json\/wp\/v2\/comments?post=39327"}],"wp:featuredmedia":[{"embeddable":true,"href":"https:\/\/zooprekes24.lt\/et\/wp-json\/wp\/v2\/media\/39328"}],"wp:attachment":[{"href":"https:\/\/zooprekes24.lt\/et\/wp-json\/wp\/v2\/media?parent=39327"}],"wp:term":[{"taxonomy":"product_brand","embeddable":true,"href":"https:\/\/zooprekes24.lt\/et\/wp-json\/wp\/v2\/product_brand?post=39327"},{"taxonomy":"product_cat","embeddable":true,"href":"https:\/\/zooprekes24.lt\/et\/wp-json\/wp\/v2\/product_cat?post=39327"},{"taxonomy":"product_tag","embeddable":true,"href":"https:\/\/zooprekes24.lt\/et\/wp-json\/wp\/v2\/product_tag?post=39327"}],"curies":[{"name":"wp","href":"https:\/\/api.w.org\/{rel}","templated":true}]}}