{"id":39177,"date":"2025-08-01T13:17:31","date_gmt":"2025-08-01T11:17:31","guid":{"rendered":"https:\/\/zooprekes24.lt\/?post_type=product&#038;p=39177"},"modified":"2026-01-30T13:11:04","modified_gmt":"2026-01-30T11:11:04","slug":"trixie-flip-board-strategine-zaidimu-lenta-sunims-neslystanti","status":"publish","type":"product","link":"https:\/\/zooprekes24.lt\/et\/produktas\/trixie-flip-board-strategine-zaidimu-lenta-sunims-neslystanti\/","title":{"rendered":"Trixie Flip Board strategin\u0117 \u017eaidim\u0173 lenta \u0161unims, neslystanti"},"content":{"rendered":"","protected":false},"excerpt":{"rendered":"","protected":false},"featured_media":45032,"comment_status":"closed","ping_status":"closed","template":"","meta":{"_acf_changed":false,"slim_seo":{"title":"Trixie Flip Board strategin\u0117 \u017eaidim\u0173 lenta \u0161unims, neslystanti - Zooprekes24","description":""},"iawp_total_views":15},"product_brand":[],"product_cat":[32,8999,31,9219,9024],"product_tag":[],"class_list":{"0":"post-39177","1":"product","2":"type-product","3":"status-publish","4":"has-post-thumbnail","6":"product_cat-kitos-sunu-prekes","7":"product_cat-sunims","8":"product_cat-sunu-prekiu-gamintojai","9":"product_cat-trixie-sunims","10":"product_cat-zaislai-sunims","11":"pa_prekiu-zenklai-trixie","12":"pa_zaislo-tipas-lavinamasis","14":"first","15":"instock","16":"featured","17":"taxable","18":"shipping-taxable","19":"purchasable","20":"product-type-simple"},"acf":[],"_links":{"self":[{"href":"https:\/\/zooprekes24.lt\/et\/wp-json\/wp\/v2\/product\/39177","targetHints":{"allow":["GET"]}}],"collection":[{"href":"https:\/\/zooprekes24.lt\/et\/wp-json\/wp\/v2\/product"}],"about":[{"href":"https:\/\/zooprekes24.lt\/et\/wp-json\/wp\/v2\/types\/product"}],"replies":[{"embeddable":true,"href":"https:\/\/zooprekes24.lt\/et\/wp-json\/wp\/v2\/comments?post=39177"}],"wp:featuredmedia":[{"embeddable":true,"href":"https:\/\/zooprekes24.lt\/et\/wp-json\/wp\/v2\/media\/45032"}],"wp:attachment":[{"href":"https:\/\/zooprekes24.lt\/et\/wp-json\/wp\/v2\/media?parent=39177"}],"wp:term":[{"taxonomy":"product_brand","embeddable":true,"href":"https:\/\/zooprekes24.lt\/et\/wp-json\/wp\/v2\/product_brand?post=39177"},{"taxonomy":"product_cat","embeddable":true,"href":"https:\/\/zooprekes24.lt\/et\/wp-json\/wp\/v2\/product_cat?post=39177"},{"taxonomy":"product_tag","embeddable":true,"href":"https:\/\/zooprekes24.lt\/et\/wp-json\/wp\/v2\/product_tag?post=39177"}],"curies":[{"name":"wp","href":"https:\/\/api.w.org\/{rel}","templated":true}]}}