{"id":39144,"date":"2025-07-31T14:38:07","date_gmt":"2025-07-31T12:38:07","guid":{"rendered":"https:\/\/zooprekes24.lt\/?post_type=product&#038;p=39144"},"modified":"2025-08-01T14:12:51","modified_gmt":"2025-08-01T12:12:51","slug":"trixie-augintiniu-plauku-ir-puku-surinkimo-sepetys-su-uzdaru-valymo-stovu-baltas-su-pilku","status":"publish","type":"product","link":"https:\/\/zooprekes24.lt\/et\/produktas\/trixie-augintiniu-plauku-ir-puku-surinkimo-sepetys-su-uzdaru-valymo-stovu-baltas-su-pilku\/","title":{"rendered":"Trixie aksominis augintini\u0173 plauk\u0173 ir p\u016bk\u0173 surinkimo \u0161epetys su u\u017edaru valymo stovu, baltas su pilku"},"content":{"rendered":"","protected":false},"excerpt":{"rendered":"","protected":false},"featured_media":39145,"comment_status":"closed","ping_status":"closed","template":"","meta":{"_acf_changed":false,"slim_seo":{"title":"Trixie aksominis augintini\u0173 plauk\u0173 ir p\u016bk\u0173 surinkimo \u0161epetys su u\u017edaru valymo stovu, baltas su pilku - Zooprekes24","description":""},"iawp_total_views":20},"product_brand":[],"product_cat":[78,9005,83,25,32,8999,31,9219,9222],"product_tag":[],"class_list":{"0":"post-39144","1":"product","2":"type-product","3":"status-publish","4":"has-post-thumbnail","6":"product_cat-higiena-ir-prieziura-katems","7":"product_cat-higienos-ir-valymo-priemones","8":"product_cat-kaciu-prekiu-gamintojai","9":"product_cat-katems","10":"product_cat-kitos-sunu-prekes","11":"product_cat-sunims","12":"product_cat-sunu-prekiu-gamintojai","13":"product_cat-trixie-sunims","14":"product_cat-trixie-katems","15":"pa_prekiu-zenklai-trixie","17":"first","18":"instock","19":"featured","20":"taxable","21":"shipping-taxable","22":"purchasable","23":"product-type-simple"},"acf":[],"_links":{"self":[{"href":"https:\/\/zooprekes24.lt\/et\/wp-json\/wp\/v2\/product\/39144","targetHints":{"allow":["GET"]}}],"collection":[{"href":"https:\/\/zooprekes24.lt\/et\/wp-json\/wp\/v2\/product"}],"about":[{"href":"https:\/\/zooprekes24.lt\/et\/wp-json\/wp\/v2\/types\/product"}],"replies":[{"embeddable":true,"href":"https:\/\/zooprekes24.lt\/et\/wp-json\/wp\/v2\/comments?post=39144"}],"wp:featuredmedia":[{"embeddable":true,"href":"https:\/\/zooprekes24.lt\/et\/wp-json\/wp\/v2\/media\/39145"}],"wp:attachment":[{"href":"https:\/\/zooprekes24.lt\/et\/wp-json\/wp\/v2\/media?parent=39144"}],"wp:term":[{"taxonomy":"product_brand","embeddable":true,"href":"https:\/\/zooprekes24.lt\/et\/wp-json\/wp\/v2\/product_brand?post=39144"},{"taxonomy":"product_cat","embeddable":true,"href":"https:\/\/zooprekes24.lt\/et\/wp-json\/wp\/v2\/product_cat?post=39144"},{"taxonomy":"product_tag","embeddable":true,"href":"https:\/\/zooprekes24.lt\/et\/wp-json\/wp\/v2\/product_tag?post=39144"}],"curies":[{"name":"wp","href":"https:\/\/api.w.org\/{rel}","templated":true}]}}