{"id":39119,"date":"2025-07-31T13:10:59","date_gmt":"2025-07-31T11:10:59","guid":{"rendered":"https:\/\/zooprekes24.lt\/?post_type=product&#038;p=39119"},"modified":"2025-08-01T14:24:25","modified_gmt":"2025-08-01T12:24:25","slug":"trixie-nerudijancio-plieno-dubeneliu-komplektas-sunims-su-metaliniu-stovu-iv-dydziu","status":"publish","type":"product","link":"https:\/\/zooprekes24.lt\/et\/produktas\/trixie-nerudijancio-plieno-dubeneliu-komplektas-sunims-su-metaliniu-stovu-iv-dydziu\/","title":{"rendered":"Trixie ner\u016bdijan\u010dio plieno duben\u0117li\u0173 komplektas \u0161unims su metaliniu stovu, \u012fv. dyd\u017ei\u0173"},"content":{"rendered":"","protected":false},"excerpt":{"rendered":"","protected":false},"featured_media":39123,"comment_status":"closed","ping_status":"closed","template":"","meta":{"_acf_changed":false,"slim_seo":{"title":"Trixie ner\u016bdijan\u010dio plieno duben\u0117li\u0173 komplektas \u0161unims su metaliniu stovu, \u012fv. dyd\u017ei\u0173 - Zooprekes24","description":""},"iawp_total_views":10},"product_brand":[],"product_cat":[9057,32,8999,31,9219],"product_tag":[],"class_list":{"0":"post-39119","1":"product","2":"type-product","3":"status-publish","4":"has-post-thumbnail","6":"product_cat-dubeneliai-ir-girdyklos","7":"product_cat-kitos-sunu-prekes","8":"product_cat-sunims","9":"product_cat-sunu-prekiu-gamintojai","10":"product_cat-trixie-sunims","11":"pa_prekiu-zenklai-trixie","13":"first","14":"instock","15":"featured","16":"taxable","17":"shipping-taxable","18":"purchasable","19":"product-type-variable"},"acf":[],"_links":{"self":[{"href":"https:\/\/zooprekes24.lt\/et\/wp-json\/wp\/v2\/product\/39119","targetHints":{"allow":["GET"]}}],"collection":[{"href":"https:\/\/zooprekes24.lt\/et\/wp-json\/wp\/v2\/product"}],"about":[{"href":"https:\/\/zooprekes24.lt\/et\/wp-json\/wp\/v2\/types\/product"}],"replies":[{"embeddable":true,"href":"https:\/\/zooprekes24.lt\/et\/wp-json\/wp\/v2\/comments?post=39119"}],"wp:featuredmedia":[{"embeddable":true,"href":"https:\/\/zooprekes24.lt\/et\/wp-json\/wp\/v2\/media\/39123"}],"wp:attachment":[{"href":"https:\/\/zooprekes24.lt\/et\/wp-json\/wp\/v2\/media?parent=39119"}],"wp:term":[{"taxonomy":"product_brand","embeddable":true,"href":"https:\/\/zooprekes24.lt\/et\/wp-json\/wp\/v2\/product_brand?post=39119"},{"taxonomy":"product_cat","embeddable":true,"href":"https:\/\/zooprekes24.lt\/et\/wp-json\/wp\/v2\/product_cat?post=39119"},{"taxonomy":"product_tag","embeddable":true,"href":"https:\/\/zooprekes24.lt\/et\/wp-json\/wp\/v2\/product_tag?post=39119"}],"curies":[{"name":"wp","href":"https:\/\/api.w.org\/{rel}","templated":true}]}}