{"id":39057,"date":"2025-07-30T15:48:28","date_gmt":"2025-07-30T13:48:28","guid":{"rendered":"https:\/\/zooprekes24.lt\/?post_type=product&#038;p=39057"},"modified":"2026-04-20T09:52:27","modified_gmt":"2026-04-20T07:52:27","slug":"quattro-sterilised-salmon-sausas-maistas-katems","status":"publish","type":"product","link":"https:\/\/zooprekes24.lt\/et\/produktas\/quattro-sterilised-salmon-sausas-maistas-katems\/","title":{"rendered":"Quattro Sterilised Salmon sausas maistas kat\u0117ms"},"content":{"rendered":"<h3>Quattro Sterilised Salmon &#8211; Super Premium klas\u0117s, visavertis suaugusi\u0173, sterilizuot\u0173 ka\u010di\u0173 maistas su gard\u017eia la\u0161i\u0161a. \u0116dalas pagamintas naudojant inovatyvi\u0105 &#8222;freeze-dried meat coated&#8221; technologij\u0105. \u0160io i\u0161skirtinio sprendimo pagalba kiekviena pa\u0161aro granul\u0117 padengiama nat\u016bralia liofilizuota m\u0117sa, ne tik praturtinan\u010dia <a href=\"https:\/\/www.youtube.com\/watch?v=nHBX0FeuZ9w\" target=\"_blank\" rel=\"noopener\">Quattro<\/a> looduslikult s\u00e4ilinud toitainetega s\u00f6\u00f6t, mis on ka suurep\u00e4rase s\u00f6\u00f6misomadusega.<\/h3>\n<ul>\n<li>100 % Norvegi\u0161ka la\u0161i\u0161a.<\/li>\n<li>\n<div>82 % baltym\u0173 i\u0161 gyv\u016bnin\u0117s kilm\u0117s ingredient\u0173 &#8211; raumen\u0173 tonusui ir energijai.<\/div>\n<\/li>\n<li>\n<div>23 % la\u0161i\u0161os milt\u0173 + 2 % la\u0161i\u0161os aliejaus + liofilizuota la\u0161i\u0161a &#8211; tikra \u0161vent\u0117 \u017euvies m\u0117g\u0117jams.<\/div>\n<\/li>\n<li>\n<div>Granul\u0117 padengta \u0161altyje d\u017eiovinta la\u0161i\u0161a &#8211; i\u0161skirtinis skonis net i\u0161rankiausioms kat\u0117ms.<\/div>\n<\/li>\n<li>\n<div>Nat\u016bral\u016bs prebiotikai (MOS ir FOS) &#8211; palaiko sveik\u0105 \u017earnyno mikroflor\u0105.<\/div>\n<\/li>\n<li>\n<div>Svorio kontrolei &#8211; L-karnitinas ir augalin\u0117s kilm\u0117s skaidulos skatina riebal\u0173 apykait\u0105 ir suteikia sotumo jausm\u0105 be papildom\u0173 kalorij\u0173.<\/div>\n<\/li>\n<li>\n<div>Odos ir kailio prie\u017ei\u016bra &#8211; la\u0161i\u0161\u0173 aliejus, lin\u0173 s\u0117menys, cinkas, B grup\u0117s vitaminai maitina od\u0105 ir suteikia kailiui \u017evilgesio.<\/div>\n<\/li>\n<li>\n<div>Plauk\u0173 kamuoliuk\u0173 kontrolei &#8211; celiulioz\u0117 padeda pa\u0161alinti plaukus per vir\u0161kinimo trakt\u0105.<\/div>\n<\/li>\n<li>\n<div>\u0160lapimo tak\u0173 sveikatai &#8211; DL-metioninas ir subalansuotas mineral\u0173 kiekis palaiko \u0161lapimo sistemos gerov\u0119.<\/div>\n<\/li>\n<\/ul>","protected":false},"excerpt":{"rendered":"<p>Quattro Sterilised Salmon &#8211; Super Premium klas\u0117s, visavertis suaugusi\u0173, sterilizuot\u0173 ka\u010di\u0173 maistas su gard\u017eia la\u0161i\u0161a. \u0116dalas pagamintas naudojant inovatyvi\u0105 &#8222;freeze-dried meat coated&#8221; technologij\u0105. \u0160io i\u0161skirtinio sprendimo pagalba kiekviena pa\u0161aro granul\u0117 padengiama nat\u016bralia liofilizuota m\u0117sa, ne tik praturtinan\u010dia Quattro pa\u0161arus nat\u016braliai i\u0161saugotomis maistin\u0117mis med\u017eiagomis, bet ir u\u017etikrinan\u010dia puiku produkto \u0117damum\u0105. 100 % Norvegi\u0161ka la\u0161i\u0161a. 82 %&#8230;<\/p>","protected":false},"featured_media":39062,"comment_status":"closed","ping_status":"closed","template":"","meta":{"_acf_changed":false,"slim_seo":{"title":"Quattro Sterilised Salmon sausas maistas kat\u0117ms - Zooprekes24","description":"Quattro Sterilised Salmon - Super Premium klas\u0117s, visavertis suaugusi\u0173, sterilizuot\u0173 ka\u010di\u0173 maistas su gard\u017eia la\u0161i\u0161a. \u0116dalas pagamintas naudojant inovatyvi\u0105 \"fr"},"iawp_total_views":92},"product_brand":[],"product_cat":[72,83,25,9052,9016],"product_tag":[1675,1682,1696],"class_list":{"0":"post-39057","1":"product","2":"type-product","3":"status-publish","4":"has-post-thumbnail","6":"product_cat-kaciu-maistas","7":"product_cat-kaciu-prekiu-gamintojai","8":"product_cat-katems","9":"product_cat-quattro-katems","10":"product_cat-sausas-maistas-kaciu-maistas","11":"product_tag-kaciu-edalas","12":"product_tag-kaciu-maistas-super-premium-klases","13":"product_tag-super-premium-maistas-katems","14":"pa_pasaro-sudetis-lasisa","15":"pa_pasaro-sudetis-zuvis","16":"pa_prekiu-zenklai-quattro","18":"first","19":"instock","20":"sale","21":"featured","22":"taxable","23":"shipping-taxable","24":"purchasable","25":"product-type-variable"},"acf":[],"_links":{"self":[{"href":"https:\/\/zooprekes24.lt\/et\/wp-json\/wp\/v2\/product\/39057","targetHints":{"allow":["GET"]}}],"collection":[{"href":"https:\/\/zooprekes24.lt\/et\/wp-json\/wp\/v2\/product"}],"about":[{"href":"https:\/\/zooprekes24.lt\/et\/wp-json\/wp\/v2\/types\/product"}],"replies":[{"embeddable":true,"href":"https:\/\/zooprekes24.lt\/et\/wp-json\/wp\/v2\/comments?post=39057"}],"wp:featuredmedia":[{"embeddable":true,"href":"https:\/\/zooprekes24.lt\/et\/wp-json\/wp\/v2\/media\/39062"}],"wp:attachment":[{"href":"https:\/\/zooprekes24.lt\/et\/wp-json\/wp\/v2\/media?parent=39057"}],"wp:term":[{"taxonomy":"product_brand","embeddable":true,"href":"https:\/\/zooprekes24.lt\/et\/wp-json\/wp\/v2\/product_brand?post=39057"},{"taxonomy":"product_cat","embeddable":true,"href":"https:\/\/zooprekes24.lt\/et\/wp-json\/wp\/v2\/product_cat?post=39057"},{"taxonomy":"product_tag","embeddable":true,"href":"https:\/\/zooprekes24.lt\/et\/wp-json\/wp\/v2\/product_tag?post=39057"}],"curies":[{"name":"wp","href":"https:\/\/api.w.org\/{rel}","templated":true}]}}