{"id":39053,"date":"2025-07-30T15:30:49","date_gmt":"2025-07-30T13:30:49","guid":{"rendered":"https:\/\/zooprekes24.lt\/?post_type=product&#038;p=39053"},"modified":"2026-04-20T09:05:52","modified_gmt":"2026-04-20T07:05:52","slug":"quattro-all-breed-sport-duck-begrudis-sausas-maistas-sunims","status":"publish","type":"product","link":"https:\/\/zooprekes24.lt\/et\/produktas\/quattro-all-breed-sport-duck-begrudis-sausas-maistas-sunims\/","title":{"rendered":"Quattro All Breed Sport Duck begr\u016bdis sausas maistas \u0161unims"},"content":{"rendered":"<h3>Quattro All Breed Sport Duck &#8211; sausas begr\u016bdis pa\u0161aras su antiena, skirtas vis\u0173 veisli\u0173 aktyviems suaugusiems \u0161unims. Puikus pasirinkimas sportuojantiems, med\u017eiokliniams ar \u0161unims gelb\u0117tojams.\u00a0Maistas pagamintas naudojant inovatyvi\u0105 &#8222;freeze-dried meat coated&#8221; technologij\u0105. \u0160io i\u0161skirtinio sprendimo pagalba kiekviena pa\u0161aro granul\u0117 padengiama nat\u016bralia liofilizuota m\u0117sa, ne tik praturtinan\u010dia <a href=\"https:\/\/www.youtube.com\/watch?v=nHBX0FeuZ9w\" target=\"_blank\" rel=\"noopener\">Quattro<\/a> looduslikult s\u00e4ilinud toitainetega s\u00f6\u00f6t, mis on ka suurep\u00e4rase s\u00f6\u00f6misomadusega.<\/h3>\n<div class=\"food-feature\">\n<div class=\"food-feature\">\n<div class=\"big\">\n<div class=\"big\">\n<ul>\n<li>\n<div>89 % baltym\u0173 i\u0161 gyv\u016bnin\u0117s kilm\u0117s ingredient\u0173 &#8211; raumen\u0173 masei ir energijai.<\/div>\n<\/li>\n<li>\n<div>Be gr\u016bd\u0173, be GMO, be glitimo &#8211; idealiai tinka jautriam vir\u0161kinimui.<\/div>\n<\/li>\n<li>\n<div>\u201eFreeze-dried meat coated&#8221; technologija &#8211; kiekviena granul\u0117 padengta liofilizuota m\u0117sa geresniam skonio patrauklumui.<\/div>\n<\/li>\n<li>\n<div>Pilnas maistini\u0173 med\u017eiag\u0173 spektras &#8211; naudojamos visos gyv\u016bno dalys: m\u0117sa, kaulai, kremzl\u0117s ir organai.<\/div>\n<\/li>\n<li>\n<div>S\u0105nari\u0173 palaikymas &#8211; gliukozaminas, chondroitinas, omega-3.<\/div>\n<\/li>\n<li>\n<div>Odos ir kailio sveikatai &#8211; la\u0161i\u0161\u0173 aliejus, lin\u0173 s\u0117menys, cinkas.<\/div>\n<\/li>\n<li>\n<div>Prebiotikai (MOS, FOS), inulinas &#8211; \u017earnyno mikrofloros balansui.<\/div>\n<\/li>\n<li>\n<div>Auk\u0161ta energin\u0117 vert\u0117 &#8211; daugiau nei 4000 kcal\/kg.<\/div>\n<\/li>\n<\/ul>\n<\/div>\n<\/div>\n<\/div>\n<\/div>","protected":false},"excerpt":{"rendered":"<p>Quattro All Breed Sport Duck &#8211; sausas begr\u016bdis pa\u0161aras su antiena, skirtas vis\u0173 veisli\u0173 aktyviems suaugusiems \u0161unims. Puikus pasirinkimas sportuojantiems, med\u017eiokliniams ar \u0161unims gelb\u0117tojams.\u00a0Maistas pagamintas naudojant inovatyvi\u0105 &#8222;freeze-dried meat coated&#8221; technologij\u0105. \u0160io i\u0161skirtinio sprendimo pagalba kiekviena pa\u0161aro granul\u0117 padengiama nat\u016bralia liofilizuota m\u0117sa, ne tik praturtinan\u010dia Quattro pa\u0161arus nat\u016braliai i\u0161saugotomis maistin\u0117mis med\u017eiagomis, bet ir u\u017etikrinan\u010dia puiku&#8230;<\/p>","protected":false},"featured_media":39056,"comment_status":"closed","ping_status":"closed","template":"","meta":{"_acf_changed":false,"slim_seo":{"title":"Quattro All Breed Sport Duck begr\u016bdis sausas maistas \u0161unims - Zooprekes24","description":"Quattro All Breed Sport Duck - sausas begr\u016bdis pa\u0161aras su antiena, skirtas vis\u0173 veisli\u0173 aktyviems suaugusiems \u0161unims. Puikus pasirinkimas sportuojantiems, med\u017ei"},"iawp_total_views":72},"product_brand":[],"product_cat":[9001,9055,9076,9002,8999,29,31],"product_tag":[175,176,177,743,751,200],"class_list":{"0":"post-39053","1":"product","2":"type-product","3":"status-publish","4":"has-post-thumbnail","6":"product_cat-begrudis-maistas","7":"product_cat-isdziovintas-saltyje-maistas","8":"product_cat-quattro-sunims","9":"product_cat-sausas-maistas","10":"product_cat-sunims","11":"product_cat-sunu-maistas","12":"product_cat-sunu-prekiu-gamintojai","13":"product_tag-begrudis-maistas-sunims","14":"product_tag-begrudis-sunu-maistas","15":"product_tag-edalas-sunims","16":"product_tag-isdziovintas-saltyje-maistas","17":"product_tag-quattro-isdziovintas-saltyje","18":"product_tag-super-premium-maistas-sunims","19":"pa_pasaro-sudetis-antiena","20":"pa_prekiu-zenklai-quattro","21":"pa_suns-amzius-suaugusiems","22":"pa_veisles-dydis-didelems-veislems","23":"pa_veisles-dydis-mazoms-veislems","24":"pa_veisles-dydis-vidutinems-veislems","25":"pa_veisles-dydis-visu-dydziu-veislems","27":"first","28":"instock","29":"sale","30":"featured","31":"taxable","32":"shipping-taxable","33":"purchasable","34":"product-type-variable"},"acf":[],"_links":{"self":[{"href":"https:\/\/zooprekes24.lt\/et\/wp-json\/wp\/v2\/product\/39053","targetHints":{"allow":["GET"]}}],"collection":[{"href":"https:\/\/zooprekes24.lt\/et\/wp-json\/wp\/v2\/product"}],"about":[{"href":"https:\/\/zooprekes24.lt\/et\/wp-json\/wp\/v2\/types\/product"}],"replies":[{"embeddable":true,"href":"https:\/\/zooprekes24.lt\/et\/wp-json\/wp\/v2\/comments?post=39053"}],"wp:featuredmedia":[{"embeddable":true,"href":"https:\/\/zooprekes24.lt\/et\/wp-json\/wp\/v2\/media\/39056"}],"wp:attachment":[{"href":"https:\/\/zooprekes24.lt\/et\/wp-json\/wp\/v2\/media?parent=39053"}],"wp:term":[{"taxonomy":"product_brand","embeddable":true,"href":"https:\/\/zooprekes24.lt\/et\/wp-json\/wp\/v2\/product_brand?post=39053"},{"taxonomy":"product_cat","embeddable":true,"href":"https:\/\/zooprekes24.lt\/et\/wp-json\/wp\/v2\/product_cat?post=39053"},{"taxonomy":"product_tag","embeddable":true,"href":"https:\/\/zooprekes24.lt\/et\/wp-json\/wp\/v2\/product_tag?post=39053"}],"curies":[{"name":"wp","href":"https:\/\/api.w.org\/{rel}","templated":true}]}}