{"id":39030,"date":"2025-07-30T14:26:03","date_gmt":"2025-07-30T12:26:03","guid":{"rendered":"https:\/\/zooprekes24.lt\/?post_type=product&#038;p=39030"},"modified":"2025-08-01T14:43:44","modified_gmt":"2025-08-01T12:43:44","slug":"trixie-keramikinis-dubeneliu-komplektas-augintiniams-su-juodu-metaliniu-stovu-tamsiai-melynos-ir-pilkos-spalvos","status":"publish","type":"product","link":"https:\/\/zooprekes24.lt\/et\/produktas\/trixie-keramikinis-dubeneliu-komplektas-augintiniams-su-juodu-metaliniu-stovu-tamsiai-melynos-ir-pilkos-spalvos\/","title":{"rendered":"Trixie keramikinis duben\u0117li\u0173 komplektas augintiniams su juodu metaliniu stovu, tamsiai m\u0117lynos ir pilkos spalvos"},"content":{"rendered":"","protected":false},"excerpt":{"rendered":"","protected":false},"featured_media":39033,"comment_status":"closed","ping_status":"closed","template":"","meta":{"_acf_changed":false,"slim_seo":{"title":"Trixie keramikinis duben\u0117li\u0173 komplektas augintiniams su juodu metaliniu stovu, tamsiai m\u0117lynos ir pilkos spalvos - Zooprekes24","description":""},"iawp_total_views":20},"product_brand":[],"product_cat":[9057,9140,83,25,104,32,8999,31,9222,9219],"product_tag":[],"class_list":{"0":"post-39030","1":"product","2":"type-product","3":"status-publish","4":"has-post-thumbnail","6":"product_cat-dubeneliai-ir-girdyklos","7":"product_cat-dubeneliai-ir-girdyklos-kitos-kaciu-prekes","8":"product_cat-kaciu-prekiu-gamintojai","9":"product_cat-katems","10":"product_cat-kitos-kaciu-prekes","11":"product_cat-kitos-sunu-prekes","12":"product_cat-sunims","13":"product_cat-sunu-prekiu-gamintojai","14":"product_cat-trixie-katems","15":"product_cat-trixie-sunims","16":"pa_prekiu-zenklai-trixie","18":"first","19":"instock","20":"featured","21":"taxable","22":"shipping-taxable","23":"purchasable","24":"product-type-simple"},"acf":[],"_links":{"self":[{"href":"https:\/\/zooprekes24.lt\/et\/wp-json\/wp\/v2\/product\/39030","targetHints":{"allow":["GET"]}}],"collection":[{"href":"https:\/\/zooprekes24.lt\/et\/wp-json\/wp\/v2\/product"}],"about":[{"href":"https:\/\/zooprekes24.lt\/et\/wp-json\/wp\/v2\/types\/product"}],"replies":[{"embeddable":true,"href":"https:\/\/zooprekes24.lt\/et\/wp-json\/wp\/v2\/comments?post=39030"}],"wp:featuredmedia":[{"embeddable":true,"href":"https:\/\/zooprekes24.lt\/et\/wp-json\/wp\/v2\/media\/39033"}],"wp:attachment":[{"href":"https:\/\/zooprekes24.lt\/et\/wp-json\/wp\/v2\/media?parent=39030"}],"wp:term":[{"taxonomy":"product_brand","embeddable":true,"href":"https:\/\/zooprekes24.lt\/et\/wp-json\/wp\/v2\/product_brand?post=39030"},{"taxonomy":"product_cat","embeddable":true,"href":"https:\/\/zooprekes24.lt\/et\/wp-json\/wp\/v2\/product_cat?post=39030"},{"taxonomy":"product_tag","embeddable":true,"href":"https:\/\/zooprekes24.lt\/et\/wp-json\/wp\/v2\/product_tag?post=39030"}],"curies":[{"name":"wp","href":"https:\/\/api.w.org\/{rel}","templated":true}]}}