{"id":38980,"date":"2025-07-30T12:26:43","date_gmt":"2025-07-30T10:26:43","guid":{"rendered":"https:\/\/zooprekes24.lt\/?post_type=product&#038;p=38980"},"modified":"2025-07-31T15:49:07","modified_gmt":"2025-07-31T13:49:07","slug":"trixie-minkstas-antsnukis-su-tinkleliu-sunims-iv-dydziu-juodas","status":"publish","type":"product","link":"https:\/\/zooprekes24.lt\/et\/produktas\/trixie-minkstas-antsnukis-su-tinkleliu-sunims-iv-dydziu-juodas\/","title":{"rendered":"Trixie mink\u0161tas antsnukis su tinkleliu \u0161unims, \u012fv. dyd\u017ei\u0173, juodas"},"content":{"rendered":"<p>I\u0161matavimai:<\/p>\n<ul>\n<li><strong>XS-S:<\/strong> vidin\u0117 antsnukio apimtis: 15-20 cm, tinklin\u0117s dalies ilgis: 3,7 cm,<\/li>\n<li><strong>S-M:<\/strong> vidin\u0117 antsnukio apimtis: 17-23 cm, tinklin\u0117s dalies ilgis: 4,3 cm,<\/li>\n<li><strong>M:<\/strong> vidin\u0117 antsnukio apimtis: 19-26 cm, tinklin\u0117s dalies ilgis: 4,6 cm,<\/li>\n<li><strong>M-L:<\/strong> vidin\u0117 antsnukio apimtis: 23-31 cm, tinklin\u0117s dalies ilgis: 5,9 cm,<\/li>\n<li><strong>L-XL:<\/strong> vidin\u0117 antsnukio apimtis: 24-34 cm, tinklin\u0117s dalies ilgis: 6,4 cm.<\/li>\n<\/ul>","protected":false},"excerpt":{"rendered":"<p>I\u0161matavimai: XS-S: vidin\u0117 antsnukio apimtis: 15-20 cm, tinklin\u0117s dalies ilgis: 3,7 cm, S-M: vidin\u0117 antsnukio apimtis: 17-23 cm, tinklin\u0117s dalies ilgis: 4,3 cm, M: vidin\u0117 antsnukio apimtis: 19-26 cm, tinklin\u0117s dalies ilgis: 4,6 cm, M-L: vidin\u0117 antsnukio apimtis: 23-31 cm, tinklin\u0117s dalies ilgis: 5,9 cm, L-XL: vidin\u0117 antsnukio apimtis: 24-34 cm, tinklin\u0117s dalies ilgis: 6,4&#8230;<\/p>","protected":false},"featured_media":38990,"comment_status":"closed","ping_status":"closed","template":"","meta":{"_acf_changed":false,"slim_seo":{"title":"Trixie mink\u0161tas antsnukis su tinkleliu \u0161unims, \u012fv. dyd\u017ei\u0173, juodas - Zooprekes24","description":"I\u0161matavimai: XS-S: vidin\u0117 antsnukio apimtis: 15-20 cm, tinklin\u0117s dalies ilgis: 3,7 cm, S-M: vidin\u0117 antsnukio apimtis: 17-23 cm, tinklin\u0117s dalies ilgis: 4,3 cm,"},"iawp_total_views":15},"product_brand":[],"product_cat":[32,9074,8999,31,9219],"product_tag":[],"class_list":{"0":"post-38980","1":"product","2":"type-product","3":"status-publish","4":"has-post-thumbnail","6":"product_cat-kitos-sunu-prekes","7":"product_cat-pavadeliai-antsnukiai-petnesos","8":"product_cat-sunims","9":"product_cat-sunu-prekiu-gamintojai","10":"product_cat-trixie-sunims","11":"pa_prekiu-zenklai-trixie","12":"pa_veisles-dydis-didelems-veislems","13":"pa_veisles-dydis-mazoms-veislems","14":"pa_veisles-dydis-vidutinems-veislems","15":"pa_veisles-dydis-visu-dydziu-veislems","17":"first","18":"instock","19":"featured","20":"taxable","21":"shipping-taxable","22":"purchasable","23":"product-type-variable"},"acf":[],"_links":{"self":[{"href":"https:\/\/zooprekes24.lt\/et\/wp-json\/wp\/v2\/product\/38980","targetHints":{"allow":["GET"]}}],"collection":[{"href":"https:\/\/zooprekes24.lt\/et\/wp-json\/wp\/v2\/product"}],"about":[{"href":"https:\/\/zooprekes24.lt\/et\/wp-json\/wp\/v2\/types\/product"}],"replies":[{"embeddable":true,"href":"https:\/\/zooprekes24.lt\/et\/wp-json\/wp\/v2\/comments?post=38980"}],"wp:featuredmedia":[{"embeddable":true,"href":"https:\/\/zooprekes24.lt\/et\/wp-json\/wp\/v2\/media\/38990"}],"wp:attachment":[{"href":"https:\/\/zooprekes24.lt\/et\/wp-json\/wp\/v2\/media?parent=38980"}],"wp:term":[{"taxonomy":"product_brand","embeddable":true,"href":"https:\/\/zooprekes24.lt\/et\/wp-json\/wp\/v2\/product_brand?post=38980"},{"taxonomy":"product_cat","embeddable":true,"href":"https:\/\/zooprekes24.lt\/et\/wp-json\/wp\/v2\/product_cat?post=38980"},{"taxonomy":"product_tag","embeddable":true,"href":"https:\/\/zooprekes24.lt\/et\/wp-json\/wp\/v2\/product_tag?post=38980"}],"curies":[{"name":"wp","href":"https:\/\/api.w.org\/{rel}","templated":true}]}}