{"id":38947,"date":"2025-07-30T11:14:59","date_gmt":"2025-07-30T09:14:59","guid":{"rendered":"https:\/\/zooprekes24.lt\/?post_type=product&#038;p=38947"},"modified":"2025-07-31T13:39:48","modified_gmt":"2025-07-31T11:39:48","slug":"trixie-plastikinis-antsnukis-sunims-iv-dydziu-juodas","status":"publish","type":"product","link":"https:\/\/zooprekes24.lt\/et\/produktas\/trixie-plastikinis-antsnukis-sunims-iv-dydziu-juodas\/","title":{"rendered":"Trixie plastikinis antsnukis \u0161unims, \u012fv. dyd\u017ei\u0173, juodas"},"content":{"rendered":"<p>I\u0161matavimai:<\/p>\n<ul>\n<li><strong data-start=\"61\" data-end=\"67\">XS<\/strong><span><strong>:<\/strong> vidin\u0117 antsnukio apimtis &#8211; 15 cm, vir\u0161utin\u0117s dalies ilgis &#8211; 3,5 cm,<\/span><\/li>\n<li><strong data-start=\"138\" data-end=\"143\">S<\/strong><span><strong>:<\/strong> vidin\u0117 antsnukio apimtis &#8211; 18 cm, vir\u0161utin\u0117s dalies ilgis &#8211; 5 cm,<\/span><\/li>\n<li><strong data-start=\"212\" data-end=\"219\" data-is-only-node=\"\">S-M<\/strong><span><strong>:<\/strong> vidin\u0117 antsnukio apimtis &#8211; 22 cm, vir\u0161utin\u0117s dalies ilgis &#8211; 5,6 cm,<\/span><\/li>\n<li><strong data-start=\"290\" data-end=\"295\">M<\/strong><span><strong>:<\/strong> vidin\u0117 antsnukio apimtis &#8211; 23,5 cm, vir\u0161utin\u0117s dalies ilgis &#8211; 6,6 cm,<\/span><\/li>\n<li><strong data-start=\"368\" data-end=\"375\">M-L<\/strong><span><strong>:<\/strong> vidin\u0117 antsnukio apimtis &#8211; 26 cm, vir\u0161utin\u0117s dalies ilgis &#8211; 7 cm,<\/span><\/li>\n<li><strong data-start=\"444\" data-end=\"449\">L<\/strong><span><strong>:<\/strong> vidin\u0117 antsnukio apimtis &#8211; 32 cm, vir\u0161utin\u0117s dalies ilgis &#8211; 8 cm,<\/span><\/li>\n<li><strong data-start=\"518\" data-end=\"526\">L-XL<\/strong><span><strong>:<\/strong> vidin\u0117 antsnukio apimtis &#8211; 35 cm, vir\u0161utin\u0117s dalies ilgis &#8211; 8,9 cm.<\/span><\/li>\n<\/ul>","protected":false},"excerpt":{"rendered":"<p>I\u0161matavimai: XS: vidin\u0117 antsnukio apimtis &#8211; 15 cm, vir\u0161utin\u0117s dalies ilgis &#8211; 3,5 cm, S: vidin\u0117 antsnukio apimtis &#8211; 18 cm, vir\u0161utin\u0117s dalies ilgis &#8211; 5 cm, S-M: vidin\u0117 antsnukio apimtis &#8211; 22 cm, vir\u0161utin\u0117s dalies ilgis &#8211; 5,6 cm, M: vidin\u0117 antsnukio apimtis &#8211; 23,5 cm, vir\u0161utin\u0117s dalies ilgis &#8211; 6,6 cm, M-L: vidin\u0117&#8230;<\/p>","protected":false},"featured_media":38960,"comment_status":"closed","ping_status":"closed","template":"","meta":{"_acf_changed":false,"slim_seo":{"title":"Trixie plastikinis antsnukis \u0161unims, \u012fv. dyd\u017ei\u0173, juodas - Zooprekes24","description":"I\u0161matavimai: XS : vidin\u0117 antsnukio apimtis - 15 cm, vir\u0161utin\u0117s dalies ilgis - 3,5 cm, S : vidin\u0117 antsnukio apimtis - 18 cm, vir\u0161utin\u0117s dalies ilgis - 5 cm, S-M"},"iawp_total_views":78},"product_brand":[],"product_cat":[32,9074,8999,31,9219],"product_tag":[],"class_list":{"0":"post-38947","1":"product","2":"type-product","3":"status-publish","4":"has-post-thumbnail","6":"product_cat-kitos-sunu-prekes","7":"product_cat-pavadeliai-antsnukiai-petnesos","8":"product_cat-sunims","9":"product_cat-sunu-prekiu-gamintojai","10":"product_cat-trixie-sunims","11":"pa_prekiu-zenklai-trixie","12":"pa_veisles-dydis-didelems-veislems","13":"pa_veisles-dydis-mazoms-veislems","14":"pa_veisles-dydis-vidutinems-veislems","15":"pa_veisles-dydis-visu-dydziu-veislems","17":"first","18":"instock","19":"featured","20":"taxable","21":"shipping-taxable","22":"purchasable","23":"product-type-variable"},"acf":[],"_links":{"self":[{"href":"https:\/\/zooprekes24.lt\/et\/wp-json\/wp\/v2\/product\/38947","targetHints":{"allow":["GET"]}}],"collection":[{"href":"https:\/\/zooprekes24.lt\/et\/wp-json\/wp\/v2\/product"}],"about":[{"href":"https:\/\/zooprekes24.lt\/et\/wp-json\/wp\/v2\/types\/product"}],"replies":[{"embeddable":true,"href":"https:\/\/zooprekes24.lt\/et\/wp-json\/wp\/v2\/comments?post=38947"}],"wp:featuredmedia":[{"embeddable":true,"href":"https:\/\/zooprekes24.lt\/et\/wp-json\/wp\/v2\/media\/38960"}],"wp:attachment":[{"href":"https:\/\/zooprekes24.lt\/et\/wp-json\/wp\/v2\/media?parent=38947"}],"wp:term":[{"taxonomy":"product_brand","embeddable":true,"href":"https:\/\/zooprekes24.lt\/et\/wp-json\/wp\/v2\/product_brand?post=38947"},{"taxonomy":"product_cat","embeddable":true,"href":"https:\/\/zooprekes24.lt\/et\/wp-json\/wp\/v2\/product_cat?post=38947"},{"taxonomy":"product_tag","embeddable":true,"href":"https:\/\/zooprekes24.lt\/et\/wp-json\/wp\/v2\/product_tag?post=38947"}],"curies":[{"name":"wp","href":"https:\/\/api.w.org\/{rel}","templated":true}]}}