{"id":38934,"date":"2025-07-30T10:49:34","date_gmt":"2025-07-30T08:49:34","guid":{"rendered":"https:\/\/zooprekes24.lt\/?post_type=product&#038;p=38934"},"modified":"2025-07-31T13:34:41","modified_gmt":"2025-07-31T11:34:41","slug":"trixie-be-nordic-lietpaltis-sunims-iv-dydziu-tamsiai-melynas","status":"publish","type":"product","link":"https:\/\/zooprekes24.lt\/et\/produktas\/trixie-be-nordic-lietpaltis-sunims-iv-dydziu-tamsiai-melynas\/","title":{"rendered":"Trixie Be Nordic lietpaltis \u0161unims, \u012fv. dyd\u017ei\u0173, tamsiai m\u0117lynas"},"content":{"rendered":"<p>I\u0161matavimai:<\/p>\n<ul>\n<li><strong>XS:<\/strong> apimtis aplink pilv\u0105 24-41 cm, nugaros ilgis 30 cm,<\/li>\n<li><strong>S:<\/strong> apimtis aplink pilv\u0105 34-53 cm, nugaros ilgis 35 cm,<\/li>\n<li><strong>S:<\/strong> apimtis aplink pilv\u0105\u00a040-61 cm, nugaros ilgis 40 cm,<\/li>\n<li><strong>M:<\/strong> <span>apimtis aplink pilv\u0105 44-63 cm, nugaros ilgis 45 cm,<\/span><\/li>\n<li><strong>XL:<\/strong> <span>apimtis aplink pilv\u0105 80-105 cm, nugaros ilgis 70 cm.<\/span><\/li>\n<\/ul>","protected":false},"excerpt":{"rendered":"<p>I\u0161matavimai: XS: apimtis aplink pilv\u0105 24-41 cm, nugaros ilgis 30 cm, S: apimtis aplink pilv\u0105 34-53 cm, nugaros ilgis 35 cm, S: apimtis aplink pilv\u0105\u00a040-61 cm, nugaros ilgis 40 cm, M: apimtis aplink pilv\u0105 44-63 cm, nugaros ilgis 45 cm, XL: apimtis aplink pilv\u0105 80-105 cm, nugaros ilgis 70 cm.<\/p>","protected":false},"featured_media":38942,"comment_status":"closed","ping_status":"closed","template":"","meta":{"_acf_changed":false,"slim_seo":{"title":"Trixie Be Nordic lietpaltis \u0161unims, \u012fv. dyd\u017ei\u0173, tamsiai m\u0117lynas - Zooprekes24","description":"I\u0161matavimai: XS: apimtis aplink pilv\u0105 24-41 cm, nugaros ilgis 30 cm, S: apimtis aplink pilv\u0105 34-53 cm, nugaros ilgis 35 cm, S: apimtis aplink pilv\u0105\u00a040-61 cm, nu"},"iawp_total_views":48},"product_brand":[],"product_cat":[9079,32,8999,31,9219],"product_tag":[],"class_list":{"0":"post-38934","1":"product","2":"type-product","3":"status-publish","4":"has-post-thumbnail","6":"product_cat-drabuziai-ir-aksesuarai","7":"product_cat-kitos-sunu-prekes","8":"product_cat-sunims","9":"product_cat-sunu-prekiu-gamintojai","10":"product_cat-trixie-sunims","11":"pa_prekiu-zenklai-trixie","12":"pa_veisles-dydis-didelems-veislems","13":"pa_veisles-dydis-mazoms-veislems","14":"pa_veisles-dydis-vidutinems-veislems","15":"pa_veisles-dydis-visu-dydziu-veislems","17":"first","18":"instock","19":"featured","20":"taxable","21":"shipping-taxable","22":"purchasable","23":"product-type-variable"},"acf":[],"_links":{"self":[{"href":"https:\/\/zooprekes24.lt\/et\/wp-json\/wp\/v2\/product\/38934","targetHints":{"allow":["GET"]}}],"collection":[{"href":"https:\/\/zooprekes24.lt\/et\/wp-json\/wp\/v2\/product"}],"about":[{"href":"https:\/\/zooprekes24.lt\/et\/wp-json\/wp\/v2\/types\/product"}],"replies":[{"embeddable":true,"href":"https:\/\/zooprekes24.lt\/et\/wp-json\/wp\/v2\/comments?post=38934"}],"wp:featuredmedia":[{"embeddable":true,"href":"https:\/\/zooprekes24.lt\/et\/wp-json\/wp\/v2\/media\/38942"}],"wp:attachment":[{"href":"https:\/\/zooprekes24.lt\/et\/wp-json\/wp\/v2\/media?parent=38934"}],"wp:term":[{"taxonomy":"product_brand","embeddable":true,"href":"https:\/\/zooprekes24.lt\/et\/wp-json\/wp\/v2\/product_brand?post=38934"},{"taxonomy":"product_cat","embeddable":true,"href":"https:\/\/zooprekes24.lt\/et\/wp-json\/wp\/v2\/product_cat?post=38934"},{"taxonomy":"product_tag","embeddable":true,"href":"https:\/\/zooprekes24.lt\/et\/wp-json\/wp\/v2\/product_tag?post=38934"}],"curies":[{"name":"wp","href":"https:\/\/api.w.org\/{rel}","templated":true}]}}