{"id":38903,"date":"2025-07-29T13:47:17","date_gmt":"2025-07-29T11:47:17","guid":{"rendered":"https:\/\/zooprekes24.lt\/?post_type=product&#038;p=38903"},"modified":"2025-07-29T16:45:36","modified_gmt":"2025-07-29T14:45:36","slug":"trixie-lynas-suns-pririsimui-lauke-iv-dydziu-raudonas","status":"publish","type":"product","link":"https:\/\/zooprekes24.lt\/et\/produktas\/trixie-lynas-suns-pririsimui-lauke-iv-dydziu-raudonas\/","title":{"rendered":"Trixie lynas \u0161uns priri\u0161imui lauke, \u012fv. dyd\u017ei\u0173, raudonas"},"content":{"rendered":"","protected":false},"excerpt":{"rendered":"","protected":false},"featured_media":38906,"comment_status":"closed","ping_status":"closed","template":"","meta":{"_acf_changed":false,"slim_seo":{"title":"Trixie lynas \u0161uns priri\u0161imui lauke, \u012fv. dyd\u017ei\u0173, raudonas - Zooprekes24","description":""},"iawp_total_views":59},"product_brand":[],"product_cat":[9221,32,8999,31,9219],"product_tag":[],"class_list":{"0":"post-38903","1":"product","2":"type-product","3":"status-publish","4":"has-post-thumbnail","6":"product_cat-kelioniu-ir-isvyku-prekes-sunims","7":"product_cat-kitos-sunu-prekes","8":"product_cat-sunims","9":"product_cat-sunu-prekiu-gamintojai","10":"product_cat-trixie-sunims","11":"pa_prekiu-zenklai-trixie","13":"first","14":"instock","15":"featured","16":"taxable","17":"shipping-taxable","18":"purchasable","19":"product-type-variable"},"acf":[],"_links":{"self":[{"href":"https:\/\/zooprekes24.lt\/et\/wp-json\/wp\/v2\/product\/38903","targetHints":{"allow":["GET"]}}],"collection":[{"href":"https:\/\/zooprekes24.lt\/et\/wp-json\/wp\/v2\/product"}],"about":[{"href":"https:\/\/zooprekes24.lt\/et\/wp-json\/wp\/v2\/types\/product"}],"replies":[{"embeddable":true,"href":"https:\/\/zooprekes24.lt\/et\/wp-json\/wp\/v2\/comments?post=38903"}],"wp:featuredmedia":[{"embeddable":true,"href":"https:\/\/zooprekes24.lt\/et\/wp-json\/wp\/v2\/media\/38906"}],"wp:attachment":[{"href":"https:\/\/zooprekes24.lt\/et\/wp-json\/wp\/v2\/media?parent=38903"}],"wp:term":[{"taxonomy":"product_brand","embeddable":true,"href":"https:\/\/zooprekes24.lt\/et\/wp-json\/wp\/v2\/product_brand?post=38903"},{"taxonomy":"product_cat","embeddable":true,"href":"https:\/\/zooprekes24.lt\/et\/wp-json\/wp\/v2\/product_cat?post=38903"},{"taxonomy":"product_tag","embeddable":true,"href":"https:\/\/zooprekes24.lt\/et\/wp-json\/wp\/v2\/product_tag?post=38903"}],"curies":[{"name":"wp","href":"https:\/\/api.w.org\/{rel}","templated":true}]}}